{"id":585,"date":"2024-04-29T10:02:38","date_gmt":"2024-04-29T10:02:38","guid":{"rendered":"https:\/\/doctor.dotflorence.com\/servizi\/certificati-medico-sportivi\/"},"modified":"2024-06-17T15:09:51","modified_gmt":"2024-06-17T15:09:51","slug":"certificati-medico-sportivi","status":"publish","type":"page","link":"https:\/\/doctorflorenceh24.it\/it\/certificati-medico-sportivi\/","title":{"rendered":"Certificati Medico Sportivi"},"content":{"rendered":"\t\t<div data-elementor-type=\"wp-page\" data-elementor-id=\"585\" class=\"elementor elementor-585 elementor-453\" data-elementor-post-type=\"page\">\n\t\t\t\t<div class=\"elementor-element elementor-element-2c2243dd e-con-full e-flex e-con e-parent\" data-id=\"2c2243dd\" data-element_type=\"container\" data-settings=\"{&quot;jet_parallax_layout_list&quot;:[]}\">\n\t\t\t\t<div class=\"elementor-element elementor-element-a1f52d1 elementor-invisible elementor-has-bg-overlay elementor-widget elementor-widget-global elementor-global-232 elementor-widget-heading\" data-id=\"a1f52d1\" data-element_type=\"widget\" data-settings=\"{&quot;_animation&quot;:&quot;fadeInDown&quot;}\" data-widget_type=\"heading.default\">\n\t\t\t\t<div class=\"elementor-widget-container\">\n\t\t\t\t\t<h1 class=\"elementor-heading-title elementor-size-default\">Certificati Medico Sportivi<\/h1>\t\t\t\t<\/div>\n\t\t\t\t<\/div>\n\t\t\t\t<\/div>\n\t\t<div class=\"elementor-element elementor-element-7fd70878 e-flex e-con-boxed e-con e-parent\" data-id=\"7fd70878\" data-element_type=\"container\" data-settings=\"{&quot;jet_parallax_layout_list&quot;:[]}\">\n\t\t\t\t\t<div class=\"e-con-inner\">\n\t\t\t\t<div class=\"elementor-element elementor-element-7e2fa624 elementor-widget elementor-widget-text-editor\" data-id=\"7e2fa624\" data-element_type=\"widget\" data-widget_type=\"text-editor.default\">\n\t\t\t\t<div class=\"elementor-widget-container\">\n\t\t\t\t\t\t\t\t\t<h2><span style=\"font-weight: 400;\">DoctorFlorenceH24 anche per lo sport<\/span><\/h2>\n<p><span style=\"font-weight: 400;\">Il certificato medico sportivo non agonistico ha validit\u00e0 annuale ed \u00e8 necessario per tutti coloro i quali svolgono attivit\u00e0 sportive che non sono considerate agonistiche come palestra, piscina, scuola di ballo e attivit\u00e0 sportive in genere.<\/span><span style=\"font-weight: 400;\">\u00a0<\/span><\/p>\n<p><span style=\"font-weight: 400;\">Per il rilascio del certificato verr\u00e0 effettuata dal nostro medico una visita di controllo generale che comprende l\u2019esecuzione o la visione (se gi\u00e0 in possesso di uno recente) dell\u2019elettrocardiogramma a riposo (ECG).<\/span><\/p>\n<p><span style=\"font-weight: 400;\">Al fine di venire incontro alle necessit\u00e0 dei nostri pazienti siamo in grado di fornire appuntamenti per visite in diverse zone della citt\u00e0:<\/span><span style=\"font-weight: 400;\"><br \/>\n<\/span><\/p>\n<ul>\n<li style=\"font-weight: 400;\" aria-level=\"1\"><span style=\"font-weight: 400;\">Novoli in Via di Villa Demidoff 49;<\/span><\/li>\n<li style=\"font-weight: 400;\" aria-level=\"1\"><span style=\"font-weight: 400;\">Firenze Sud in via Quintino Sella 62r;<\/span><\/li>\n<li style=\"font-weight: 400;\" aria-level=\"1\"><span style=\"font-weight: 400;\">Zona stadio in Via Valcareggi 31;<\/span><\/li>\n<li style=\"font-weight: 400;\" aria-level=\"1\"><span style=\"font-weight: 400;\">Tutti i giorni in orari differenti che vanno dalla mattina presto al tardo pomeriggio nel nostro studio in centro in PIAZZA DELL\u2019UNITA\u2019 ITALIANA 7.<\/span><\/li>\n<\/ul>\n<h2><span style=\"font-weight: 400;\">Oltre a questo tipo di servizio il nostro staff propone anche la redazione di certificati<\/span><\/h2>\n<p><b>Certificati Anamnestici<\/b><span style=\"font-weight: 400;\"> necessari per determinate attivit\u00e0 lavorative, per il rinnovo o rilascio della patente di guida di svariato genere\u00a0 o per la licenza del porto d\u2019armi e\u00a0<\/span><\/p>\n<p><b>Certificati di Malattia<\/b><span style=\"font-weight: 400;\"> per tutti coloro che in caso di necessit\u00e0 e sprovvisti del medico di base abbiano necessit\u00e0 di documentazione dello stato di malattia, ai fini lavorativi o scolastici.<\/span><\/p>\n\t\t\t\t\t\t\t\t<\/div>\n\t\t\t\t<\/div>\n\t\t\t\t<div class=\"elementor-element elementor-element-6ee6efb elementor-widget elementor-widget-button\" data-id=\"6ee6efb\" data-element_type=\"widget\" data-widget_type=\"button.default\">\n\t\t\t\t<div class=\"elementor-widget-container\">\n\t\t\t\t\t\t\t\t\t<div class=\"elementor-button-wrapper\">\n\t\t\t\t\t<a class=\"elementor-button elementor-button-link elementor-size-sm\" href=\"tel:+390550107341\">\n\t\t\t\t\t\t<span class=\"elementor-button-content-wrapper\">\n\t\t\t\t\t\t\t\t\t<span class=\"elementor-button-text\">Chiama per maggiori informazioni<\/span>\n\t\t\t\t\t<\/span>\n\t\t\t\t\t<\/a>\n\t\t\t\t<\/div>\n\t\t\t\t\t\t\t\t<\/div>\n\t\t\t\t<\/div>\n\t\t\t\t\t<\/div>\n\t\t\t\t<\/div>\n\t\t\t\t<\/div>\n\t\t","protected":false},"excerpt":{"rendered":"<p>DoctorFlorenceH24 anche per lo sport. Lo svolgimento di attivit\u00e0 sportiva a livello non agonistico prevede un certificato con vista medico-sportiva e l\u2019esecuzione o la visione dell\u2019elettrocardiogramma a riposo (ECG).<\/p>\n","protected":false},"author":1,"featured_media":541,"parent":0,"menu_order":25,"comment_status":"closed","ping_status":"closed","template":"","meta":{"_acf_changed":false,"footnotes":""},"categories":[],"tags":[38,37],"class_list":["post-585","page","type-page","status-publish","has-post-thumbnail","hentry","tag-servizi","tag-fixed-nav-it"],"acf":[],"yoast_head":"<!-- This site is optimized with the Yoast SEO plugin v27.4 - https:\/\/yoast.com\/product\/yoast-seo-wordpress\/ -->\n<title>Certificati Medico Sportivi a Firenze | DoctorFlorenceh24<\/title>\n<meta name=\"description\" content=\"Lo svolgimento di attivit\u00e0 sportive a livello non agonistico richiede un certificato con vista medico-sportiva e l&#039;esecuzione o la visione dell&#039;elettrocardiogramma (ECG) a riposo.\" \/>\n<meta name=\"robots\" content=\"index, follow, max-snippet:-1, max-image-preview:large, max-video-preview:-1\" \/>\n<link rel=\"canonical\" href=\"https:\/\/doctorflorenceh24.it\/it\/certificati-medico-sportivi\/\" \/>\n<meta property=\"og:locale\" content=\"it_IT\" \/>\n<meta property=\"og:type\" content=\"article\" \/>\n<meta property=\"og:title\" content=\"Certificati Medico Sportivi a Firenze | DoctorFlorenceh24\" \/>\n<meta property=\"og:description\" content=\"Lo svolgimento di attivit\u00e0 sportive a livello non agonistico richiede un certificato con vista medico-sportiva e l&#039;esecuzione o la visione dell&#039;elettrocardiogramma (ECG) a riposo.\" \/>\n<meta property=\"og:url\" content=\"https:\/\/doctorflorenceh24.it\/it\/certificati-medico-sportivi\/\" \/>\n<meta property=\"og:site_name\" content=\"DoctorFlorenceh24\" \/>\n<meta property=\"article:publisher\" content=\"https:\/\/www.facebook.com\/doctortohome\" \/>\n<meta property=\"article:modified_time\" content=\"2024-06-17T15:09:51+00:00\" \/>\n<meta property=\"og:image\" content=\"https:\/\/doctorflorenceh24.it\/wp-content\/uploads\/shutterstock_618871682.jpg\" \/>\n\t<meta property=\"og:image:width\" content=\"1920\" \/>\n\t<meta property=\"og:image:height\" content=\"1280\" \/>\n\t<meta property=\"og:image:type\" content=\"image\/jpeg\" \/>\n<meta name=\"twitter:card\" content=\"summary_large_image\" \/>\n<meta name=\"twitter:label1\" content=\"Tempo di lettura stimato\" \/>\n\t<meta name=\"twitter:data1\" content=\"2 minuti\" \/>\n<script type=\"application\/ld+json\" class=\"yoast-schema-graph\">{\"@context\":\"https:\\\/\\\/schema.org\",\"@graph\":[{\"@type\":\"WebPage\",\"@id\":\"https:\\\/\\\/doctorflorenceh24.it\\\/it\\\/certificati-medico-sportivi\\\/\",\"url\":\"https:\\\/\\\/doctorflorenceh24.it\\\/it\\\/certificati-medico-sportivi\\\/\",\"name\":\"Certificati Medico Sportivi a Firenze | DoctorFlorenceh24\",\"isPartOf\":{\"@id\":\"https:\\\/\\\/doctorflorenceh24.it\\\/it\\\/#website\"},\"primaryImageOfPage\":{\"@id\":\"https:\\\/\\\/doctorflorenceh24.it\\\/it\\\/certificati-medico-sportivi\\\/#primaryimage\"},\"image\":{\"@id\":\"https:\\\/\\\/doctorflorenceh24.it\\\/it\\\/certificati-medico-sportivi\\\/#primaryimage\"},\"thumbnailUrl\":\"https:\\\/\\\/doctorflorenceh24.it\\\/wp-content\\\/uploads\\\/shutterstock_618871682.jpg\",\"datePublished\":\"2024-04-29T10:02:38+00:00\",\"dateModified\":\"2024-06-17T15:09:51+00:00\",\"description\":\"Lo svolgimento di attivit\u00e0 sportive a livello non agonistico richiede un certificato con vista medico-sportiva e l'esecuzione o la visione dell'elettrocardiogramma (ECG) a riposo.\",\"breadcrumb\":{\"@id\":\"https:\\\/\\\/doctorflorenceh24.it\\\/it\\\/certificati-medico-sportivi\\\/#breadcrumb\"},\"inLanguage\":\"it-IT\",\"potentialAction\":[{\"@type\":\"ReadAction\",\"target\":[\"https:\\\/\\\/doctorflorenceh24.it\\\/it\\\/certificati-medico-sportivi\\\/\"]}]},{\"@type\":\"ImageObject\",\"inLanguage\":\"it-IT\",\"@id\":\"https:\\\/\\\/doctorflorenceh24.it\\\/it\\\/certificati-medico-sportivi\\\/#primaryimage\",\"url\":\"https:\\\/\\\/doctorflorenceh24.it\\\/wp-content\\\/uploads\\\/shutterstock_618871682.jpg\",\"contentUrl\":\"https:\\\/\\\/doctorflorenceh24.it\\\/wp-content\\\/uploads\\\/shutterstock_618871682.jpg\",\"width\":1920,\"height\":1280,\"caption\":\"Medical-sports certificates\"},{\"@type\":\"BreadcrumbList\",\"@id\":\"https:\\\/\\\/doctorflorenceh24.it\\\/it\\\/certificati-medico-sportivi\\\/#breadcrumb\",\"itemListElement\":[{\"@type\":\"ListItem\",\"position\":1,\"name\":\"Home\",\"item\":\"https:\\\/\\\/doctorflorenceh24.it\\\/it\\\/\"},{\"@type\":\"ListItem\",\"position\":2,\"name\":\"Certificati Medico Sportivi\"}]},{\"@type\":\"WebSite\",\"@id\":\"https:\\\/\\\/doctorflorenceh24.it\\\/it\\\/#website\",\"url\":\"https:\\\/\\\/doctorflorenceh24.it\\\/it\\\/\",\"name\":\"DoctorFlorenceh24\",\"description\":\"\",\"publisher\":{\"@id\":\"https:\\\/\\\/doctorflorenceh24.it\\\/it\\\/#organization\"},\"potentialAction\":[{\"@type\":\"SearchAction\",\"target\":{\"@type\":\"EntryPoint\",\"urlTemplate\":\"https:\\\/\\\/doctorflorenceh24.it\\\/it\\\/?s={search_term_string}\"},\"query-input\":{\"@type\":\"PropertyValueSpecification\",\"valueRequired\":true,\"valueName\":\"search_term_string\"}}],\"inLanguage\":\"it-IT\"},{\"@type\":\"Organization\",\"@id\":\"https:\\\/\\\/doctorflorenceh24.it\\\/it\\\/#organization\",\"name\":\"DoctorFlorenceh24\",\"url\":\"https:\\\/\\\/doctorflorenceh24.it\\\/it\\\/\",\"logo\":{\"@type\":\"ImageObject\",\"inLanguage\":\"it-IT\",\"@id\":\"https:\\\/\\\/doctorflorenceh24.it\\\/it\\\/#\\\/schema\\\/logo\\\/image\\\/\",\"url\":\"https:\\\/\\\/doctorflorenceh24.it\\\/wp-content\\\/uploads\\\/logo-web-drflorence-4.png\",\"contentUrl\":\"https:\\\/\\\/doctorflorenceh24.it\\\/wp-content\\\/uploads\\\/logo-web-drflorence-4.png\",\"width\":546,\"height\":451,\"caption\":\"DoctorFlorenceh24\"},\"image\":{\"@id\":\"https:\\\/\\\/doctorflorenceh24.it\\\/it\\\/#\\\/schema\\\/logo\\\/image\\\/\"},\"sameAs\":[\"https:\\\/\\\/www.facebook.com\\\/doctortohome\",\"https:\\\/\\\/www.instagram.com\\\/doctorflorenceh24\\\/\"]}]}<\/script>\n<!-- \/ Yoast SEO plugin. -->","yoast_head_json":{"title":"Certificati Medico Sportivi a Firenze | DoctorFlorenceh24","description":"Lo svolgimento di attivit\u00e0 sportive a livello non agonistico richiede un certificato con vista medico-sportiva e l'esecuzione o la visione dell'elettrocardiogramma (ECG) a riposo.","robots":{"index":"index","follow":"follow","max-snippet":"max-snippet:-1","max-image-preview":"max-image-preview:large","max-video-preview":"max-video-preview:-1"},"canonical":"https:\/\/doctorflorenceh24.it\/it\/certificati-medico-sportivi\/","og_locale":"it_IT","og_type":"article","og_title":"Certificati Medico Sportivi a Firenze | DoctorFlorenceh24","og_description":"Lo svolgimento di attivit\u00e0 sportive a livello non agonistico richiede un certificato con vista medico-sportiva e l'esecuzione o la visione dell'elettrocardiogramma (ECG) a riposo.","og_url":"https:\/\/doctorflorenceh24.it\/it\/certificati-medico-sportivi\/","og_site_name":"DoctorFlorenceh24","article_publisher":"https:\/\/www.facebook.com\/doctortohome","article_modified_time":"2024-06-17T15:09:51+00:00","og_image":[{"width":1920,"height":1280,"url":"https:\/\/doctorflorenceh24.it\/wp-content\/uploads\/shutterstock_618871682.jpg","type":"image\/jpeg"}],"twitter_card":"summary_large_image","twitter_misc":{"Tempo di lettura stimato":"2 minuti"},"schema":{"@context":"https:\/\/schema.org","@graph":[{"@type":"WebPage","@id":"https:\/\/doctorflorenceh24.it\/it\/certificati-medico-sportivi\/","url":"https:\/\/doctorflorenceh24.it\/it\/certificati-medico-sportivi\/","name":"Certificati Medico Sportivi a Firenze | DoctorFlorenceh24","isPartOf":{"@id":"https:\/\/doctorflorenceh24.it\/it\/#website"},"primaryImageOfPage":{"@id":"https:\/\/doctorflorenceh24.it\/it\/certificati-medico-sportivi\/#primaryimage"},"image":{"@id":"https:\/\/doctorflorenceh24.it\/it\/certificati-medico-sportivi\/#primaryimage"},"thumbnailUrl":"https:\/\/doctorflorenceh24.it\/wp-content\/uploads\/shutterstock_618871682.jpg","datePublished":"2024-04-29T10:02:38+00:00","dateModified":"2024-06-17T15:09:51+00:00","description":"Lo svolgimento di attivit\u00e0 sportive a livello non agonistico richiede un certificato con vista medico-sportiva e l'esecuzione o la visione dell'elettrocardiogramma (ECG) a riposo.","breadcrumb":{"@id":"https:\/\/doctorflorenceh24.it\/it\/certificati-medico-sportivi\/#breadcrumb"},"inLanguage":"it-IT","potentialAction":[{"@type":"ReadAction","target":["https:\/\/doctorflorenceh24.it\/it\/certificati-medico-sportivi\/"]}]},{"@type":"ImageObject","inLanguage":"it-IT","@id":"https:\/\/doctorflorenceh24.it\/it\/certificati-medico-sportivi\/#primaryimage","url":"https:\/\/doctorflorenceh24.it\/wp-content\/uploads\/shutterstock_618871682.jpg","contentUrl":"https:\/\/doctorflorenceh24.it\/wp-content\/uploads\/shutterstock_618871682.jpg","width":1920,"height":1280,"caption":"Medical-sports certificates"},{"@type":"BreadcrumbList","@id":"https:\/\/doctorflorenceh24.it\/it\/certificati-medico-sportivi\/#breadcrumb","itemListElement":[{"@type":"ListItem","position":1,"name":"Home","item":"https:\/\/doctorflorenceh24.it\/it\/"},{"@type":"ListItem","position":2,"name":"Certificati Medico Sportivi"}]},{"@type":"WebSite","@id":"https:\/\/doctorflorenceh24.it\/it\/#website","url":"https:\/\/doctorflorenceh24.it\/it\/","name":"DoctorFlorenceh24","description":"","publisher":{"@id":"https:\/\/doctorflorenceh24.it\/it\/#organization"},"potentialAction":[{"@type":"SearchAction","target":{"@type":"EntryPoint","urlTemplate":"https:\/\/doctorflorenceh24.it\/it\/?s={search_term_string}"},"query-input":{"@type":"PropertyValueSpecification","valueRequired":true,"valueName":"search_term_string"}}],"inLanguage":"it-IT"},{"@type":"Organization","@id":"https:\/\/doctorflorenceh24.it\/it\/#organization","name":"DoctorFlorenceh24","url":"https:\/\/doctorflorenceh24.it\/it\/","logo":{"@type":"ImageObject","inLanguage":"it-IT","@id":"https:\/\/doctorflorenceh24.it\/it\/#\/schema\/logo\/image\/","url":"https:\/\/doctorflorenceh24.it\/wp-content\/uploads\/logo-web-drflorence-4.png","contentUrl":"https:\/\/doctorflorenceh24.it\/wp-content\/uploads\/logo-web-drflorence-4.png","width":546,"height":451,"caption":"DoctorFlorenceh24"},"image":{"@id":"https:\/\/doctorflorenceh24.it\/it\/#\/schema\/logo\/image\/"},"sameAs":["https:\/\/www.facebook.com\/doctortohome","https:\/\/www.instagram.com\/doctorflorenceh24\/"]}]}},"_links":{"self":[{"href":"https:\/\/doctorflorenceh24.it\/it\/wp-json\/wp\/v2\/pages\/585","targetHints":{"allow":["GET"]}}],"collection":[{"href":"https:\/\/doctorflorenceh24.it\/it\/wp-json\/wp\/v2\/pages"}],"about":[{"href":"https:\/\/doctorflorenceh24.it\/it\/wp-json\/wp\/v2\/types\/page"}],"author":[{"embeddable":true,"href":"https:\/\/doctorflorenceh24.it\/it\/wp-json\/wp\/v2\/users\/1"}],"replies":[{"embeddable":true,"href":"https:\/\/doctorflorenceh24.it\/it\/wp-json\/wp\/v2\/comments?post=585"}],"version-history":[{"count":0,"href":"https:\/\/doctorflorenceh24.it\/it\/wp-json\/wp\/v2\/pages\/585\/revisions"}],"wp:featuredmedia":[{"embeddable":true,"href":"https:\/\/doctorflorenceh24.it\/it\/wp-json\/wp\/v2\/media\/541"}],"wp:attachment":[{"href":"https:\/\/doctorflorenceh24.it\/it\/wp-json\/wp\/v2\/media?parent=585"}],"wp:term":[{"taxonomy":"category","embeddable":true,"href":"https:\/\/doctorflorenceh24.it\/it\/wp-json\/wp\/v2\/categories?post=585"},{"taxonomy":"post_tag","embeddable":true,"href":"https:\/\/doctorflorenceh24.it\/it\/wp-json\/wp\/v2\/tags?post=585"}],"curies":[{"name":"wp","href":"https:\/\/api.w.org\/{rel}","templated":true}]}}