{"id":823,"date":"2023-12-05T20:12:59","date_gmt":"2023-12-05T20:12:59","guid":{"rendered":"http:\/\/doctorflorenceh24.it\/a-propos-de-doctorflorenceh24\/"},"modified":"2024-06-06T13:21:10","modified_gmt":"2024-06-06T13:21:10","slug":"a-propos-de-doctorflorenceh24","status":"publish","type":"page","link":"https:\/\/doctorflorenceh24.it\/fr\/a-propos-de-doctorflorenceh24\/","title":{"rendered":"\u00c0 propos de nous"},"content":{"rendered":"\t\t<div data-elementor-type=\"wp-page\" data-elementor-id=\"823\" class=\"elementor elementor-823 elementor-47\" data-elementor-post-type=\"page\">\n\t\t\t\t<div class=\"elementor-element elementor-element-2c2243dd e-con-full e-flex e-con e-parent\" data-id=\"2c2243dd\" data-element_type=\"container\" data-settings=\"{&quot;jet_parallax_layout_list&quot;:[]}\">\n\t\t\t\t<div class=\"elementor-element elementor-element-a1f52d1 elementor-invisible elementor-has-bg-overlay elementor-widget elementor-widget-global elementor-global-232 elementor-widget-heading\" data-id=\"a1f52d1\" data-element_type=\"widget\" data-settings=\"{&quot;_animation&quot;:&quot;fadeInDown&quot;}\" data-widget_type=\"heading.default\">\n\t\t\t\t<div class=\"elementor-widget-container\">\n\t\t\t\t\t<h1 class=\"elementor-heading-title elementor-size-default\">\u00c0 propos de nous<\/h1>\t\t\t\t<\/div>\n\t\t\t\t<\/div>\n\t\t\t\t<\/div>\n\t\t<div class=\"elementor-element elementor-element-7fd70878 e-flex e-con-boxed e-con e-parent\" data-id=\"7fd70878\" data-element_type=\"container\" data-settings=\"{&quot;jet_parallax_layout_list&quot;:[]}\">\n\t\t\t\t\t<div class=\"e-con-inner\">\n\t\t\t\t<div class=\"elementor-element elementor-element-7e2fa624 elementor-widget elementor-widget-text-editor\" data-id=\"7e2fa624\" data-element_type=\"widget\" data-widget_type=\"text-editor.default\">\n\t\t\t\t<div class=\"elementor-widget-container\">\n\t\t\t\t\t\t\t\t\t<h2 style=\"text-align: left;\">Un m\u00e9decin \u00e0 domicile ou \u00e0 la clinique toujours disponible et \u00e0 port\u00e9e de clic !<\/h2><p style=\"text-align: left;\">DoctorFlorenceH24 est le service m\u00e9dical innovant qui simplifie la vie lorsque vous en avez besoin, 7 jours sur 7, 24 heures sur 24. Notre centre de contact est toujours op\u00e9rationnel et travaille pour garantir des solutions rapides et un soutien m\u00e9dical ad\u00e9quat selon vos besoins, et fournit toutes les informations dont vous avez besoin.<\/p><h2 style=\"text-align: left;\">Le centre m\u00e9dical est toujours \u00e0 votre disposition !<\/h2><p style=\"text-align: left;\">Notre clinique est situ\u00e9e dans le merveilleux centre historique de Florence, dans un emplacement strat\u00e9gique facilement accessible depuis la gare de Santa Maria Novella et bien desservi par les transports en commun.<\/p><h2 style=\"text-align: left;\">Visites \u00e0 domicile et consultations \u00e0 distance<\/h2><p style=\"text-align: left;\">Nous proposons \u00e9galement un service de visite \u00e0 domicile en peu de temps et couvrant toute la ville, y compris les zones \u00e0 trafic limit\u00e9 (ZTL). Nous nous effor\u00e7ons de r\u00e9pondre aux divers besoins de nos patients en offrant \u00e9galement la possibilit\u00e9 de consultations m\u00e9dicales \u00e0 distance.<\/p><h2 style=\"text-align: left;\">Tous les services m\u00e9dicaux dont vous pourriez avoir besoin<\/h2><p style=\"text-align: left;\">Nous sommes en mesure d&rsquo;organiser, dans les plus brefs d\u00e9lais, divers services \u00e0 domicile tels que : radiographies, \u00e9chographies, analyses de sang, assistance infirmi\u00e8re m\u00eame la nuit, r\u00e9servation d&rsquo;ambulances et de taxis m\u00e9dicaux. Nous r\u00e9alisons divers types de tests de frottis tels que des tests d&rsquo;antig\u00e8ne rapide (Covid) et des IST (infections sexuellement transmissibles), des injections, l&rsquo;administration d&rsquo;une large gamme de vaccins, en particulier ceux n\u00e9cessaires pour les voyages internationaux (ce service est li\u00e9 \u00e0 la disponibilit\u00e9 des vaccins), des pansements, des bandages, et des sutures. Nous collaborons avec les principales compagnies d&rsquo;assurance, y compris GEOBLUE, CISI, CHUBB&#8230;<\/p><p style=\"text-align: left;\">Avec nous, vous pouvez prendre rendez-vous pour des certificats m\u00e9dicaux de sports non comp\u00e9titifs comprenant un \u00e9lectrocardiogramme de repos (rendez-vous disponibles \u00e0 Novoli, Florence Sud, Campo di Marte, et dans le centre historique de la ville), des certificats de cong\u00e9 maladie et des certificats anamnestiques.<\/p><h2 style=\"text-align: left;\">Le personnel de DoctorFlorence24h<\/h2><p style=\"text-align: left;\">Tout notre personnel est form\u00e9 pour fournir une assistance non seulement aux clients italiens, mais aussi aux clients \u00e9trangers ; nos m\u00e9decins parlent couramment anglais et espagnol. Nous collaborons avec un large \u00e9ventail de professionnels, capables de r\u00e9pondre aussi rapidement que possible \u00e0 vos demandes de visites sp\u00e9cialis\u00e9es, notamment en gyn\u00e9cologie, endocrinologie, orthop\u00e9die, ophtalmologie, oto-rhino-laryngologie, cardiologie, neurologie, dentisterie, psychologie, di\u00e9t\u00e9tique, physioth\u00e9rapie, et bien d&rsquo;autres encore.<\/p>\t\t\t\t\t\t\t\t<\/div>\n\t\t\t\t<\/div>\n\t\t\t\t\t<\/div>\n\t\t\t\t<\/div>\n\t\t\t\t<\/div>\n\t\t","protected":false},"excerpt":{"rendered":"<p>Un m\u00e9decin \u00e0 domicile ou \u00e0 la clinique toujours disponible et \u00e0 port\u00e9e de clic ! DoctorFlorenceH24 est le service m\u00e9dical innovant qui simplifie la vie lorsque vous en avez besoin, 7 jours sur 7, 24 heures sur 24. Notre centre de contact est toujours op\u00e9rationnel et travaille pour garantir des solutions rapides et un&#8230;<\/p>\n","protected":false},"author":1,"featured_media":577,"parent":0,"menu_order":57,"comment_status":"closed","ping_status":"closed","template":"","meta":{"_acf_changed":false,"footnotes":""},"categories":[],"tags":[41],"class_list":["post-823","page","type-page","status-publish","has-post-thumbnail","hentry","tag-fixed-nav-fr"],"acf":[],"yoast_head":"<!-- This site is optimized with the Yoast SEO plugin v27.6 - https:\/\/yoast.com\/product\/yoast-seo-wordpress\/ -->\n<title>Services m\u00e9dicaux \u00e0 Florence, 7 jours sur 7, 24 heures sur 24 | DoctorFlorenceh24<\/title>\n<meta name=\"description\" content=\"DoctorFlorenceH24 est le service m\u00e9dical innovant qui facilite la vie lorsque vous en avez besoin, 7 jours sur 7, 24 heures sur 24.\" \/>\n<meta name=\"robots\" content=\"index, follow, max-snippet:-1, max-image-preview:large, max-video-preview:-1\" \/>\n<link rel=\"canonical\" href=\"https:\/\/doctorflorenceh24.it\/fr\/a-propos-de-doctorflorenceh24\/\" \/>\n<meta property=\"og:locale\" content=\"fr_FR\" \/>\n<meta property=\"og:type\" content=\"article\" \/>\n<meta property=\"og:title\" content=\"Services m\u00e9dicaux \u00e0 Florence, 7 jours sur 7, 24 heures sur 24 | DoctorFlorenceh24\" \/>\n<meta property=\"og:description\" content=\"DoctorFlorenceH24 est le service m\u00e9dical innovant qui facilite la vie lorsque vous en avez besoin, 7 jours sur 7, 24 heures sur 24.\" \/>\n<meta property=\"og:url\" content=\"https:\/\/doctorflorenceh24.it\/fr\/a-propos-de-doctorflorenceh24\/\" \/>\n<meta property=\"og:site_name\" content=\"DoctorFlorenceh24\" \/>\n<meta property=\"article:publisher\" content=\"https:\/\/www.facebook.com\/doctortohome\" \/>\n<meta property=\"article:modified_time\" content=\"2024-06-06T13:21:10+00:00\" \/>\n<meta property=\"og:image\" content=\"https:\/\/doctorflorenceh24.it\/wp-content\/uploads\/shutterstock_1561815367.jpg\" \/>\n\t<meta property=\"og:image:width\" content=\"1920\" \/>\n\t<meta property=\"og:image:height\" content=\"1189\" \/>\n\t<meta property=\"og:image:type\" content=\"image\/jpeg\" \/>\n<meta name=\"twitter:card\" content=\"summary_large_image\" \/>\n<meta name=\"twitter:label1\" content=\"Dur\u00e9e de lecture estim\u00e9e\" \/>\n\t<meta name=\"twitter:data1\" content=\"2 minutes\" \/>\n<script type=\"application\/ld+json\" class=\"yoast-schema-graph\">{\"@context\":\"https:\\\/\\\/schema.org\",\"@graph\":[{\"@type\":\"WebPage\",\"@id\":\"https:\\\/\\\/doctorflorenceh24.it\\\/fr\\\/a-propos-de-doctorflorenceh24\\\/\",\"url\":\"https:\\\/\\\/doctorflorenceh24.it\\\/fr\\\/a-propos-de-doctorflorenceh24\\\/\",\"name\":\"Services m\u00e9dicaux \u00e0 Florence, 7 jours sur 7, 24 heures sur 24 | DoctorFlorenceh24\",\"isPartOf\":{\"@id\":\"https:\\\/\\\/doctorflorenceh24.it\\\/fr\\\/#website\"},\"primaryImageOfPage\":{\"@id\":\"https:\\\/\\\/doctorflorenceh24.it\\\/fr\\\/a-propos-de-doctorflorenceh24\\\/#primaryimage\"},\"image\":{\"@id\":\"https:\\\/\\\/doctorflorenceh24.it\\\/fr\\\/a-propos-de-doctorflorenceh24\\\/#primaryimage\"},\"thumbnailUrl\":\"https:\\\/\\\/doctorflorenceh24.it\\\/wp-content\\\/uploads\\\/shutterstock_1561815367.jpg\",\"datePublished\":\"2023-12-05T20:12:59+00:00\",\"dateModified\":\"2024-06-06T13:21:10+00:00\",\"description\":\"DoctorFlorenceH24 est le service m\u00e9dical innovant qui facilite la vie lorsque vous en avez besoin, 7 jours sur 7, 24 heures sur 24.\",\"breadcrumb\":{\"@id\":\"https:\\\/\\\/doctorflorenceh24.it\\\/fr\\\/a-propos-de-doctorflorenceh24\\\/#breadcrumb\"},\"inLanguage\":\"fr-FR\",\"potentialAction\":[{\"@type\":\"ReadAction\",\"target\":[\"https:\\\/\\\/doctorflorenceh24.it\\\/fr\\\/a-propos-de-doctorflorenceh24\\\/\"]}]},{\"@type\":\"ImageObject\",\"inLanguage\":\"fr-FR\",\"@id\":\"https:\\\/\\\/doctorflorenceh24.it\\\/fr\\\/a-propos-de-doctorflorenceh24\\\/#primaryimage\",\"url\":\"https:\\\/\\\/doctorflorenceh24.it\\\/wp-content\\\/uploads\\\/shutterstock_1561815367.jpg\",\"contentUrl\":\"https:\\\/\\\/doctorflorenceh24.it\\\/wp-content\\\/uploads\\\/shutterstock_1561815367.jpg\",\"width\":1920,\"height\":1189},{\"@type\":\"BreadcrumbList\",\"@id\":\"https:\\\/\\\/doctorflorenceh24.it\\\/fr\\\/a-propos-de-doctorflorenceh24\\\/#breadcrumb\",\"itemListElement\":[{\"@type\":\"ListItem\",\"position\":1,\"name\":\"Home\",\"item\":\"https:\\\/\\\/doctorflorenceh24.it\\\/fr\\\/home\\\/\"},{\"@type\":\"ListItem\",\"position\":2,\"name\":\"\u00c0 propos de nous\"}]},{\"@type\":\"WebSite\",\"@id\":\"https:\\\/\\\/doctorflorenceh24.it\\\/fr\\\/#website\",\"url\":\"https:\\\/\\\/doctorflorenceh24.it\\\/fr\\\/\",\"name\":\"DoctorFlorenceh24\",\"description\":\"\",\"publisher\":{\"@id\":\"https:\\\/\\\/doctorflorenceh24.it\\\/fr\\\/#organization\"},\"potentialAction\":[{\"@type\":\"SearchAction\",\"target\":{\"@type\":\"EntryPoint\",\"urlTemplate\":\"https:\\\/\\\/doctorflorenceh24.it\\\/fr\\\/?s={search_term_string}\"},\"query-input\":{\"@type\":\"PropertyValueSpecification\",\"valueRequired\":true,\"valueName\":\"search_term_string\"}}],\"inLanguage\":\"fr-FR\"},{\"@type\":\"Organization\",\"@id\":\"https:\\\/\\\/doctorflorenceh24.it\\\/fr\\\/#organization\",\"name\":\"DoctorFlorenceh24\",\"url\":\"https:\\\/\\\/doctorflorenceh24.it\\\/fr\\\/\",\"logo\":{\"@type\":\"ImageObject\",\"inLanguage\":\"fr-FR\",\"@id\":\"https:\\\/\\\/doctorflorenceh24.it\\\/fr\\\/#\\\/schema\\\/logo\\\/image\\\/\",\"url\":\"https:\\\/\\\/doctorflorenceh24.it\\\/wp-content\\\/uploads\\\/logo-web-drflorence-4.png\",\"contentUrl\":\"https:\\\/\\\/doctorflorenceh24.it\\\/wp-content\\\/uploads\\\/logo-web-drflorence-4.png\",\"width\":546,\"height\":451,\"caption\":\"DoctorFlorenceh24\"},\"image\":{\"@id\":\"https:\\\/\\\/doctorflorenceh24.it\\\/fr\\\/#\\\/schema\\\/logo\\\/image\\\/\"},\"sameAs\":[\"https:\\\/\\\/www.facebook.com\\\/doctortohome\",\"https:\\\/\\\/www.instagram.com\\\/doctorflorenceh24\\\/\"]}]}<\/script>\n<!-- \/ Yoast SEO plugin. -->","yoast_head_json":{"title":"Services m\u00e9dicaux \u00e0 Florence, 7 jours sur 7, 24 heures sur 24 | DoctorFlorenceh24","description":"DoctorFlorenceH24 est le service m\u00e9dical innovant qui facilite la vie lorsque vous en avez besoin, 7 jours sur 7, 24 heures sur 24.","robots":{"index":"index","follow":"follow","max-snippet":"max-snippet:-1","max-image-preview":"max-image-preview:large","max-video-preview":"max-video-preview:-1"},"canonical":"https:\/\/doctorflorenceh24.it\/fr\/a-propos-de-doctorflorenceh24\/","og_locale":"fr_FR","og_type":"article","og_title":"Services m\u00e9dicaux \u00e0 Florence, 7 jours sur 7, 24 heures sur 24 | DoctorFlorenceh24","og_description":"DoctorFlorenceH24 est le service m\u00e9dical innovant qui facilite la vie lorsque vous en avez besoin, 7 jours sur 7, 24 heures sur 24.","og_url":"https:\/\/doctorflorenceh24.it\/fr\/a-propos-de-doctorflorenceh24\/","og_site_name":"DoctorFlorenceh24","article_publisher":"https:\/\/www.facebook.com\/doctortohome","article_modified_time":"2024-06-06T13:21:10+00:00","og_image":[{"width":1920,"height":1189,"url":"https:\/\/doctorflorenceh24.it\/wp-content\/uploads\/shutterstock_1561815367.jpg","type":"image\/jpeg"}],"twitter_card":"summary_large_image","twitter_misc":{"Dur\u00e9e de lecture estim\u00e9e":"2 minutes"},"schema":{"@context":"https:\/\/schema.org","@graph":[{"@type":"WebPage","@id":"https:\/\/doctorflorenceh24.it\/fr\/a-propos-de-doctorflorenceh24\/","url":"https:\/\/doctorflorenceh24.it\/fr\/a-propos-de-doctorflorenceh24\/","name":"Services m\u00e9dicaux \u00e0 Florence, 7 jours sur 7, 24 heures sur 24 | DoctorFlorenceh24","isPartOf":{"@id":"https:\/\/doctorflorenceh24.it\/fr\/#website"},"primaryImageOfPage":{"@id":"https:\/\/doctorflorenceh24.it\/fr\/a-propos-de-doctorflorenceh24\/#primaryimage"},"image":{"@id":"https:\/\/doctorflorenceh24.it\/fr\/a-propos-de-doctorflorenceh24\/#primaryimage"},"thumbnailUrl":"https:\/\/doctorflorenceh24.it\/wp-content\/uploads\/shutterstock_1561815367.jpg","datePublished":"2023-12-05T20:12:59+00:00","dateModified":"2024-06-06T13:21:10+00:00","description":"DoctorFlorenceH24 est le service m\u00e9dical innovant qui facilite la vie lorsque vous en avez besoin, 7 jours sur 7, 24 heures sur 24.","breadcrumb":{"@id":"https:\/\/doctorflorenceh24.it\/fr\/a-propos-de-doctorflorenceh24\/#breadcrumb"},"inLanguage":"fr-FR","potentialAction":[{"@type":"ReadAction","target":["https:\/\/doctorflorenceh24.it\/fr\/a-propos-de-doctorflorenceh24\/"]}]},{"@type":"ImageObject","inLanguage":"fr-FR","@id":"https:\/\/doctorflorenceh24.it\/fr\/a-propos-de-doctorflorenceh24\/#primaryimage","url":"https:\/\/doctorflorenceh24.it\/wp-content\/uploads\/shutterstock_1561815367.jpg","contentUrl":"https:\/\/doctorflorenceh24.it\/wp-content\/uploads\/shutterstock_1561815367.jpg","width":1920,"height":1189},{"@type":"BreadcrumbList","@id":"https:\/\/doctorflorenceh24.it\/fr\/a-propos-de-doctorflorenceh24\/#breadcrumb","itemListElement":[{"@type":"ListItem","position":1,"name":"Home","item":"https:\/\/doctorflorenceh24.it\/fr\/home\/"},{"@type":"ListItem","position":2,"name":"\u00c0 propos de nous"}]},{"@type":"WebSite","@id":"https:\/\/doctorflorenceh24.it\/fr\/#website","url":"https:\/\/doctorflorenceh24.it\/fr\/","name":"DoctorFlorenceh24","description":"","publisher":{"@id":"https:\/\/doctorflorenceh24.it\/fr\/#organization"},"potentialAction":[{"@type":"SearchAction","target":{"@type":"EntryPoint","urlTemplate":"https:\/\/doctorflorenceh24.it\/fr\/?s={search_term_string}"},"query-input":{"@type":"PropertyValueSpecification","valueRequired":true,"valueName":"search_term_string"}}],"inLanguage":"fr-FR"},{"@type":"Organization","@id":"https:\/\/doctorflorenceh24.it\/fr\/#organization","name":"DoctorFlorenceh24","url":"https:\/\/doctorflorenceh24.it\/fr\/","logo":{"@type":"ImageObject","inLanguage":"fr-FR","@id":"https:\/\/doctorflorenceh24.it\/fr\/#\/schema\/logo\/image\/","url":"https:\/\/doctorflorenceh24.it\/wp-content\/uploads\/logo-web-drflorence-4.png","contentUrl":"https:\/\/doctorflorenceh24.it\/wp-content\/uploads\/logo-web-drflorence-4.png","width":546,"height":451,"caption":"DoctorFlorenceh24"},"image":{"@id":"https:\/\/doctorflorenceh24.it\/fr\/#\/schema\/logo\/image\/"},"sameAs":["https:\/\/www.facebook.com\/doctortohome","https:\/\/www.instagram.com\/doctorflorenceh24\/"]}]}},"_links":{"self":[{"href":"https:\/\/doctorflorenceh24.it\/fr\/wp-json\/wp\/v2\/pages\/823","targetHints":{"allow":["GET"]}}],"collection":[{"href":"https:\/\/doctorflorenceh24.it\/fr\/wp-json\/wp\/v2\/pages"}],"about":[{"href":"https:\/\/doctorflorenceh24.it\/fr\/wp-json\/wp\/v2\/types\/page"}],"author":[{"embeddable":true,"href":"https:\/\/doctorflorenceh24.it\/fr\/wp-json\/wp\/v2\/users\/1"}],"replies":[{"embeddable":true,"href":"https:\/\/doctorflorenceh24.it\/fr\/wp-json\/wp\/v2\/comments?post=823"}],"version-history":[{"count":0,"href":"https:\/\/doctorflorenceh24.it\/fr\/wp-json\/wp\/v2\/pages\/823\/revisions"}],"wp:featuredmedia":[{"embeddable":true,"href":"https:\/\/doctorflorenceh24.it\/fr\/wp-json\/wp\/v2\/media\/577"}],"wp:attachment":[{"href":"https:\/\/doctorflorenceh24.it\/fr\/wp-json\/wp\/v2\/media?parent=823"}],"wp:term":[{"taxonomy":"category","embeddable":true,"href":"https:\/\/doctorflorenceh24.it\/fr\/wp-json\/wp\/v2\/categories?post=823"},{"taxonomy":"post_tag","embeddable":true,"href":"https:\/\/doctorflorenceh24.it\/fr\/wp-json\/wp\/v2\/tags?post=823"}],"curies":[{"name":"wp","href":"https:\/\/api.w.org\/{rel}","templated":true}]}}