{"id":821,"date":"2024-03-12T10:16:50","date_gmt":"2024-03-12T09:16:50","guid":{"rendered":"http:\/\/doctorflorenceh24.it\/politique-de-confidentialite\/"},"modified":"2026-02-26T11:54:31","modified_gmt":"2026-02-26T10:54:31","slug":"politique-de-confidentialite","status":"publish","type":"page","link":"https:\/\/doctorflorenceh24.it\/fr\/politique-de-confidentialite\/","title":{"rendered":"Politique de confidentialit\u00e9"},"content":{"rendered":"\t\t<div data-elementor-type=\"wp-page\" data-elementor-id=\"821\" class=\"elementor elementor-821 elementor-398\" data-elementor-post-type=\"page\">\n\t\t\t\t<div class=\"elementor-element elementor-element-2c2243dd e-con-full e-flex e-con e-parent\" data-id=\"2c2243dd\" data-element_type=\"container\" data-settings=\"{&quot;jet_parallax_layout_list&quot;:[]}\">\n\t\t\t\t<div class=\"elementor-element elementor-element-a1f52d1 elementor-invisible elementor-has-bg-overlay elementor-widget elementor-widget-global elementor-global-232 elementor-widget-heading\" data-id=\"a1f52d1\" data-element_type=\"widget\" data-settings=\"{&quot;_animation&quot;:&quot;fadeInDown&quot;}\" data-widget_type=\"heading.default\">\n\t\t\t\t<div class=\"elementor-widget-container\">\n\t\t\t\t\t<h1 class=\"elementor-heading-title elementor-size-default\">Politique de confidentialit\u00e9<\/h1>\t\t\t\t<\/div>\n\t\t\t\t<\/div>\n\t\t\t\t<\/div>\n\t\t<div class=\"elementor-element elementor-element-7fd70878 e-flex e-con-boxed e-con e-parent\" data-id=\"7fd70878\" data-element_type=\"container\" data-settings=\"{&quot;jet_parallax_layout_list&quot;:[]}\">\n\t\t\t\t\t<div class=\"e-con-inner\">\n\t\t\t\t<div class=\"elementor-element elementor-element-7e2fa624 elementor-widget elementor-widget-text-editor\" data-id=\"7e2fa624\" data-element_type=\"widget\" data-widget_type=\"text-editor.default\">\n\t\t\t\t<div class=\"elementor-widget-container\">\n\t\t\t\t\t\t\t\t\t<p data-start=\"1757\" data-end=\"2153\"><strong data-start=\"1757\" data-end=\"1819\">Avis relatif au traitement des donn\u00e9es personnelles (RGPD)<\/strong><br data-start=\"1819\" data-end=\"1822\" \/>Doctor Florence H24 S.r.l., en qualit\u00e9 de Responsable du traitement, informe que la nouvelle notice d\u2019information conform\u00e9ment aux articles 13\u201314 du R\u00e8glement (UE) 2016\/679 est d\u00e9sormais disponible.<br data-start=\"2020\" data-end=\"2023\" \/>Afin de garantir la conformit\u00e9 et l\u2019uniformit\u00e9 avec le document approuv\u00e9, le texte int\u00e9gral est mis \u00e0 disposition au format PDF.<\/p>\n<p data-start=\"2155\" data-end=\"2317\">\ud83d\udcc4 <strong data-start=\"2158\" data-end=\"2238\">Information et Consentement \u00e0 la Confidentialit\u00e9 \u2013 Doctor Florence H24 (PDF)<\/strong><br data-start=\"2238\" data-end=\"2241\" \/>Cliquez ici pour consulter : <a href=\"https:\/\/doctorflorenceh24.it\/wp-content\/uploads\/informativa-e-consenso-doctorflorenceh24-2026-compressed.pdf\">Informativa-e-Consenso-Doctorflorenceh24-2026-compressed<\/a><\/p>\n<p data-start=\"2319\" data-end=\"2628\"><strong data-start=\"2319\" data-end=\"2345\">Derni\u00e8re mise \u00e0 jour :<\/strong> F\u00e9vrier 2026<br data-start=\"2358\" data-end=\"2361\" \/><strong data-start=\"2361\" data-end=\"2407\">Coordonn\u00e9es du Responsable du traitement :<\/strong> Doctor Florence H24 S.r.l. \u2013 Piazza della Stazione, 1 \u2013 50123 Florence (FI) \u2013 <strong data-start=\"2491\" data-end=\"2520\"><a class=\"decorated-link cursor-pointer\" rel=\"noopener\" data-start=\"2493\" data-end=\"2518\">info@doctorflorenceh24.it<\/a><\/strong><br data-start=\"2520\" data-end=\"2523\" \/>Pour toute information concernant les cookies, veuillez consulter le <strong data-start=\"2592\" data-end=\"2627\">bandeau de Politique de Cookies<\/strong>.<\/p>\n\t\t\t\t\t\t\t\t<\/div>\n\t\t\t\t<\/div>\n\t\t\t\t\t<\/div>\n\t\t\t\t<\/div>\n\t\t\t\t<\/div>\n\t\t","protected":false},"excerpt":{"rendered":"<p>Avis relatif au traitement des donn\u00e9es personnelles (RGPD)Doctor Florence H24 S.r.l., en qualit\u00e9 de Responsable du traitement, informe que la nouvelle notice d\u2019information conform\u00e9ment aux articles 13\u201314 du R\u00e8glement (UE) 2016\/679 est d\u00e9sormais disponible.Afin de garantir la conformit\u00e9 et l\u2019uniformit\u00e9 avec le document approuv\u00e9, le texte int\u00e9gral est mis \u00e0 disposition au format PDF. \ud83d\udcc4&#8230;<\/p>\n","protected":false},"author":1,"featured_media":186,"parent":0,"menu_order":53,"comment_status":"closed","ping_status":"closed","template":"","meta":{"_acf_changed":false,"footnotes":""},"categories":[],"tags":[41],"class_list":["post-821","page","type-page","status-publish","has-post-thumbnail","hentry","tag-fixed-nav-fr"],"acf":[],"yoast_head":"<!-- This site is optimized with the Yoast SEO plugin v27.4 - https:\/\/yoast.com\/product\/yoast-seo-wordpress\/ -->\n<title>Politique de confidentialit\u00e9 | DoctorFlorenceh24<\/title>\n<meta name=\"robots\" content=\"index, follow, max-snippet:-1, max-image-preview:large, max-video-preview:-1\" \/>\n<link rel=\"canonical\" href=\"https:\/\/doctorflorenceh24.it\/fr\/politique-de-confidentialite\/\" \/>\n<meta property=\"og:locale\" content=\"fr_FR\" \/>\n<meta property=\"og:type\" content=\"article\" \/>\n<meta property=\"og:title\" content=\"Politique de confidentialit\u00e9 | DoctorFlorenceh24\" \/>\n<meta property=\"og:description\" content=\"Avis relatif au traitement des donn\u00e9es personnelles (RGPD)Doctor Florence H24 S.r.l., en qualit\u00e9 de Responsable du traitement, informe que la nouvelle notice d\u2019information conform\u00e9ment aux articles 13\u201314 du R\u00e8glement (UE) 2016\/679 est d\u00e9sormais disponible.Afin de garantir la conformit\u00e9 et l\u2019uniformit\u00e9 avec le document approuv\u00e9, le texte int\u00e9gral est mis \u00e0 disposition au format PDF. \ud83d\udcc4...\" \/>\n<meta property=\"og:url\" content=\"https:\/\/doctorflorenceh24.it\/fr\/politique-de-confidentialite\/\" \/>\n<meta property=\"og:site_name\" content=\"DoctorFlorenceh24\" \/>\n<meta property=\"article:publisher\" content=\"https:\/\/www.facebook.com\/doctortohome\" \/>\n<meta property=\"article:modified_time\" content=\"2026-02-26T10:54:31+00:00\" \/>\n<meta property=\"og:image\" content=\"https:\/\/doctorflorenceh24.it\/wp-content\/uploads\/drflorence_logo_1.png\" \/>\n\t<meta property=\"og:image:width\" content=\"1350\" \/>\n\t<meta property=\"og:image:height\" content=\"568\" \/>\n\t<meta property=\"og:image:type\" content=\"image\/png\" \/>\n<meta name=\"twitter:card\" content=\"summary_large_image\" \/>\n<meta name=\"twitter:label1\" content=\"Dur\u00e9e de lecture estim\u00e9e\" \/>\n\t<meta name=\"twitter:data1\" content=\"1 minute\" \/>\n<script type=\"application\/ld+json\" class=\"yoast-schema-graph\">{\"@context\":\"https:\\\/\\\/schema.org\",\"@graph\":[{\"@type\":\"WebPage\",\"@id\":\"https:\\\/\\\/doctorflorenceh24.it\\\/fr\\\/politique-de-confidentialite\\\/\",\"url\":\"https:\\\/\\\/doctorflorenceh24.it\\\/fr\\\/politique-de-confidentialite\\\/\",\"name\":\"Politique de confidentialit\u00e9 | DoctorFlorenceh24\",\"isPartOf\":{\"@id\":\"https:\\\/\\\/doctorflorenceh24.it\\\/fr\\\/#website\"},\"primaryImageOfPage\":{\"@id\":\"https:\\\/\\\/doctorflorenceh24.it\\\/fr\\\/politique-de-confidentialite\\\/#primaryimage\"},\"image\":{\"@id\":\"https:\\\/\\\/doctorflorenceh24.it\\\/fr\\\/politique-de-confidentialite\\\/#primaryimage\"},\"thumbnailUrl\":\"https:\\\/\\\/source.unsplash.com\\\/random\\\/2000x1000\\\/?wallpaper,page,821\",\"datePublished\":\"2024-03-12T09:16:50+00:00\",\"dateModified\":\"2026-02-26T10:54:31+00:00\",\"breadcrumb\":{\"@id\":\"https:\\\/\\\/doctorflorenceh24.it\\\/fr\\\/politique-de-confidentialite\\\/#breadcrumb\"},\"inLanguage\":\"fr-FR\",\"potentialAction\":[{\"@type\":\"ReadAction\",\"target\":[\"https:\\\/\\\/doctorflorenceh24.it\\\/fr\\\/politique-de-confidentialite\\\/\"]}]},{\"@type\":\"ImageObject\",\"inLanguage\":\"fr-FR\",\"@id\":\"https:\\\/\\\/doctorflorenceh24.it\\\/fr\\\/politique-de-confidentialite\\\/#primaryimage\",\"url\":\"https:\\\/\\\/source.unsplash.com\\\/random\\\/2000x1000\\\/?wallpaper,page,821\",\"contentUrl\":\"https:\\\/\\\/source.unsplash.com\\\/random\\\/2000x1000\\\/?wallpaper,page,821\"},{\"@type\":\"BreadcrumbList\",\"@id\":\"https:\\\/\\\/doctorflorenceh24.it\\\/fr\\\/politique-de-confidentialite\\\/#breadcrumb\",\"itemListElement\":[{\"@type\":\"ListItem\",\"position\":1,\"name\":\"Home\",\"item\":\"https:\\\/\\\/doctorflorenceh24.it\\\/fr\\\/\"},{\"@type\":\"ListItem\",\"position\":2,\"name\":\"Politique de confidentialit\u00e9\"}]},{\"@type\":\"WebSite\",\"@id\":\"https:\\\/\\\/doctorflorenceh24.it\\\/fr\\\/#website\",\"url\":\"https:\\\/\\\/doctorflorenceh24.it\\\/fr\\\/\",\"name\":\"DoctorFlorenceh24\",\"description\":\"\",\"publisher\":{\"@id\":\"https:\\\/\\\/doctorflorenceh24.it\\\/fr\\\/#organization\"},\"potentialAction\":[{\"@type\":\"SearchAction\",\"target\":{\"@type\":\"EntryPoint\",\"urlTemplate\":\"https:\\\/\\\/doctorflorenceh24.it\\\/fr\\\/?s={search_term_string}\"},\"query-input\":{\"@type\":\"PropertyValueSpecification\",\"valueRequired\":true,\"valueName\":\"search_term_string\"}}],\"inLanguage\":\"fr-FR\"},{\"@type\":\"Organization\",\"@id\":\"https:\\\/\\\/doctorflorenceh24.it\\\/fr\\\/#organization\",\"name\":\"DoctorFlorenceh24\",\"url\":\"https:\\\/\\\/doctorflorenceh24.it\\\/fr\\\/\",\"logo\":{\"@type\":\"ImageObject\",\"inLanguage\":\"fr-FR\",\"@id\":\"https:\\\/\\\/doctorflorenceh24.it\\\/fr\\\/#\\\/schema\\\/logo\\\/image\\\/\",\"url\":\"https:\\\/\\\/doctorflorenceh24.it\\\/wp-content\\\/uploads\\\/logo-web-drflorence-4.png\",\"contentUrl\":\"https:\\\/\\\/doctorflorenceh24.it\\\/wp-content\\\/uploads\\\/logo-web-drflorence-4.png\",\"width\":546,\"height\":451,\"caption\":\"DoctorFlorenceh24\"},\"image\":{\"@id\":\"https:\\\/\\\/doctorflorenceh24.it\\\/fr\\\/#\\\/schema\\\/logo\\\/image\\\/\"},\"sameAs\":[\"https:\\\/\\\/www.facebook.com\\\/doctortohome\",\"https:\\\/\\\/www.instagram.com\\\/doctorflorenceh24\\\/\"]}]}<\/script>\n<!-- \/ Yoast SEO plugin. -->","yoast_head_json":{"title":"Politique de confidentialit\u00e9 | DoctorFlorenceh24","robots":{"index":"index","follow":"follow","max-snippet":"max-snippet:-1","max-image-preview":"max-image-preview:large","max-video-preview":"max-video-preview:-1"},"canonical":"https:\/\/doctorflorenceh24.it\/fr\/politique-de-confidentialite\/","og_locale":"fr_FR","og_type":"article","og_title":"Politique de confidentialit\u00e9 | DoctorFlorenceh24","og_description":"Avis relatif au traitement des donn\u00e9es personnelles (RGPD)Doctor Florence H24 S.r.l., en qualit\u00e9 de Responsable du traitement, informe que la nouvelle notice d\u2019information conform\u00e9ment aux articles 13\u201314 du R\u00e8glement (UE) 2016\/679 est d\u00e9sormais disponible.Afin de garantir la conformit\u00e9 et l\u2019uniformit\u00e9 avec le document approuv\u00e9, le texte int\u00e9gral est mis \u00e0 disposition au format PDF. \ud83d\udcc4...","og_url":"https:\/\/doctorflorenceh24.it\/fr\/politique-de-confidentialite\/","og_site_name":"DoctorFlorenceh24","article_publisher":"https:\/\/www.facebook.com\/doctortohome","article_modified_time":"2026-02-26T10:54:31+00:00","og_image":[{"width":1350,"height":568,"url":"https:\/\/doctorflorenceh24.it\/wp-content\/uploads\/drflorence_logo_1.png","type":"image\/png"}],"twitter_card":"summary_large_image","twitter_misc":{"Dur\u00e9e de lecture estim\u00e9e":"1 minute"},"schema":{"@context":"https:\/\/schema.org","@graph":[{"@type":"WebPage","@id":"https:\/\/doctorflorenceh24.it\/fr\/politique-de-confidentialite\/","url":"https:\/\/doctorflorenceh24.it\/fr\/politique-de-confidentialite\/","name":"Politique de confidentialit\u00e9 | DoctorFlorenceh24","isPartOf":{"@id":"https:\/\/doctorflorenceh24.it\/fr\/#website"},"primaryImageOfPage":{"@id":"https:\/\/doctorflorenceh24.it\/fr\/politique-de-confidentialite\/#primaryimage"},"image":{"@id":"https:\/\/doctorflorenceh24.it\/fr\/politique-de-confidentialite\/#primaryimage"},"thumbnailUrl":"https:\/\/source.unsplash.com\/random\/2000x1000\/?wallpaper,page,821","datePublished":"2024-03-12T09:16:50+00:00","dateModified":"2026-02-26T10:54:31+00:00","breadcrumb":{"@id":"https:\/\/doctorflorenceh24.it\/fr\/politique-de-confidentialite\/#breadcrumb"},"inLanguage":"fr-FR","potentialAction":[{"@type":"ReadAction","target":["https:\/\/doctorflorenceh24.it\/fr\/politique-de-confidentialite\/"]}]},{"@type":"ImageObject","inLanguage":"fr-FR","@id":"https:\/\/doctorflorenceh24.it\/fr\/politique-de-confidentialite\/#primaryimage","url":"https:\/\/source.unsplash.com\/random\/2000x1000\/?wallpaper,page,821","contentUrl":"https:\/\/source.unsplash.com\/random\/2000x1000\/?wallpaper,page,821"},{"@type":"BreadcrumbList","@id":"https:\/\/doctorflorenceh24.it\/fr\/politique-de-confidentialite\/#breadcrumb","itemListElement":[{"@type":"ListItem","position":1,"name":"Home","item":"https:\/\/doctorflorenceh24.it\/fr\/"},{"@type":"ListItem","position":2,"name":"Politique de confidentialit\u00e9"}]},{"@type":"WebSite","@id":"https:\/\/doctorflorenceh24.it\/fr\/#website","url":"https:\/\/doctorflorenceh24.it\/fr\/","name":"DoctorFlorenceh24","description":"","publisher":{"@id":"https:\/\/doctorflorenceh24.it\/fr\/#organization"},"potentialAction":[{"@type":"SearchAction","target":{"@type":"EntryPoint","urlTemplate":"https:\/\/doctorflorenceh24.it\/fr\/?s={search_term_string}"},"query-input":{"@type":"PropertyValueSpecification","valueRequired":true,"valueName":"search_term_string"}}],"inLanguage":"fr-FR"},{"@type":"Organization","@id":"https:\/\/doctorflorenceh24.it\/fr\/#organization","name":"DoctorFlorenceh24","url":"https:\/\/doctorflorenceh24.it\/fr\/","logo":{"@type":"ImageObject","inLanguage":"fr-FR","@id":"https:\/\/doctorflorenceh24.it\/fr\/#\/schema\/logo\/image\/","url":"https:\/\/doctorflorenceh24.it\/wp-content\/uploads\/logo-web-drflorence-4.png","contentUrl":"https:\/\/doctorflorenceh24.it\/wp-content\/uploads\/logo-web-drflorence-4.png","width":546,"height":451,"caption":"DoctorFlorenceh24"},"image":{"@id":"https:\/\/doctorflorenceh24.it\/fr\/#\/schema\/logo\/image\/"},"sameAs":["https:\/\/www.facebook.com\/doctortohome","https:\/\/www.instagram.com\/doctorflorenceh24\/"]}]}},"_links":{"self":[{"href":"https:\/\/doctorflorenceh24.it\/fr\/wp-json\/wp\/v2\/pages\/821","targetHints":{"allow":["GET"]}}],"collection":[{"href":"https:\/\/doctorflorenceh24.it\/fr\/wp-json\/wp\/v2\/pages"}],"about":[{"href":"https:\/\/doctorflorenceh24.it\/fr\/wp-json\/wp\/v2\/types\/page"}],"author":[{"embeddable":true,"href":"https:\/\/doctorflorenceh24.it\/fr\/wp-json\/wp\/v2\/users\/1"}],"replies":[{"embeddable":true,"href":"https:\/\/doctorflorenceh24.it\/fr\/wp-json\/wp\/v2\/comments?post=821"}],"version-history":[{"count":5,"href":"https:\/\/doctorflorenceh24.it\/fr\/wp-json\/wp\/v2\/pages\/821\/revisions"}],"predecessor-version":[{"id":1347,"href":"https:\/\/doctorflorenceh24.it\/fr\/wp-json\/wp\/v2\/pages\/821\/revisions\/1347"}],"wp:featuredmedia":[{"embeddable":true,"href":"https:\/\/doctorflorenceh24.it\/fr\/wp-json\/wp\/v2\/media\/186"}],"wp:attachment":[{"href":"https:\/\/doctorflorenceh24.it\/fr\/wp-json\/wp\/v2\/media?parent=821"}],"wp:term":[{"taxonomy":"category","embeddable":true,"href":"https:\/\/doctorflorenceh24.it\/fr\/wp-json\/wp\/v2\/categories?post=821"},{"taxonomy":"post_tag","embeddable":true,"href":"https:\/\/doctorflorenceh24.it\/fr\/wp-json\/wp\/v2\/tags?post=821"}],"curies":[{"name":"wp","href":"https:\/\/api.w.org\/{rel}","templated":true}]}}