{"id":809,"date":"2024-04-29T10:02:38","date_gmt":"2024-04-29T10:02:38","guid":{"rendered":"http:\/\/doctorflorenceh24.it\/services-medicaux\/certificats-medicaux-sportifs\/"},"modified":"2024-06-17T15:09:38","modified_gmt":"2024-06-17T15:09:38","slug":"certificats-medicaux-sportifs","status":"publish","type":"page","link":"https:\/\/doctorflorenceh24.it\/fr\/certificats-medicaux-sportifs\/","title":{"rendered":"Certificats m\u00e9dicaux-sportifs"},"content":{"rendered":"\t\t<div data-elementor-type=\"wp-page\" data-elementor-id=\"809\" class=\"elementor elementor-809 elementor-453\" data-elementor-post-type=\"page\">\n\t\t\t\t<div class=\"elementor-element elementor-element-2c2243dd e-con-full e-flex e-con e-parent\" data-id=\"2c2243dd\" data-element_type=\"container\" data-settings=\"{&quot;jet_parallax_layout_list&quot;:[]}\">\n\t\t\t\t<div class=\"elementor-element elementor-element-a1f52d1 elementor-invisible elementor-has-bg-overlay elementor-widget elementor-widget-global elementor-global-232 elementor-widget-heading\" data-id=\"a1f52d1\" data-element_type=\"widget\" data-settings=\"{&quot;_animation&quot;:&quot;fadeInDown&quot;}\" data-widget_type=\"heading.default\">\n\t\t\t\t<div class=\"elementor-widget-container\">\n\t\t\t\t\t<h1 class=\"elementor-heading-title elementor-size-default\">Certificats m\u00e9dicaux-sportifs<\/h1>\t\t\t\t<\/div>\n\t\t\t\t<\/div>\n\t\t\t\t<\/div>\n\t\t<div class=\"elementor-element elementor-element-7fd70878 e-flex e-con-boxed e-con e-parent\" data-id=\"7fd70878\" data-element_type=\"container\" data-settings=\"{&quot;jet_parallax_layout_list&quot;:[]}\">\n\t\t\t\t\t<div class=\"e-con-inner\">\n\t\t\t\t<div class=\"elementor-element elementor-element-7e2fa624 elementor-widget elementor-widget-text-editor\" data-id=\"7e2fa624\" data-element_type=\"widget\" data-widget_type=\"text-editor.default\">\n\t\t\t\t<div class=\"elementor-widget-container\">\n\t\t\t\t\t\t\t\t\t<h2 style=\"text-align: left;\">Certificats m\u00e9dicaux pour le sport<\/h2>\n<p>DoctorFlorenceH24 propose \u00e9galement des <strong>certificats m\u00e9dicaux pour le sport.<\/strong><\/p>\n<p>Le certificat m\u00e9dical pour les<strong> sports non comp\u00e9titifs<\/strong> est valable un an et est requis pour ceux qui pratiquent des activit\u00e9s sportives non comp\u00e9titives telles que les s\u00e9ances de gymnastique, la natation, les \u00e9coles de danse et les activit\u00e9s sportives en g\u00e9n\u00e9ral.<\/p>\n<p>Pour l&rsquo;\u00e9mission du certificat, notre m\u00e9decin effectuera un bilan g\u00e9n\u00e9ral qui comprend la r\u00e9alisation ou la r\u00e9vision (si vous en avez d\u00e9j\u00e0 un r\u00e9cent) de l&rsquo;\u00e9lectrocardiogramme de repos (ECG).<\/p>\n<p>Pour r\u00e9pondre aux besoins de nos patients, nous sommes en mesure de proposer des rendez-vous dans diff\u00e9rents quartiers de la ville :<br \/>\nNovoli \u00e0 Via di Villa Demidoff 49 ;<br \/>\nSud de Florence \u00e0 Via Quintino Sella 62r ;<br \/>\nZone du stade \u00e0 Via Valcareggi 31 ;<br \/>\nTous les jours \u00e0 diff\u00e9rents horaires, du matin jusqu&rsquo;au soir, dans notre bureau du centre-ville, \u00e0 Piazza dell&rsquo;Unit\u00e0 Italiana 7.<br \/>\nEn plus de ce type de service, notre personnel propose \u00e9galement :<br \/>\nDes certificats anamnestiques n\u00e9cessaires pour certaines activit\u00e9s professionnelles, pour le renouvellement ou la d\u00e9livrance de divers types de permis de conduire, ou pour les permis de port d&rsquo;armes ;<br \/>\nDes certificats de cong\u00e9 maladie pour ceux qui, en cas de besoin et sans m\u00e9decin de famille, ont besoin d&rsquo;une documentation de leur \u00e9tat de cong\u00e9 maladie \u00e0 des fins professionnelles ou scolaires.<\/p>\n\t\t\t\t\t\t\t\t<\/div>\n\t\t\t\t<\/div>\n\t\t\t\t<div class=\"elementor-element elementor-element-6ee6efb elementor-widget elementor-widget-button\" data-id=\"6ee6efb\" data-element_type=\"widget\" data-widget_type=\"button.default\">\n\t\t\t\t<div class=\"elementor-widget-container\">\n\t\t\t\t\t\t\t\t\t<div class=\"elementor-button-wrapper\">\n\t\t\t\t\t<a class=\"elementor-button elementor-button-link elementor-size-sm\" href=\"tel:+390550107341\">\n\t\t\t\t\t\t<span class=\"elementor-button-content-wrapper\">\n\t\t\t\t\t\t\t\t\t<span class=\"elementor-button-text\">Appelez-nous pour plus d'information<\/span>\n\t\t\t\t\t<\/span>\n\t\t\t\t\t<\/a>\n\t\t\t\t<\/div>\n\t\t\t\t\t\t\t\t<\/div>\n\t\t\t\t<\/div>\n\t\t\t\t\t<\/div>\n\t\t\t\t<\/div>\n\t\t\t\t<\/div>\n\t\t","protected":false},"excerpt":{"rendered":"<p>DocteurFlorenceH24 propose \u00e9galement des services pour les activit\u00e9s sportives. Pratiquer des activit\u00e9s sportives \u00e0 un niveau non comp\u00e9titif n\u00e9cessite un certificat m\u00e9dical-sportif ainsi que la r\u00e9alisation ou la visualisation de l&rsquo;\u00e9lectrocardiogramme de repos (ECG).<\/p>\n","protected":false},"author":1,"featured_media":539,"parent":0,"menu_order":24,"comment_status":"closed","ping_status":"closed","template":"","meta":{"_acf_changed":false,"footnotes":""},"categories":[],"tags":[42,41],"class_list":["post-809","page","type-page","status-publish","has-post-thumbnail","hentry","tag-services-fr","tag-fixed-nav-fr"],"acf":[],"yoast_head":"<!-- This site is optimized with the Yoast SEO plugin v27.4 - https:\/\/yoast.com\/product\/yoast-seo-wordpress\/ -->\n<title>Certificats m\u00e9dicaux-sportifs \u00e0 Florence | DoctorFlorenceh24<\/title>\n<meta name=\"description\" content=\"La pratique d&#039;activit\u00e9s sportives \u00e0 un niveau non comp\u00e9titif n\u00e9cessite un certificat m\u00e9dico-sportif ainsi que la r\u00e9alisation ou la visualisation de l&#039;\u00e9lectrocardiogramme de repos (ECG).\" \/>\n<meta name=\"robots\" content=\"index, follow, max-snippet:-1, max-image-preview:large, max-video-preview:-1\" \/>\n<link rel=\"canonical\" href=\"https:\/\/doctorflorenceh24.it\/fr\/certificats-medicaux-sportifs\/\" \/>\n<meta property=\"og:locale\" content=\"fr_FR\" \/>\n<meta property=\"og:type\" content=\"article\" \/>\n<meta property=\"og:title\" content=\"Certificats m\u00e9dicaux-sportifs \u00e0 Florence | DoctorFlorenceh24\" \/>\n<meta property=\"og:description\" content=\"La pratique d&#039;activit\u00e9s sportives \u00e0 un niveau non comp\u00e9titif n\u00e9cessite un certificat m\u00e9dico-sportif ainsi que la r\u00e9alisation ou la visualisation de l&#039;\u00e9lectrocardiogramme de repos (ECG).\" \/>\n<meta property=\"og:url\" content=\"https:\/\/doctorflorenceh24.it\/fr\/certificats-medicaux-sportifs\/\" \/>\n<meta property=\"og:site_name\" content=\"DoctorFlorenceh24\" \/>\n<meta property=\"article:publisher\" content=\"https:\/\/www.facebook.com\/doctortohome\" \/>\n<meta property=\"article:modified_time\" content=\"2024-06-17T15:09:38+00:00\" \/>\n<meta property=\"og:image\" content=\"https:\/\/doctorflorenceh24.it\/wp-content\/uploads\/shutterstock_618871682.jpg\" \/>\n\t<meta property=\"og:image:width\" content=\"1920\" \/>\n\t<meta property=\"og:image:height\" content=\"1280\" \/>\n\t<meta property=\"og:image:type\" content=\"image\/jpeg\" \/>\n<meta name=\"twitter:card\" content=\"summary_large_image\" \/>\n<meta name=\"twitter:label1\" content=\"Dur\u00e9e de lecture estim\u00e9e\" \/>\n\t<meta name=\"twitter:data1\" content=\"2 minutes\" \/>\n<script type=\"application\/ld+json\" class=\"yoast-schema-graph\">{\"@context\":\"https:\\\/\\\/schema.org\",\"@graph\":[{\"@type\":\"WebPage\",\"@id\":\"https:\\\/\\\/doctorflorenceh24.it\\\/fr\\\/certificats-medicaux-sportifs\\\/\",\"url\":\"https:\\\/\\\/doctorflorenceh24.it\\\/fr\\\/certificats-medicaux-sportifs\\\/\",\"name\":\"Certificats m\u00e9dicaux-sportifs \u00e0 Florence | DoctorFlorenceh24\",\"isPartOf\":{\"@id\":\"https:\\\/\\\/doctorflorenceh24.it\\\/fr\\\/#website\"},\"primaryImageOfPage\":{\"@id\":\"https:\\\/\\\/doctorflorenceh24.it\\\/fr\\\/certificats-medicaux-sportifs\\\/#primaryimage\"},\"image\":{\"@id\":\"https:\\\/\\\/doctorflorenceh24.it\\\/fr\\\/certificats-medicaux-sportifs\\\/#primaryimage\"},\"thumbnailUrl\":\"https:\\\/\\\/doctorflorenceh24.it\\\/wp-content\\\/uploads\\\/shutterstock_618871682.jpg\",\"datePublished\":\"2024-04-29T10:02:38+00:00\",\"dateModified\":\"2024-06-17T15:09:38+00:00\",\"description\":\"La pratique d'activit\u00e9s sportives \u00e0 un niveau non comp\u00e9titif n\u00e9cessite un certificat m\u00e9dico-sportif ainsi que la r\u00e9alisation ou la visualisation de l'\u00e9lectrocardiogramme de repos (ECG).\",\"breadcrumb\":{\"@id\":\"https:\\\/\\\/doctorflorenceh24.it\\\/fr\\\/certificats-medicaux-sportifs\\\/#breadcrumb\"},\"inLanguage\":\"fr-FR\",\"potentialAction\":[{\"@type\":\"ReadAction\",\"target\":[\"https:\\\/\\\/doctorflorenceh24.it\\\/fr\\\/certificats-medicaux-sportifs\\\/\"]}]},{\"@type\":\"ImageObject\",\"inLanguage\":\"fr-FR\",\"@id\":\"https:\\\/\\\/doctorflorenceh24.it\\\/fr\\\/certificats-medicaux-sportifs\\\/#primaryimage\",\"url\":\"https:\\\/\\\/doctorflorenceh24.it\\\/wp-content\\\/uploads\\\/shutterstock_618871682.jpg\",\"contentUrl\":\"https:\\\/\\\/doctorflorenceh24.it\\\/wp-content\\\/uploads\\\/shutterstock_618871682.jpg\",\"width\":1920,\"height\":1280,\"caption\":\"Medical-sports certificates\"},{\"@type\":\"BreadcrumbList\",\"@id\":\"https:\\\/\\\/doctorflorenceh24.it\\\/fr\\\/certificats-medicaux-sportifs\\\/#breadcrumb\",\"itemListElement\":[{\"@type\":\"ListItem\",\"position\":1,\"name\":\"Home\",\"item\":\"https:\\\/\\\/doctorflorenceh24.it\\\/fr\\\/\"},{\"@type\":\"ListItem\",\"position\":2,\"name\":\"Certificats m\u00e9dicaux-sportifs\"}]},{\"@type\":\"WebSite\",\"@id\":\"https:\\\/\\\/doctorflorenceh24.it\\\/fr\\\/#website\",\"url\":\"https:\\\/\\\/doctorflorenceh24.it\\\/fr\\\/\",\"name\":\"DoctorFlorenceh24\",\"description\":\"\",\"publisher\":{\"@id\":\"https:\\\/\\\/doctorflorenceh24.it\\\/fr\\\/#organization\"},\"potentialAction\":[{\"@type\":\"SearchAction\",\"target\":{\"@type\":\"EntryPoint\",\"urlTemplate\":\"https:\\\/\\\/doctorflorenceh24.it\\\/fr\\\/?s={search_term_string}\"},\"query-input\":{\"@type\":\"PropertyValueSpecification\",\"valueRequired\":true,\"valueName\":\"search_term_string\"}}],\"inLanguage\":\"fr-FR\"},{\"@type\":\"Organization\",\"@id\":\"https:\\\/\\\/doctorflorenceh24.it\\\/fr\\\/#organization\",\"name\":\"DoctorFlorenceh24\",\"url\":\"https:\\\/\\\/doctorflorenceh24.it\\\/fr\\\/\",\"logo\":{\"@type\":\"ImageObject\",\"inLanguage\":\"fr-FR\",\"@id\":\"https:\\\/\\\/doctorflorenceh24.it\\\/fr\\\/#\\\/schema\\\/logo\\\/image\\\/\",\"url\":\"https:\\\/\\\/doctorflorenceh24.it\\\/wp-content\\\/uploads\\\/logo-web-drflorence-4.png\",\"contentUrl\":\"https:\\\/\\\/doctorflorenceh24.it\\\/wp-content\\\/uploads\\\/logo-web-drflorence-4.png\",\"width\":546,\"height\":451,\"caption\":\"DoctorFlorenceh24\"},\"image\":{\"@id\":\"https:\\\/\\\/doctorflorenceh24.it\\\/fr\\\/#\\\/schema\\\/logo\\\/image\\\/\"},\"sameAs\":[\"https:\\\/\\\/www.facebook.com\\\/doctortohome\",\"https:\\\/\\\/www.instagram.com\\\/doctorflorenceh24\\\/\"]}]}<\/script>\n<!-- \/ Yoast SEO plugin. -->","yoast_head_json":{"title":"Certificats m\u00e9dicaux-sportifs \u00e0 Florence | DoctorFlorenceh24","description":"La pratique d'activit\u00e9s sportives \u00e0 un niveau non comp\u00e9titif n\u00e9cessite un certificat m\u00e9dico-sportif ainsi que la r\u00e9alisation ou la visualisation de l'\u00e9lectrocardiogramme de repos (ECG).","robots":{"index":"index","follow":"follow","max-snippet":"max-snippet:-1","max-image-preview":"max-image-preview:large","max-video-preview":"max-video-preview:-1"},"canonical":"https:\/\/doctorflorenceh24.it\/fr\/certificats-medicaux-sportifs\/","og_locale":"fr_FR","og_type":"article","og_title":"Certificats m\u00e9dicaux-sportifs \u00e0 Florence | DoctorFlorenceh24","og_description":"La pratique d'activit\u00e9s sportives \u00e0 un niveau non comp\u00e9titif n\u00e9cessite un certificat m\u00e9dico-sportif ainsi que la r\u00e9alisation ou la visualisation de l'\u00e9lectrocardiogramme de repos (ECG).","og_url":"https:\/\/doctorflorenceh24.it\/fr\/certificats-medicaux-sportifs\/","og_site_name":"DoctorFlorenceh24","article_publisher":"https:\/\/www.facebook.com\/doctortohome","article_modified_time":"2024-06-17T15:09:38+00:00","og_image":[{"width":1920,"height":1280,"url":"https:\/\/doctorflorenceh24.it\/wp-content\/uploads\/shutterstock_618871682.jpg","type":"image\/jpeg"}],"twitter_card":"summary_large_image","twitter_misc":{"Dur\u00e9e de lecture estim\u00e9e":"2 minutes"},"schema":{"@context":"https:\/\/schema.org","@graph":[{"@type":"WebPage","@id":"https:\/\/doctorflorenceh24.it\/fr\/certificats-medicaux-sportifs\/","url":"https:\/\/doctorflorenceh24.it\/fr\/certificats-medicaux-sportifs\/","name":"Certificats m\u00e9dicaux-sportifs \u00e0 Florence | DoctorFlorenceh24","isPartOf":{"@id":"https:\/\/doctorflorenceh24.it\/fr\/#website"},"primaryImageOfPage":{"@id":"https:\/\/doctorflorenceh24.it\/fr\/certificats-medicaux-sportifs\/#primaryimage"},"image":{"@id":"https:\/\/doctorflorenceh24.it\/fr\/certificats-medicaux-sportifs\/#primaryimage"},"thumbnailUrl":"https:\/\/doctorflorenceh24.it\/wp-content\/uploads\/shutterstock_618871682.jpg","datePublished":"2024-04-29T10:02:38+00:00","dateModified":"2024-06-17T15:09:38+00:00","description":"La pratique d'activit\u00e9s sportives \u00e0 un niveau non comp\u00e9titif n\u00e9cessite un certificat m\u00e9dico-sportif ainsi que la r\u00e9alisation ou la visualisation de l'\u00e9lectrocardiogramme de repos (ECG).","breadcrumb":{"@id":"https:\/\/doctorflorenceh24.it\/fr\/certificats-medicaux-sportifs\/#breadcrumb"},"inLanguage":"fr-FR","potentialAction":[{"@type":"ReadAction","target":["https:\/\/doctorflorenceh24.it\/fr\/certificats-medicaux-sportifs\/"]}]},{"@type":"ImageObject","inLanguage":"fr-FR","@id":"https:\/\/doctorflorenceh24.it\/fr\/certificats-medicaux-sportifs\/#primaryimage","url":"https:\/\/doctorflorenceh24.it\/wp-content\/uploads\/shutterstock_618871682.jpg","contentUrl":"https:\/\/doctorflorenceh24.it\/wp-content\/uploads\/shutterstock_618871682.jpg","width":1920,"height":1280,"caption":"Medical-sports certificates"},{"@type":"BreadcrumbList","@id":"https:\/\/doctorflorenceh24.it\/fr\/certificats-medicaux-sportifs\/#breadcrumb","itemListElement":[{"@type":"ListItem","position":1,"name":"Home","item":"https:\/\/doctorflorenceh24.it\/fr\/"},{"@type":"ListItem","position":2,"name":"Certificats m\u00e9dicaux-sportifs"}]},{"@type":"WebSite","@id":"https:\/\/doctorflorenceh24.it\/fr\/#website","url":"https:\/\/doctorflorenceh24.it\/fr\/","name":"DoctorFlorenceh24","description":"","publisher":{"@id":"https:\/\/doctorflorenceh24.it\/fr\/#organization"},"potentialAction":[{"@type":"SearchAction","target":{"@type":"EntryPoint","urlTemplate":"https:\/\/doctorflorenceh24.it\/fr\/?s={search_term_string}"},"query-input":{"@type":"PropertyValueSpecification","valueRequired":true,"valueName":"search_term_string"}}],"inLanguage":"fr-FR"},{"@type":"Organization","@id":"https:\/\/doctorflorenceh24.it\/fr\/#organization","name":"DoctorFlorenceh24","url":"https:\/\/doctorflorenceh24.it\/fr\/","logo":{"@type":"ImageObject","inLanguage":"fr-FR","@id":"https:\/\/doctorflorenceh24.it\/fr\/#\/schema\/logo\/image\/","url":"https:\/\/doctorflorenceh24.it\/wp-content\/uploads\/logo-web-drflorence-4.png","contentUrl":"https:\/\/doctorflorenceh24.it\/wp-content\/uploads\/logo-web-drflorence-4.png","width":546,"height":451,"caption":"DoctorFlorenceh24"},"image":{"@id":"https:\/\/doctorflorenceh24.it\/fr\/#\/schema\/logo\/image\/"},"sameAs":["https:\/\/www.facebook.com\/doctortohome","https:\/\/www.instagram.com\/doctorflorenceh24\/"]}]}},"_links":{"self":[{"href":"https:\/\/doctorflorenceh24.it\/fr\/wp-json\/wp\/v2\/pages\/809","targetHints":{"allow":["GET"]}}],"collection":[{"href":"https:\/\/doctorflorenceh24.it\/fr\/wp-json\/wp\/v2\/pages"}],"about":[{"href":"https:\/\/doctorflorenceh24.it\/fr\/wp-json\/wp\/v2\/types\/page"}],"author":[{"embeddable":true,"href":"https:\/\/doctorflorenceh24.it\/fr\/wp-json\/wp\/v2\/users\/1"}],"replies":[{"embeddable":true,"href":"https:\/\/doctorflorenceh24.it\/fr\/wp-json\/wp\/v2\/comments?post=809"}],"version-history":[{"count":0,"href":"https:\/\/doctorflorenceh24.it\/fr\/wp-json\/wp\/v2\/pages\/809\/revisions"}],"wp:featuredmedia":[{"embeddable":true,"href":"https:\/\/doctorflorenceh24.it\/fr\/wp-json\/wp\/v2\/media\/539"}],"wp:attachment":[{"href":"https:\/\/doctorflorenceh24.it\/fr\/wp-json\/wp\/v2\/media?parent=809"}],"wp:term":[{"taxonomy":"category","embeddable":true,"href":"https:\/\/doctorflorenceh24.it\/fr\/wp-json\/wp\/v2\/categories?post=809"},{"taxonomy":"post_tag","embeddable":true,"href":"https:\/\/doctorflorenceh24.it\/fr\/wp-json\/wp\/v2\/tags?post=809"}],"curies":[{"name":"wp","href":"https:\/\/api.w.org\/{rel}","templated":true}]}}