{"id":807,"date":"2024-03-12T10:01:22","date_gmt":"2024-03-12T10:01:22","guid":{"rendered":"http:\/\/doctorflorenceh24.it\/services-medicaux\/"},"modified":"2026-01-24T15:27:08","modified_gmt":"2026-01-24T15:27:08","slug":"services-medicaux","status":"publish","type":"page","link":"https:\/\/doctorflorenceh24.it\/fr\/services-medicaux\/","title":{"rendered":"Services M\u00e9dicaux"},"content":{"rendered":"\t\t<div data-elementor-type=\"wp-page\" data-elementor-id=\"807\" class=\"elementor elementor-807 elementor-393\" data-elementor-post-type=\"page\">\n\t\t\t\t<div class=\"elementor-element elementor-element-2c2243dd e-con-full e-flex e-con e-parent\" data-id=\"2c2243dd\" data-element_type=\"container\" data-settings=\"{&quot;jet_parallax_layout_list&quot;:[]}\">\n\t\t\t\t<div class=\"elementor-element elementor-element-a1f52d1 elementor-invisible elementor-has-bg-overlay elementor-widget elementor-widget-global elementor-global-232 elementor-widget-heading\" data-id=\"a1f52d1\" data-element_type=\"widget\" data-settings=\"{&quot;_animation&quot;:&quot;fadeInDown&quot;}\" data-widget_type=\"heading.default\">\n\t\t\t\t<div class=\"elementor-widget-container\">\n\t\t\t\t\t<h1 class=\"elementor-heading-title elementor-size-default\">Services M\u00e9dicaux<\/h1>\t\t\t\t<\/div>\n\t\t\t\t<\/div>\n\t\t\t\t<\/div>\n\t\t<div class=\"elementor-element elementor-element-7e79426 e-flex e-con-boxed e-con e-parent\" data-id=\"7e79426\" data-element_type=\"container\" data-settings=\"{&quot;jet_parallax_layout_list&quot;:[]}\">\n\t\t\t\t\t<div class=\"e-con-inner\">\n\t\t\t\t<div class=\"elementor-element elementor-element-1174235 elementor-widget elementor-widget-text-editor\" data-id=\"1174235\" data-element_type=\"widget\" data-widget_type=\"text-editor.default\">\n\t\t\t\t<div class=\"elementor-widget-container\">\n\t\t\t\t\t\t\t\t\t<h2>Tous les services m\u00e9dicaux dont vous pourriez avoir besoin.<\/h2>\n<p>Nous sommes en mesure d&rsquo;organiser, dans les d\u00e9lais les plus courts possibles, divers services \u00e0 domicile pour les <strong>\u00e9tudiants internationaux et les touristes \u00e0 Florence<\/strong>, tels que : <strong>radiographies, \u00e9chographies, analyses sanguines, assistance infirmi\u00e8re m\u00eame la nuit, r\u00e9servation d&rsquo;ambulances et de taxis m\u00e9dicaux.<\/strong><\/p>\n<p>Nous effectuons diff\u00e9rents types de tests de pr\u00e9l\u00e8vement, tels que des tests d&rsquo;antig\u00e8ne rapide (Covid) et des MST (maladies sexuellement transmissibles), des injections, l&rsquo;administration d&rsquo;une large gamme de vaccins, notamment ceux requis pour les voyages internationaux (ce service est li\u00e9 \u00e0 la disponibilit\u00e9 des vaccins), des pansements, des bandages et des sutures.<\/p>\n<p>Nous collaborons avec les principales compagnies d&rsquo;assurance, y compris <strong>GEOBLUE, CISI, CHUBB<\/strong>, etc.<\/p>\n<p>Avec nous, vous pouvez r\u00e9server des visites pour les certificats m\u00e9dicaux de sports non comp\u00e9titifs comprenant un ECG de repos (rendez-vous disponibles \u00e0 Novoli, Florence Sud, Campo di Marte et au centre-ville historique), des certificats de <strong>cong\u00e9 maladie<\/strong> et des <strong>certificats anamnestiques.<\/strong><\/p>\n<p>Veuillez noter : Afin de vous garantir le meilleur service possible, nous collaborons avec des prestataires tiers pour certains services sp\u00e9cifiques.<\/p>\n\t\t\t\t\t\t\t\t<\/div>\n\t\t\t\t<\/div>\n\t\t\t\t\t<\/div>\n\t\t\t\t<\/div>\n\t\t\t\t<\/div>\n\t\t","protected":false},"excerpt":{"rendered":"<p>Tous les services m\u00e9dicaux dont vous pourriez avoir besoin. Nous sommes en mesure d&rsquo;organiser, dans les d\u00e9lais les plus courts possibles, divers services \u00e0 domicile pour les \u00e9tudiants internationaux et les touristes \u00e0 Florence, tels que : radiographies, \u00e9chographies, analyses sanguines, assistance infirmi\u00e8re m\u00eame la nuit, r\u00e9servation d&rsquo;ambulances et de taxis m\u00e9dicaux. Nous effectuons diff\u00e9rents&#8230;<\/p>\n","protected":false},"author":1,"featured_media":572,"parent":0,"menu_order":7,"comment_status":"closed","ping_status":"closed","template":"","meta":{"_acf_changed":false,"footnotes":""},"categories":[],"tags":[41],"class_list":["post-807","page","type-page","status-publish","has-post-thumbnail","hentry","tag-fixed-nav-fr"],"acf":[],"yoast_head":"<!-- This site is optimized with the Yoast SEO plugin v27.4 - https:\/\/yoast.com\/product\/yoast-seo-wordpress\/ -->\n<title>Services m\u00e9dicaux pour les \u00e9tudiants internationaux \u00e0 Florence| DoctorFlorenceh24<\/title>\n<meta name=\"description\" content=\"Tous les services m\u00e9dicaux dont vous pourriez avoir besoin pour les \u00e9tudiants internationaux \u00e0 Florence, dans les plus brefs d\u00e9lais, 24 heures sur 24, 7 jours sur 7.\" \/>\n<meta name=\"robots\" content=\"index, follow, max-snippet:-1, max-image-preview:large, max-video-preview:-1\" \/>\n<link rel=\"canonical\" href=\"https:\/\/doctorflorenceh24.it\/fr\/services-medicaux\/\" \/>\n<meta property=\"og:locale\" content=\"fr_FR\" \/>\n<meta property=\"og:type\" content=\"article\" \/>\n<meta property=\"og:title\" content=\"Services m\u00e9dicaux pour les \u00e9tudiants internationaux \u00e0 Florence| DoctorFlorenceh24\" \/>\n<meta property=\"og:description\" content=\"Tous les services m\u00e9dicaux dont vous pourriez avoir besoin pour les \u00e9tudiants internationaux \u00e0 Florence, dans les plus brefs d\u00e9lais, 24 heures sur 24, 7 jours sur 7.\" \/>\n<meta property=\"og:url\" content=\"https:\/\/doctorflorenceh24.it\/fr\/services-medicaux\/\" \/>\n<meta property=\"og:site_name\" content=\"DoctorFlorenceh24\" \/>\n<meta property=\"article:publisher\" content=\"https:\/\/www.facebook.com\/doctortohome\" \/>\n<meta property=\"article:modified_time\" content=\"2026-01-24T15:27:08+00:00\" \/>\n<meta property=\"og:image\" content=\"https:\/\/doctorflorenceh24.it\/wp-content\/uploads\/shutterstock_133503068.jpg\" \/>\n\t<meta property=\"og:image:width\" content=\"1920\" \/>\n\t<meta property=\"og:image:height\" content=\"1280\" \/>\n\t<meta property=\"og:image:type\" content=\"image\/jpeg\" \/>\n<meta name=\"twitter:card\" content=\"summary_large_image\" \/>\n<meta name=\"twitter:label1\" content=\"Dur\u00e9e de lecture estim\u00e9e\" \/>\n\t<meta name=\"twitter:data1\" content=\"2 minutes\" \/>\n<script type=\"application\/ld+json\" class=\"yoast-schema-graph\">{\"@context\":\"https:\\\/\\\/schema.org\",\"@graph\":[{\"@type\":\"WebPage\",\"@id\":\"https:\\\/\\\/doctorflorenceh24.it\\\/fr\\\/services-medicaux\\\/\",\"url\":\"https:\\\/\\\/doctorflorenceh24.it\\\/fr\\\/services-medicaux\\\/\",\"name\":\"Services m\u00e9dicaux pour les \u00e9tudiants internationaux \u00e0 Florence| DoctorFlorenceh24\",\"isPartOf\":{\"@id\":\"https:\\\/\\\/doctorflorenceh24.it\\\/fr\\\/#website\"},\"primaryImageOfPage\":{\"@id\":\"https:\\\/\\\/doctorflorenceh24.it\\\/fr\\\/services-medicaux\\\/#primaryimage\"},\"image\":{\"@id\":\"https:\\\/\\\/doctorflorenceh24.it\\\/fr\\\/services-medicaux\\\/#primaryimage\"},\"thumbnailUrl\":\"https:\\\/\\\/doctorflorenceh24.it\\\/wp-content\\\/uploads\\\/shutterstock_133503068.jpg\",\"datePublished\":\"2024-03-12T10:01:22+00:00\",\"dateModified\":\"2026-01-24T15:27:08+00:00\",\"description\":\"Tous les services m\u00e9dicaux dont vous pourriez avoir besoin pour les \u00e9tudiants internationaux \u00e0 Florence, dans les plus brefs d\u00e9lais, 24 heures sur 24, 7 jours sur 7.\",\"breadcrumb\":{\"@id\":\"https:\\\/\\\/doctorflorenceh24.it\\\/fr\\\/services-medicaux\\\/#breadcrumb\"},\"inLanguage\":\"fr-FR\",\"potentialAction\":[{\"@type\":\"ReadAction\",\"target\":[\"https:\\\/\\\/doctorflorenceh24.it\\\/fr\\\/services-medicaux\\\/\"]}]},{\"@type\":\"ImageObject\",\"inLanguage\":\"fr-FR\",\"@id\":\"https:\\\/\\\/doctorflorenceh24.it\\\/fr\\\/services-medicaux\\\/#primaryimage\",\"url\":\"https:\\\/\\\/doctorflorenceh24.it\\\/wp-content\\\/uploads\\\/shutterstock_133503068.jpg\",\"contentUrl\":\"https:\\\/\\\/doctorflorenceh24.it\\\/wp-content\\\/uploads\\\/shutterstock_133503068.jpg\",\"width\":1920,\"height\":1280},{\"@type\":\"BreadcrumbList\",\"@id\":\"https:\\\/\\\/doctorflorenceh24.it\\\/fr\\\/services-medicaux\\\/#breadcrumb\",\"itemListElement\":[{\"@type\":\"ListItem\",\"position\":1,\"name\":\"Home\",\"item\":\"https:\\\/\\\/doctorflorenceh24.it\\\/fr\\\/\"},{\"@type\":\"ListItem\",\"position\":2,\"name\":\"Services M\u00e9dicaux\"}]},{\"@type\":\"WebSite\",\"@id\":\"https:\\\/\\\/doctorflorenceh24.it\\\/fr\\\/#website\",\"url\":\"https:\\\/\\\/doctorflorenceh24.it\\\/fr\\\/\",\"name\":\"DoctorFlorenceh24\",\"description\":\"\",\"publisher\":{\"@id\":\"https:\\\/\\\/doctorflorenceh24.it\\\/fr\\\/#organization\"},\"potentialAction\":[{\"@type\":\"SearchAction\",\"target\":{\"@type\":\"EntryPoint\",\"urlTemplate\":\"https:\\\/\\\/doctorflorenceh24.it\\\/fr\\\/?s={search_term_string}\"},\"query-input\":{\"@type\":\"PropertyValueSpecification\",\"valueRequired\":true,\"valueName\":\"search_term_string\"}}],\"inLanguage\":\"fr-FR\"},{\"@type\":\"Organization\",\"@id\":\"https:\\\/\\\/doctorflorenceh24.it\\\/fr\\\/#organization\",\"name\":\"DoctorFlorenceh24\",\"url\":\"https:\\\/\\\/doctorflorenceh24.it\\\/fr\\\/\",\"logo\":{\"@type\":\"ImageObject\",\"inLanguage\":\"fr-FR\",\"@id\":\"https:\\\/\\\/doctorflorenceh24.it\\\/fr\\\/#\\\/schema\\\/logo\\\/image\\\/\",\"url\":\"https:\\\/\\\/doctorflorenceh24.it\\\/wp-content\\\/uploads\\\/logo-web-drflorence-4.png\",\"contentUrl\":\"https:\\\/\\\/doctorflorenceh24.it\\\/wp-content\\\/uploads\\\/logo-web-drflorence-4.png\",\"width\":546,\"height\":451,\"caption\":\"DoctorFlorenceh24\"},\"image\":{\"@id\":\"https:\\\/\\\/doctorflorenceh24.it\\\/fr\\\/#\\\/schema\\\/logo\\\/image\\\/\"},\"sameAs\":[\"https:\\\/\\\/www.facebook.com\\\/doctortohome\",\"https:\\\/\\\/www.instagram.com\\\/doctorflorenceh24\\\/\"]}]}<\/script>\n<!-- \/ Yoast SEO plugin. -->","yoast_head_json":{"title":"Services m\u00e9dicaux pour les \u00e9tudiants internationaux \u00e0 Florence| DoctorFlorenceh24","description":"Tous les services m\u00e9dicaux dont vous pourriez avoir besoin pour les \u00e9tudiants internationaux \u00e0 Florence, dans les plus brefs d\u00e9lais, 24 heures sur 24, 7 jours sur 7.","robots":{"index":"index","follow":"follow","max-snippet":"max-snippet:-1","max-image-preview":"max-image-preview:large","max-video-preview":"max-video-preview:-1"},"canonical":"https:\/\/doctorflorenceh24.it\/fr\/services-medicaux\/","og_locale":"fr_FR","og_type":"article","og_title":"Services m\u00e9dicaux pour les \u00e9tudiants internationaux \u00e0 Florence| DoctorFlorenceh24","og_description":"Tous les services m\u00e9dicaux dont vous pourriez avoir besoin pour les \u00e9tudiants internationaux \u00e0 Florence, dans les plus brefs d\u00e9lais, 24 heures sur 24, 7 jours sur 7.","og_url":"https:\/\/doctorflorenceh24.it\/fr\/services-medicaux\/","og_site_name":"DoctorFlorenceh24","article_publisher":"https:\/\/www.facebook.com\/doctortohome","article_modified_time":"2026-01-24T15:27:08+00:00","og_image":[{"width":1920,"height":1280,"url":"https:\/\/doctorflorenceh24.it\/wp-content\/uploads\/shutterstock_133503068.jpg","type":"image\/jpeg"}],"twitter_card":"summary_large_image","twitter_misc":{"Dur\u00e9e de lecture estim\u00e9e":"2 minutes"},"schema":{"@context":"https:\/\/schema.org","@graph":[{"@type":"WebPage","@id":"https:\/\/doctorflorenceh24.it\/fr\/services-medicaux\/","url":"https:\/\/doctorflorenceh24.it\/fr\/services-medicaux\/","name":"Services m\u00e9dicaux pour les \u00e9tudiants internationaux \u00e0 Florence| DoctorFlorenceh24","isPartOf":{"@id":"https:\/\/doctorflorenceh24.it\/fr\/#website"},"primaryImageOfPage":{"@id":"https:\/\/doctorflorenceh24.it\/fr\/services-medicaux\/#primaryimage"},"image":{"@id":"https:\/\/doctorflorenceh24.it\/fr\/services-medicaux\/#primaryimage"},"thumbnailUrl":"https:\/\/doctorflorenceh24.it\/wp-content\/uploads\/shutterstock_133503068.jpg","datePublished":"2024-03-12T10:01:22+00:00","dateModified":"2026-01-24T15:27:08+00:00","description":"Tous les services m\u00e9dicaux dont vous pourriez avoir besoin pour les \u00e9tudiants internationaux \u00e0 Florence, dans les plus brefs d\u00e9lais, 24 heures sur 24, 7 jours sur 7.","breadcrumb":{"@id":"https:\/\/doctorflorenceh24.it\/fr\/services-medicaux\/#breadcrumb"},"inLanguage":"fr-FR","potentialAction":[{"@type":"ReadAction","target":["https:\/\/doctorflorenceh24.it\/fr\/services-medicaux\/"]}]},{"@type":"ImageObject","inLanguage":"fr-FR","@id":"https:\/\/doctorflorenceh24.it\/fr\/services-medicaux\/#primaryimage","url":"https:\/\/doctorflorenceh24.it\/wp-content\/uploads\/shutterstock_133503068.jpg","contentUrl":"https:\/\/doctorflorenceh24.it\/wp-content\/uploads\/shutterstock_133503068.jpg","width":1920,"height":1280},{"@type":"BreadcrumbList","@id":"https:\/\/doctorflorenceh24.it\/fr\/services-medicaux\/#breadcrumb","itemListElement":[{"@type":"ListItem","position":1,"name":"Home","item":"https:\/\/doctorflorenceh24.it\/fr\/"},{"@type":"ListItem","position":2,"name":"Services M\u00e9dicaux"}]},{"@type":"WebSite","@id":"https:\/\/doctorflorenceh24.it\/fr\/#website","url":"https:\/\/doctorflorenceh24.it\/fr\/","name":"DoctorFlorenceh24","description":"","publisher":{"@id":"https:\/\/doctorflorenceh24.it\/fr\/#organization"},"potentialAction":[{"@type":"SearchAction","target":{"@type":"EntryPoint","urlTemplate":"https:\/\/doctorflorenceh24.it\/fr\/?s={search_term_string}"},"query-input":{"@type":"PropertyValueSpecification","valueRequired":true,"valueName":"search_term_string"}}],"inLanguage":"fr-FR"},{"@type":"Organization","@id":"https:\/\/doctorflorenceh24.it\/fr\/#organization","name":"DoctorFlorenceh24","url":"https:\/\/doctorflorenceh24.it\/fr\/","logo":{"@type":"ImageObject","inLanguage":"fr-FR","@id":"https:\/\/doctorflorenceh24.it\/fr\/#\/schema\/logo\/image\/","url":"https:\/\/doctorflorenceh24.it\/wp-content\/uploads\/logo-web-drflorence-4.png","contentUrl":"https:\/\/doctorflorenceh24.it\/wp-content\/uploads\/logo-web-drflorence-4.png","width":546,"height":451,"caption":"DoctorFlorenceh24"},"image":{"@id":"https:\/\/doctorflorenceh24.it\/fr\/#\/schema\/logo\/image\/"},"sameAs":["https:\/\/www.facebook.com\/doctortohome","https:\/\/www.instagram.com\/doctorflorenceh24\/"]}]}},"_links":{"self":[{"href":"https:\/\/doctorflorenceh24.it\/fr\/wp-json\/wp\/v2\/pages\/807","targetHints":{"allow":["GET"]}}],"collection":[{"href":"https:\/\/doctorflorenceh24.it\/fr\/wp-json\/wp\/v2\/pages"}],"about":[{"href":"https:\/\/doctorflorenceh24.it\/fr\/wp-json\/wp\/v2\/types\/page"}],"author":[{"embeddable":true,"href":"https:\/\/doctorflorenceh24.it\/fr\/wp-json\/wp\/v2\/users\/1"}],"replies":[{"embeddable":true,"href":"https:\/\/doctorflorenceh24.it\/fr\/wp-json\/wp\/v2\/comments?post=807"}],"version-history":[{"count":2,"href":"https:\/\/doctorflorenceh24.it\/fr\/wp-json\/wp\/v2\/pages\/807\/revisions"}],"predecessor-version":[{"id":1305,"href":"https:\/\/doctorflorenceh24.it\/fr\/wp-json\/wp\/v2\/pages\/807\/revisions\/1305"}],"wp:featuredmedia":[{"embeddable":true,"href":"https:\/\/doctorflorenceh24.it\/fr\/wp-json\/wp\/v2\/media\/572"}],"wp:attachment":[{"href":"https:\/\/doctorflorenceh24.it\/fr\/wp-json\/wp\/v2\/media?parent=807"}],"wp:term":[{"taxonomy":"category","embeddable":true,"href":"https:\/\/doctorflorenceh24.it\/fr\/wp-json\/wp\/v2\/categories?post=807"},{"taxonomy":"post_tag","embeddable":true,"href":"https:\/\/doctorflorenceh24.it\/fr\/wp-json\/wp\/v2\/tags?post=807"}],"curies":[{"name":"wp","href":"https:\/\/api.w.org\/{rel}","templated":true}]}}