{"id":859,"date":"2023-12-05T20:12:59","date_gmt":"2023-12-05T20:12:59","guid":{"rendered":"http:\/\/doctorflorenceh24.it\/sobre-doctorflorenceh24\/"},"modified":"2024-06-06T13:37:20","modified_gmt":"2024-06-06T13:37:20","slug":"sobre-doctorflorenceh24","status":"publish","type":"page","link":"https:\/\/doctorflorenceh24.it\/es\/sobre-doctorflorenceh24\/","title":{"rendered":"Sobre DoctorFlorenceH24"},"content":{"rendered":"\t\t<div data-elementor-type=\"wp-page\" data-elementor-id=\"859\" class=\"elementor elementor-859 elementor-47\" data-elementor-post-type=\"page\">\n\t\t\t\t<div class=\"elementor-element elementor-element-2c2243dd e-con-full e-flex e-con e-parent\" data-id=\"2c2243dd\" data-element_type=\"container\" data-settings=\"{&quot;jet_parallax_layout_list&quot;:[]}\">\n\t\t\t\t<div class=\"elementor-element elementor-element-a1f52d1 elementor-invisible elementor-has-bg-overlay elementor-widget elementor-widget-global elementor-global-232 elementor-widget-heading\" data-id=\"a1f52d1\" data-element_type=\"widget\" data-settings=\"{&quot;_animation&quot;:&quot;fadeInDown&quot;}\" data-widget_type=\"heading.default\">\n\t\t\t\t<div class=\"elementor-widget-container\">\n\t\t\t\t\t<h1 class=\"elementor-heading-title elementor-size-default\">Sobre DoctorFlorenceH24<\/h1>\t\t\t\t<\/div>\n\t\t\t\t<\/div>\n\t\t\t\t<\/div>\n\t\t<div class=\"elementor-element elementor-element-7fd70878 e-flex e-con-boxed e-con e-parent\" data-id=\"7fd70878\" data-element_type=\"container\" data-settings=\"{&quot;jet_parallax_layout_list&quot;:[]}\">\n\t\t\t\t\t<div class=\"e-con-inner\">\n\t\t\t\t<div class=\"elementor-element elementor-element-7e2fa624 elementor-widget elementor-widget-text-editor\" data-id=\"7e2fa624\" data-element_type=\"widget\" data-widget_type=\"text-editor.default\">\n\t\t\t\t<div class=\"elementor-widget-container\">\n\t\t\t\t\t\t\t\t\t<h2 style=\"text-align: left;\">\u00a1Un doctor en casa o en la cl\u00ednica siempre disponible a un clic de distancia!<\/h2><p style=\"text-align: left;\" data-sourcepos=\"3:1-3:73\">DoctorFlorenceH24 es el servicio m\u00e9dico innovador que le facilita la vida cuando lo necesita. Estamos disponibles los 7 d\u00edas de la semana, las 24 horas del d\u00eda para brindarle:<\/p><ul data-sourcepos=\"5:1-5:40\"><li style=\"text-align: left;\" data-sourcepos=\"5:1-5:40\"><p class=\"\" data-sourcepos=\"5:3-5:213\"><strong class=\"\">Atenci\u00f3n inmediata:<\/strong> Nuestro centro de contacto siempre est\u00e1 operativo y trabaja para garantizar soluciones r\u00e1pidas y soporte m\u00e9dico adecuado seg\u00fan sus necesidades. Recibir\u00e1 toda la informaci\u00f3n que necesite.<\/p><\/li><li style=\"text-align: left;\" data-sourcepos=\"7:1-7:179\"><p data-sourcepos=\"7:3-7:179\"><strong>Cl\u00ednica c\u00e9ntrica:<\/strong> \u00a1El centro m\u00e9dico est\u00e1 siempre a su disposici\u00f3n! Nuestra cl\u00ednica est\u00e1 ubicada en el maravilloso centro hist\u00f3rico de Florencia, en una ubicaci\u00f3n estrat\u00e9gica de f\u00e1cil acceso desde la estaci\u00f3n Santa Maria Novella y bien conectada por transporte p\u00fablico.<\/p><\/li><li style=\"text-align: left;\" data-sourcepos=\"9:1-10:0\"><p data-sourcepos=\"9:3-9:330\"><strong>Atenci\u00f3n a domicilio y consultas remotas:<\/strong> Tambi\u00e9n ofrecemos servicio de visita a domicilio en poco tiempo y cubriendo toda la ciudad, incluidas las zonas de tr\u00e1fico restringido (ZTL). Nos esforzamos por satisfacer las diversas necesidades de nuestros pacientes ofreciendo tambi\u00e9n la posibilidad de consultas m\u00e9dicas remotas.<\/p><\/li><li style=\"text-align: left;\" data-sourcepos=\"11:1-11:251\"><p data-sourcepos=\"11:3-11:251\"><strong>Amplia gama de servicios m\u00e9dicos:<\/strong> Podemos organizar, en el menor tiempo posible, diversos servicios a domicilio como: radiograf\u00edas, ecograf\u00edas, an\u00e1lisis de sangre, asistencia de enfermer\u00eda incluso de noche, reserva de ambulancias y taxis m\u00e9dicos. Realizamos diversos tipos de hisopados como pruebas r\u00e1pidas de ant\u00edgenos (Covid) y ETS (enfermedades de transmisi\u00f3n sexual), inyecciones, administraci\u00f3n de una amplia gama de vacunas, especialmente las requeridas para viajes internacionales (este servicio est\u00e1 relacionado con la disponibilidad de vacunas), curaciones, vendajes y suturas.<\/p><\/li><li style=\"text-align: left;\" data-sourcepos=\"13:1-14:0\"><p data-sourcepos=\"13:3-13:121\"><strong>Convenios con aseguradoras:<\/strong> Colaboramos con las principales compa\u00f1\u00edas de seguros, incluidas GEOBLUE, CISI, CHUBB&#8230;<\/p><\/li><li style=\"text-align: left;\" data-sourcepos=\"15:1-16:0\"><p data-sourcepos=\"15:3-15:308\"><strong>Certificados m\u00e9dicos:<\/strong> Con nosotros, puede reservar citas para certificados m\u00e9dicos deportivos no competitivos, incluyendo un ECG en reposo (citas disponibles en Novoli, Florencia Sur, Campo di Marte y en el Centro Hist\u00f3rico de la Ciudad), certificados de baja por enfermedad y certificados anamn\u00e9sicos.<\/p><\/li><li style=\"text-align: left;\" data-sourcepos=\"17:1-18:0\"><p data-sourcepos=\"17:3-17:210\"><strong>Personal multiling\u00fce:<\/strong> Todo nuestro personal est\u00e1 capacitado para brindar asistencia no solo a clientes italianos sino tambi\u00e9n a clientes extranjeros; nuestros m\u00e9dicos hablan ingl\u00e9s y espa\u00f1ol con fluidez.<\/p><\/li><li data-sourcepos=\"19:1-19:189\"><p style=\"text-align: left;\" data-sourcepos=\"19:3-19:189\"><strong>Especialistas a su disposici\u00f3n:<\/strong> Colaboramos con una amplia gama de profesionales, capaces de responder lo m\u00e1s r\u00e1pido posible a sus solicitudes de visitas con especialistas, incluyendo ginecolog\u00eda, endocrinolog\u00eda, ortopedia, oftalmolog\u00eda, otorrinolaringolog\u00eda, cardiolog\u00eda, neurolog\u00eda, odontolog\u00eda, psicolog\u00eda, diet\u00e9tica, fisioterapia y muchos otros.<\/p><\/li><\/ul>\t\t\t\t\t\t\t\t<\/div>\n\t\t\t\t<\/div>\n\t\t\t\t\t<\/div>\n\t\t\t\t<\/div>\n\t\t\t\t<\/div>\n\t\t","protected":false},"excerpt":{"rendered":"<p>\u00a1Un doctor en casa o en la cl\u00ednica siempre disponible a un clic de distancia! DoctorFlorenceH24 es el servicio m\u00e9dico innovador que le facilita la vida cuando lo necesita. Estamos disponibles los 7 d\u00edas de la semana, las 24 horas del d\u00eda para brindarle: Atenci\u00f3n inmediata: Nuestro centro de contacto siempre est\u00e1 operativo y trabaja&#8230;<\/p>\n","protected":false},"author":1,"featured_media":580,"parent":0,"menu_order":58,"comment_status":"closed","ping_status":"closed","template":"","meta":{"_acf_changed":false,"footnotes":""},"categories":[],"tags":[43],"class_list":["post-859","page","type-page","status-publish","has-post-thumbnail","hentry","tag-fixed-nav-es"],"acf":[],"yoast_head":"<!-- This site is optimized with the Yoast SEO plugin v27.4 - https:\/\/yoast.com\/product\/yoast-seo-wordpress\/ -->\n<title>Servicios m\u00e9dicos en Florencia 7 d\u00edas a la semana, 24 horas al d\u00eda | DoctorFlorenceh24<\/title>\n<meta name=\"description\" content=\"DoctorFlorenceH24 es el servicio m\u00e9dico innovador que te facilita la vida cuando lo necesitas, los 7 d\u00edas de la semana, las 24 horas del d\u00eda.\" \/>\n<meta name=\"robots\" content=\"index, follow, max-snippet:-1, max-image-preview:large, max-video-preview:-1\" \/>\n<link rel=\"canonical\" href=\"https:\/\/doctorflorenceh24.it\/es\/sobre-doctorflorenceh24\/\" \/>\n<meta property=\"og:locale\" content=\"es_ES\" \/>\n<meta property=\"og:type\" content=\"article\" \/>\n<meta property=\"og:title\" content=\"Servicios m\u00e9dicos en Florencia 7 d\u00edas a la semana, 24 horas al d\u00eda | DoctorFlorenceh24\" \/>\n<meta property=\"og:description\" content=\"DoctorFlorenceH24 es el servicio m\u00e9dico innovador que te facilita la vida cuando lo necesitas, los 7 d\u00edas de la semana, las 24 horas del d\u00eda.\" \/>\n<meta property=\"og:url\" content=\"https:\/\/doctorflorenceh24.it\/es\/sobre-doctorflorenceh24\/\" \/>\n<meta property=\"og:site_name\" content=\"DoctorFlorenceh24\" \/>\n<meta property=\"article:publisher\" content=\"https:\/\/www.facebook.com\/doctortohome\" \/>\n<meta property=\"article:modified_time\" content=\"2024-06-06T13:37:20+00:00\" \/>\n<meta property=\"og:image\" content=\"https:\/\/doctorflorenceh24.it\/wp-content\/uploads\/shutterstock_1561815367.jpg\" \/>\n\t<meta property=\"og:image:width\" content=\"1920\" \/>\n\t<meta property=\"og:image:height\" content=\"1189\" \/>\n\t<meta property=\"og:image:type\" content=\"image\/jpeg\" \/>\n<meta name=\"twitter:card\" content=\"summary_large_image\" \/>\n<meta name=\"twitter:label1\" content=\"Tiempo de lectura\" \/>\n\t<meta name=\"twitter:data1\" content=\"3 minutos\" \/>\n<script type=\"application\/ld+json\" class=\"yoast-schema-graph\">{\"@context\":\"https:\\\/\\\/schema.org\",\"@graph\":[{\"@type\":\"WebPage\",\"@id\":\"https:\\\/\\\/doctorflorenceh24.it\\\/es\\\/sobre-doctorflorenceh24\\\/\",\"url\":\"https:\\\/\\\/doctorflorenceh24.it\\\/es\\\/sobre-doctorflorenceh24\\\/\",\"name\":\"Servicios m\u00e9dicos en Florencia 7 d\u00edas a la semana, 24 horas al d\u00eda | DoctorFlorenceh24\",\"isPartOf\":{\"@id\":\"https:\\\/\\\/doctorflorenceh24.it\\\/es\\\/#website\"},\"primaryImageOfPage\":{\"@id\":\"https:\\\/\\\/doctorflorenceh24.it\\\/es\\\/sobre-doctorflorenceh24\\\/#primaryimage\"},\"image\":{\"@id\":\"https:\\\/\\\/doctorflorenceh24.it\\\/es\\\/sobre-doctorflorenceh24\\\/#primaryimage\"},\"thumbnailUrl\":\"https:\\\/\\\/doctorflorenceh24.it\\\/wp-content\\\/uploads\\\/shutterstock_1561815367.jpg\",\"datePublished\":\"2023-12-05T20:12:59+00:00\",\"dateModified\":\"2024-06-06T13:37:20+00:00\",\"description\":\"DoctorFlorenceH24 es el servicio m\u00e9dico innovador que te facilita la vida cuando lo necesitas, los 7 d\u00edas de la semana, las 24 horas del d\u00eda.\",\"breadcrumb\":{\"@id\":\"https:\\\/\\\/doctorflorenceh24.it\\\/es\\\/sobre-doctorflorenceh24\\\/#breadcrumb\"},\"inLanguage\":\"es\",\"potentialAction\":[{\"@type\":\"ReadAction\",\"target\":[\"https:\\\/\\\/doctorflorenceh24.it\\\/es\\\/sobre-doctorflorenceh24\\\/\"]}]},{\"@type\":\"ImageObject\",\"inLanguage\":\"es\",\"@id\":\"https:\\\/\\\/doctorflorenceh24.it\\\/es\\\/sobre-doctorflorenceh24\\\/#primaryimage\",\"url\":\"https:\\\/\\\/doctorflorenceh24.it\\\/wp-content\\\/uploads\\\/shutterstock_1561815367.jpg\",\"contentUrl\":\"https:\\\/\\\/doctorflorenceh24.it\\\/wp-content\\\/uploads\\\/shutterstock_1561815367.jpg\",\"width\":1920,\"height\":1189},{\"@type\":\"BreadcrumbList\",\"@id\":\"https:\\\/\\\/doctorflorenceh24.it\\\/es\\\/sobre-doctorflorenceh24\\\/#breadcrumb\",\"itemListElement\":[{\"@type\":\"ListItem\",\"position\":1,\"name\":\"Home\",\"item\":\"https:\\\/\\\/doctorflorenceh24.it\\\/es\\\/\"},{\"@type\":\"ListItem\",\"position\":2,\"name\":\"Sobre DoctorFlorenceH24\"}]},{\"@type\":\"WebSite\",\"@id\":\"https:\\\/\\\/doctorflorenceh24.it\\\/es\\\/#website\",\"url\":\"https:\\\/\\\/doctorflorenceh24.it\\\/es\\\/\",\"name\":\"DoctorFlorenceh24\",\"description\":\"\",\"publisher\":{\"@id\":\"https:\\\/\\\/doctorflorenceh24.it\\\/es\\\/#organization\"},\"potentialAction\":[{\"@type\":\"SearchAction\",\"target\":{\"@type\":\"EntryPoint\",\"urlTemplate\":\"https:\\\/\\\/doctorflorenceh24.it\\\/es\\\/?s={search_term_string}\"},\"query-input\":{\"@type\":\"PropertyValueSpecification\",\"valueRequired\":true,\"valueName\":\"search_term_string\"}}],\"inLanguage\":\"es\"},{\"@type\":\"Organization\",\"@id\":\"https:\\\/\\\/doctorflorenceh24.it\\\/es\\\/#organization\",\"name\":\"DoctorFlorenceh24\",\"url\":\"https:\\\/\\\/doctorflorenceh24.it\\\/es\\\/\",\"logo\":{\"@type\":\"ImageObject\",\"inLanguage\":\"es\",\"@id\":\"https:\\\/\\\/doctorflorenceh24.it\\\/es\\\/#\\\/schema\\\/logo\\\/image\\\/\",\"url\":\"https:\\\/\\\/doctorflorenceh24.it\\\/wp-content\\\/uploads\\\/logo-web-drflorence-4.png\",\"contentUrl\":\"https:\\\/\\\/doctorflorenceh24.it\\\/wp-content\\\/uploads\\\/logo-web-drflorence-4.png\",\"width\":546,\"height\":451,\"caption\":\"DoctorFlorenceh24\"},\"image\":{\"@id\":\"https:\\\/\\\/doctorflorenceh24.it\\\/es\\\/#\\\/schema\\\/logo\\\/image\\\/\"},\"sameAs\":[\"https:\\\/\\\/www.facebook.com\\\/doctortohome\",\"https:\\\/\\\/www.instagram.com\\\/doctorflorenceh24\\\/\"]}]}<\/script>\n<!-- \/ Yoast SEO plugin. -->","yoast_head_json":{"title":"Servicios m\u00e9dicos en Florencia 7 d\u00edas a la semana, 24 horas al d\u00eda | DoctorFlorenceh24","description":"DoctorFlorenceH24 es el servicio m\u00e9dico innovador que te facilita la vida cuando lo necesitas, los 7 d\u00edas de la semana, las 24 horas del d\u00eda.","robots":{"index":"index","follow":"follow","max-snippet":"max-snippet:-1","max-image-preview":"max-image-preview:large","max-video-preview":"max-video-preview:-1"},"canonical":"https:\/\/doctorflorenceh24.it\/es\/sobre-doctorflorenceh24\/","og_locale":"es_ES","og_type":"article","og_title":"Servicios m\u00e9dicos en Florencia 7 d\u00edas a la semana, 24 horas al d\u00eda | DoctorFlorenceh24","og_description":"DoctorFlorenceH24 es el servicio m\u00e9dico innovador que te facilita la vida cuando lo necesitas, los 7 d\u00edas de la semana, las 24 horas del d\u00eda.","og_url":"https:\/\/doctorflorenceh24.it\/es\/sobre-doctorflorenceh24\/","og_site_name":"DoctorFlorenceh24","article_publisher":"https:\/\/www.facebook.com\/doctortohome","article_modified_time":"2024-06-06T13:37:20+00:00","og_image":[{"width":1920,"height":1189,"url":"https:\/\/doctorflorenceh24.it\/wp-content\/uploads\/shutterstock_1561815367.jpg","type":"image\/jpeg"}],"twitter_card":"summary_large_image","twitter_misc":{"Tiempo de lectura":"3 minutos"},"schema":{"@context":"https:\/\/schema.org","@graph":[{"@type":"WebPage","@id":"https:\/\/doctorflorenceh24.it\/es\/sobre-doctorflorenceh24\/","url":"https:\/\/doctorflorenceh24.it\/es\/sobre-doctorflorenceh24\/","name":"Servicios m\u00e9dicos en Florencia 7 d\u00edas a la semana, 24 horas al d\u00eda | DoctorFlorenceh24","isPartOf":{"@id":"https:\/\/doctorflorenceh24.it\/es\/#website"},"primaryImageOfPage":{"@id":"https:\/\/doctorflorenceh24.it\/es\/sobre-doctorflorenceh24\/#primaryimage"},"image":{"@id":"https:\/\/doctorflorenceh24.it\/es\/sobre-doctorflorenceh24\/#primaryimage"},"thumbnailUrl":"https:\/\/doctorflorenceh24.it\/wp-content\/uploads\/shutterstock_1561815367.jpg","datePublished":"2023-12-05T20:12:59+00:00","dateModified":"2024-06-06T13:37:20+00:00","description":"DoctorFlorenceH24 es el servicio m\u00e9dico innovador que te facilita la vida cuando lo necesitas, los 7 d\u00edas de la semana, las 24 horas del d\u00eda.","breadcrumb":{"@id":"https:\/\/doctorflorenceh24.it\/es\/sobre-doctorflorenceh24\/#breadcrumb"},"inLanguage":"es","potentialAction":[{"@type":"ReadAction","target":["https:\/\/doctorflorenceh24.it\/es\/sobre-doctorflorenceh24\/"]}]},{"@type":"ImageObject","inLanguage":"es","@id":"https:\/\/doctorflorenceh24.it\/es\/sobre-doctorflorenceh24\/#primaryimage","url":"https:\/\/doctorflorenceh24.it\/wp-content\/uploads\/shutterstock_1561815367.jpg","contentUrl":"https:\/\/doctorflorenceh24.it\/wp-content\/uploads\/shutterstock_1561815367.jpg","width":1920,"height":1189},{"@type":"BreadcrumbList","@id":"https:\/\/doctorflorenceh24.it\/es\/sobre-doctorflorenceh24\/#breadcrumb","itemListElement":[{"@type":"ListItem","position":1,"name":"Home","item":"https:\/\/doctorflorenceh24.it\/es\/"},{"@type":"ListItem","position":2,"name":"Sobre DoctorFlorenceH24"}]},{"@type":"WebSite","@id":"https:\/\/doctorflorenceh24.it\/es\/#website","url":"https:\/\/doctorflorenceh24.it\/es\/","name":"DoctorFlorenceh24","description":"","publisher":{"@id":"https:\/\/doctorflorenceh24.it\/es\/#organization"},"potentialAction":[{"@type":"SearchAction","target":{"@type":"EntryPoint","urlTemplate":"https:\/\/doctorflorenceh24.it\/es\/?s={search_term_string}"},"query-input":{"@type":"PropertyValueSpecification","valueRequired":true,"valueName":"search_term_string"}}],"inLanguage":"es"},{"@type":"Organization","@id":"https:\/\/doctorflorenceh24.it\/es\/#organization","name":"DoctorFlorenceh24","url":"https:\/\/doctorflorenceh24.it\/es\/","logo":{"@type":"ImageObject","inLanguage":"es","@id":"https:\/\/doctorflorenceh24.it\/es\/#\/schema\/logo\/image\/","url":"https:\/\/doctorflorenceh24.it\/wp-content\/uploads\/logo-web-drflorence-4.png","contentUrl":"https:\/\/doctorflorenceh24.it\/wp-content\/uploads\/logo-web-drflorence-4.png","width":546,"height":451,"caption":"DoctorFlorenceh24"},"image":{"@id":"https:\/\/doctorflorenceh24.it\/es\/#\/schema\/logo\/image\/"},"sameAs":["https:\/\/www.facebook.com\/doctortohome","https:\/\/www.instagram.com\/doctorflorenceh24\/"]}]}},"_links":{"self":[{"href":"https:\/\/doctorflorenceh24.it\/es\/wp-json\/wp\/v2\/pages\/859","targetHints":{"allow":["GET"]}}],"collection":[{"href":"https:\/\/doctorflorenceh24.it\/es\/wp-json\/wp\/v2\/pages"}],"about":[{"href":"https:\/\/doctorflorenceh24.it\/es\/wp-json\/wp\/v2\/types\/page"}],"author":[{"embeddable":true,"href":"https:\/\/doctorflorenceh24.it\/es\/wp-json\/wp\/v2\/users\/1"}],"replies":[{"embeddable":true,"href":"https:\/\/doctorflorenceh24.it\/es\/wp-json\/wp\/v2\/comments?post=859"}],"version-history":[{"count":0,"href":"https:\/\/doctorflorenceh24.it\/es\/wp-json\/wp\/v2\/pages\/859\/revisions"}],"wp:featuredmedia":[{"embeddable":true,"href":"https:\/\/doctorflorenceh24.it\/es\/wp-json\/wp\/v2\/media\/580"}],"wp:attachment":[{"href":"https:\/\/doctorflorenceh24.it\/es\/wp-json\/wp\/v2\/media?parent=859"}],"wp:term":[{"taxonomy":"category","embeddable":true,"href":"https:\/\/doctorflorenceh24.it\/es\/wp-json\/wp\/v2\/categories?post=859"},{"taxonomy":"post_tag","embeddable":true,"href":"https:\/\/doctorflorenceh24.it\/es\/wp-json\/wp\/v2\/tags?post=859"}],"curies":[{"name":"wp","href":"https:\/\/api.w.org\/{rel}","templated":true}]}}