{"id":835,"date":"2024-04-29T10:02:38","date_gmt":"2024-04-29T10:02:38","guid":{"rendered":"http:\/\/doctorflorenceh24.it\/servicios-medicos\/certificados-medicos-deportivos\/"},"modified":"2024-06-17T15:09:57","modified_gmt":"2024-06-17T15:09:57","slug":"certificados-medicos-deportivos","status":"publish","type":"page","link":"https:\/\/doctorflorenceh24.it\/es\/certificados-medicos-deportivos\/","title":{"rendered":"Certificados m\u00e9dicos deportivos"},"content":{"rendered":"\t\t<div data-elementor-type=\"wp-page\" data-elementor-id=\"835\" class=\"elementor elementor-835 elementor-453\" data-elementor-post-type=\"page\">\n\t\t\t\t<div class=\"elementor-element elementor-element-2c2243dd e-con-full e-flex e-con e-parent\" data-id=\"2c2243dd\" data-element_type=\"container\" data-settings=\"{&quot;jet_parallax_layout_list&quot;:[]}\">\n\t\t\t\t<div class=\"elementor-element elementor-element-a1f52d1 elementor-invisible elementor-has-bg-overlay elementor-widget elementor-widget-global elementor-global-232 elementor-widget-heading\" data-id=\"a1f52d1\" data-element_type=\"widget\" data-settings=\"{&quot;_animation&quot;:&quot;fadeInDown&quot;}\" data-widget_type=\"heading.default\">\n\t\t\t\t<div class=\"elementor-widget-container\">\n\t\t\t\t\t<h1 class=\"elementor-heading-title elementor-size-default\">Certificados m\u00e9dicos deportivos<\/h1>\t\t\t\t<\/div>\n\t\t\t\t<\/div>\n\t\t\t\t<\/div>\n\t\t<div class=\"elementor-element elementor-element-7fd70878 e-flex e-con-boxed e-con e-parent\" data-id=\"7fd70878\" data-element_type=\"container\" data-settings=\"{&quot;jet_parallax_layout_list&quot;:[]}\">\n\t\t\t\t\t<div class=\"e-con-inner\">\n\t\t\t\t<div class=\"elementor-element elementor-element-7e2fa624 elementor-widget elementor-widget-text-editor\" data-id=\"7e2fa624\" data-element_type=\"widget\" data-widget_type=\"text-editor.default\">\n\t\t\t\t<div class=\"elementor-widget-container\">\n\t\t\t\t\t\t\t\t\t<h2 style=\"text-align: left;\">Certificados m\u00e9dicos deportivos<\/h2>\n<p data-sourcepos=\"5:1-5:47\"><strong>Certificado M\u00e9dico Deportivo No Competitivo<\/strong><\/p>\n<p data-sourcepos=\"7:1-7:110\">\u00bfPracticas deportes a nivel no competitivo, como gimnasio, nataci\u00f3n, escuela de baile o actividades deportivas en general? Entonces necesitas un certificado m\u00e9dico deportivo no competitivo, v\u00e1lido por un a\u00f1o.<\/p>\n<p data-sourcepos=\"9:1-9:65\">En DoctorFlorenceH24, te lo facilitamos. Nuestro m\u00e9dico realizar\u00e1 un chequeo general que incluye la realizaci\u00f3n o revisi\u00f3n (si ya tienes uno reciente) de un electrocardiograma en reposo (ECG) para emitir el certificado.<\/p>\n<p data-sourcepos=\"11:1-11:72\"><strong>Para tu comodidad, ofrecemos citas en diferentes zonas de la ciudad:<\/strong><\/p>\n<ul data-sourcepos=\"13:1-17:0\">\n<li data-sourcepos=\"13:1-13:34\">Novoli: Via di Villa Demidoff 49<\/li>\n<li data-sourcepos=\"14:1-14:42\">Sur de Florencia: Via Quintino Sella 62r<\/li>\n<li data-sourcepos=\"15:1-15:37\">Zona del Estadio: Via Valcareggi 31<\/li>\n<li data-sourcepos=\"16:1-17:0\">Centro de la ciudad: Piazza dell&#8217;Unit\u00e0 Italiana 7 (todos los d\u00edas en diferentes horarios, desde primera hora de la ma\u00f1ana hasta la tarde)<\/li>\n<\/ul>\n<p data-sourcepos=\"18:1-18:61\"><strong>Adem\u00e1s de este servicio, nuestro personal tambi\u00e9n ofrece:<\/strong><\/p>\n<ul data-sourcepos=\"20:1-22:0\">\n<li data-sourcepos=\"20:1-20:190\"><strong>Certificados Anamn\u00e9sicos:<\/strong> Necesarios para determinadas actividades laborales, para la renovaci\u00f3n o emisi\u00f3n de diversos tipos de permisos de conducir o para licencias de armas de fuego.<\/li>\n<li data-sourcepos=\"21:1-22:0\"><strong>Justificantes M\u00e9dicos de Baja Laboral:<\/strong> Para quienes, en caso de necesidad y sin m\u00e9dico de familia, necesiten un documento que acredite su baja laboral por motivos de salud, ya sea para el trabajo o para el colegio.<\/li>\n<\/ul>\n\t\t\t\t\t\t\t\t<\/div>\n\t\t\t\t<\/div>\n\t\t\t\t<div class=\"elementor-element elementor-element-6ee6efb elementor-widget elementor-widget-button\" data-id=\"6ee6efb\" data-element_type=\"widget\" data-widget_type=\"button.default\">\n\t\t\t\t<div class=\"elementor-widget-container\">\n\t\t\t\t\t\t\t\t\t<div class=\"elementor-button-wrapper\">\n\t\t\t\t\t<a class=\"elementor-button elementor-button-link elementor-size-sm\" href=\"tel:+390550107341\">\n\t\t\t\t\t\t<span class=\"elementor-button-content-wrapper\">\n\t\t\t\t\t\t\t\t\t<span class=\"elementor-button-text\">Ll\u00e1menos para m\u00e1s informaci\u00f3n<\/span>\n\t\t\t\t\t<\/span>\n\t\t\t\t\t<\/a>\n\t\t\t\t<\/div>\n\t\t\t\t\t\t\t\t<\/div>\n\t\t\t\t<\/div>\n\t\t\t\t\t<\/div>\n\t\t\t\t<\/div>\n\t\t\t\t<\/div>\n\t\t","protected":false},"excerpt":{"rendered":"<p>Para la pr\u00e1ctica deportiva no competitiva, ofrecemos certificados m\u00e9dico-deportivos con electrocardiograma en reposo (ECG) incluido. <\/p>\n","protected":false},"author":1,"featured_media":542,"parent":0,"menu_order":23,"comment_status":"closed","ping_status":"closed","template":"","meta":{"_acf_changed":false,"footnotes":""},"categories":[],"tags":[44,43],"class_list":["post-835","page","type-page","status-publish","has-post-thumbnail","hentry","tag-servicios","tag-fixed-nav-es"],"acf":[],"yoast_head":"<!-- This site is optimized with the Yoast SEO plugin v27.4 - https:\/\/yoast.com\/product\/yoast-seo-wordpress\/ -->\n<title>Certificados m\u00e9dicos deportivos en Florencia | DoctorFlorenceh24<\/title>\n<meta name=\"description\" content=\"La realizaci\u00f3n de actividades deportivas a nivel no competitivo requiere un certificado m\u00e9dico-deportivo, que incluye la realizaci\u00f3n o visualizaci\u00f3n de un electrocardiograma en reposo (ECG).\" \/>\n<meta name=\"robots\" content=\"index, follow, max-snippet:-1, max-image-preview:large, max-video-preview:-1\" \/>\n<link rel=\"canonical\" href=\"https:\/\/doctorflorenceh24.it\/es\/certificados-medicos-deportivos\/\" \/>\n<meta property=\"og:locale\" content=\"es_ES\" \/>\n<meta property=\"og:type\" content=\"article\" \/>\n<meta property=\"og:title\" content=\"Certificados m\u00e9dicos deportivos en Florencia | DoctorFlorenceh24\" \/>\n<meta property=\"og:description\" content=\"La realizaci\u00f3n de actividades deportivas a nivel no competitivo requiere un certificado m\u00e9dico-deportivo, que incluye la realizaci\u00f3n o visualizaci\u00f3n de un electrocardiograma en reposo (ECG).\" \/>\n<meta property=\"og:url\" content=\"https:\/\/doctorflorenceh24.it\/es\/certificados-medicos-deportivos\/\" \/>\n<meta property=\"og:site_name\" content=\"DoctorFlorenceh24\" \/>\n<meta property=\"article:publisher\" content=\"https:\/\/www.facebook.com\/doctortohome\" \/>\n<meta property=\"article:modified_time\" content=\"2024-06-17T15:09:57+00:00\" \/>\n<meta property=\"og:image\" content=\"https:\/\/doctorflorenceh24.it\/wp-content\/uploads\/shutterstock_618871682.jpg\" \/>\n\t<meta property=\"og:image:width\" content=\"1920\" \/>\n\t<meta property=\"og:image:height\" content=\"1280\" \/>\n\t<meta property=\"og:image:type\" content=\"image\/jpeg\" \/>\n<meta name=\"twitter:card\" content=\"summary_large_image\" \/>\n<meta name=\"twitter:label1\" content=\"Tiempo de lectura\" \/>\n\t<meta name=\"twitter:data1\" content=\"1 minuto\" \/>\n<script type=\"application\/ld+json\" class=\"yoast-schema-graph\">{\"@context\":\"https:\\\/\\\/schema.org\",\"@graph\":[{\"@type\":\"WebPage\",\"@id\":\"https:\\\/\\\/doctorflorenceh24.it\\\/es\\\/certificados-medicos-deportivos\\\/\",\"url\":\"https:\\\/\\\/doctorflorenceh24.it\\\/es\\\/certificados-medicos-deportivos\\\/\",\"name\":\"Certificados m\u00e9dicos deportivos en Florencia | DoctorFlorenceh24\",\"isPartOf\":{\"@id\":\"https:\\\/\\\/doctorflorenceh24.it\\\/es\\\/#website\"},\"primaryImageOfPage\":{\"@id\":\"https:\\\/\\\/doctorflorenceh24.it\\\/es\\\/certificados-medicos-deportivos\\\/#primaryimage\"},\"image\":{\"@id\":\"https:\\\/\\\/doctorflorenceh24.it\\\/es\\\/certificados-medicos-deportivos\\\/#primaryimage\"},\"thumbnailUrl\":\"https:\\\/\\\/doctorflorenceh24.it\\\/wp-content\\\/uploads\\\/shutterstock_618871682.jpg\",\"datePublished\":\"2024-04-29T10:02:38+00:00\",\"dateModified\":\"2024-06-17T15:09:57+00:00\",\"description\":\"La realizaci\u00f3n de actividades deportivas a nivel no competitivo requiere un certificado m\u00e9dico-deportivo, que incluye la realizaci\u00f3n o visualizaci\u00f3n de un electrocardiograma en reposo (ECG).\",\"breadcrumb\":{\"@id\":\"https:\\\/\\\/doctorflorenceh24.it\\\/es\\\/certificados-medicos-deportivos\\\/#breadcrumb\"},\"inLanguage\":\"es\",\"potentialAction\":[{\"@type\":\"ReadAction\",\"target\":[\"https:\\\/\\\/doctorflorenceh24.it\\\/es\\\/certificados-medicos-deportivos\\\/\"]}]},{\"@type\":\"ImageObject\",\"inLanguage\":\"es\",\"@id\":\"https:\\\/\\\/doctorflorenceh24.it\\\/es\\\/certificados-medicos-deportivos\\\/#primaryimage\",\"url\":\"https:\\\/\\\/doctorflorenceh24.it\\\/wp-content\\\/uploads\\\/shutterstock_618871682.jpg\",\"contentUrl\":\"https:\\\/\\\/doctorflorenceh24.it\\\/wp-content\\\/uploads\\\/shutterstock_618871682.jpg\",\"width\":1920,\"height\":1280,\"caption\":\"Medical-sports certificates\"},{\"@type\":\"BreadcrumbList\",\"@id\":\"https:\\\/\\\/doctorflorenceh24.it\\\/es\\\/certificados-medicos-deportivos\\\/#breadcrumb\",\"itemListElement\":[{\"@type\":\"ListItem\",\"position\":1,\"name\":\"Home\",\"item\":\"https:\\\/\\\/doctorflorenceh24.it\\\/es\\\/\"},{\"@type\":\"ListItem\",\"position\":2,\"name\":\"Certificados m\u00e9dicos deportivos\"}]},{\"@type\":\"WebSite\",\"@id\":\"https:\\\/\\\/doctorflorenceh24.it\\\/es\\\/#website\",\"url\":\"https:\\\/\\\/doctorflorenceh24.it\\\/es\\\/\",\"name\":\"DoctorFlorenceh24\",\"description\":\"\",\"publisher\":{\"@id\":\"https:\\\/\\\/doctorflorenceh24.it\\\/es\\\/#organization\"},\"potentialAction\":[{\"@type\":\"SearchAction\",\"target\":{\"@type\":\"EntryPoint\",\"urlTemplate\":\"https:\\\/\\\/doctorflorenceh24.it\\\/es\\\/?s={search_term_string}\"},\"query-input\":{\"@type\":\"PropertyValueSpecification\",\"valueRequired\":true,\"valueName\":\"search_term_string\"}}],\"inLanguage\":\"es\"},{\"@type\":\"Organization\",\"@id\":\"https:\\\/\\\/doctorflorenceh24.it\\\/es\\\/#organization\",\"name\":\"DoctorFlorenceh24\",\"url\":\"https:\\\/\\\/doctorflorenceh24.it\\\/es\\\/\",\"logo\":{\"@type\":\"ImageObject\",\"inLanguage\":\"es\",\"@id\":\"https:\\\/\\\/doctorflorenceh24.it\\\/es\\\/#\\\/schema\\\/logo\\\/image\\\/\",\"url\":\"https:\\\/\\\/doctorflorenceh24.it\\\/wp-content\\\/uploads\\\/logo-web-drflorence-4.png\",\"contentUrl\":\"https:\\\/\\\/doctorflorenceh24.it\\\/wp-content\\\/uploads\\\/logo-web-drflorence-4.png\",\"width\":546,\"height\":451,\"caption\":\"DoctorFlorenceh24\"},\"image\":{\"@id\":\"https:\\\/\\\/doctorflorenceh24.it\\\/es\\\/#\\\/schema\\\/logo\\\/image\\\/\"},\"sameAs\":[\"https:\\\/\\\/www.facebook.com\\\/doctortohome\",\"https:\\\/\\\/www.instagram.com\\\/doctorflorenceh24\\\/\"]}]}<\/script>\n<!-- \/ Yoast SEO plugin. -->","yoast_head_json":{"title":"Certificados m\u00e9dicos deportivos en Florencia | DoctorFlorenceh24","description":"La realizaci\u00f3n de actividades deportivas a nivel no competitivo requiere un certificado m\u00e9dico-deportivo, que incluye la realizaci\u00f3n o visualizaci\u00f3n de un electrocardiograma en reposo (ECG).","robots":{"index":"index","follow":"follow","max-snippet":"max-snippet:-1","max-image-preview":"max-image-preview:large","max-video-preview":"max-video-preview:-1"},"canonical":"https:\/\/doctorflorenceh24.it\/es\/certificados-medicos-deportivos\/","og_locale":"es_ES","og_type":"article","og_title":"Certificados m\u00e9dicos deportivos en Florencia | DoctorFlorenceh24","og_description":"La realizaci\u00f3n de actividades deportivas a nivel no competitivo requiere un certificado m\u00e9dico-deportivo, que incluye la realizaci\u00f3n o visualizaci\u00f3n de un electrocardiograma en reposo (ECG).","og_url":"https:\/\/doctorflorenceh24.it\/es\/certificados-medicos-deportivos\/","og_site_name":"DoctorFlorenceh24","article_publisher":"https:\/\/www.facebook.com\/doctortohome","article_modified_time":"2024-06-17T15:09:57+00:00","og_image":[{"width":1920,"height":1280,"url":"https:\/\/doctorflorenceh24.it\/wp-content\/uploads\/shutterstock_618871682.jpg","type":"image\/jpeg"}],"twitter_card":"summary_large_image","twitter_misc":{"Tiempo de lectura":"1 minuto"},"schema":{"@context":"https:\/\/schema.org","@graph":[{"@type":"WebPage","@id":"https:\/\/doctorflorenceh24.it\/es\/certificados-medicos-deportivos\/","url":"https:\/\/doctorflorenceh24.it\/es\/certificados-medicos-deportivos\/","name":"Certificados m\u00e9dicos deportivos en Florencia | DoctorFlorenceh24","isPartOf":{"@id":"https:\/\/doctorflorenceh24.it\/es\/#website"},"primaryImageOfPage":{"@id":"https:\/\/doctorflorenceh24.it\/es\/certificados-medicos-deportivos\/#primaryimage"},"image":{"@id":"https:\/\/doctorflorenceh24.it\/es\/certificados-medicos-deportivos\/#primaryimage"},"thumbnailUrl":"https:\/\/doctorflorenceh24.it\/wp-content\/uploads\/shutterstock_618871682.jpg","datePublished":"2024-04-29T10:02:38+00:00","dateModified":"2024-06-17T15:09:57+00:00","description":"La realizaci\u00f3n de actividades deportivas a nivel no competitivo requiere un certificado m\u00e9dico-deportivo, que incluye la realizaci\u00f3n o visualizaci\u00f3n de un electrocardiograma en reposo (ECG).","breadcrumb":{"@id":"https:\/\/doctorflorenceh24.it\/es\/certificados-medicos-deportivos\/#breadcrumb"},"inLanguage":"es","potentialAction":[{"@type":"ReadAction","target":["https:\/\/doctorflorenceh24.it\/es\/certificados-medicos-deportivos\/"]}]},{"@type":"ImageObject","inLanguage":"es","@id":"https:\/\/doctorflorenceh24.it\/es\/certificados-medicos-deportivos\/#primaryimage","url":"https:\/\/doctorflorenceh24.it\/wp-content\/uploads\/shutterstock_618871682.jpg","contentUrl":"https:\/\/doctorflorenceh24.it\/wp-content\/uploads\/shutterstock_618871682.jpg","width":1920,"height":1280,"caption":"Medical-sports certificates"},{"@type":"BreadcrumbList","@id":"https:\/\/doctorflorenceh24.it\/es\/certificados-medicos-deportivos\/#breadcrumb","itemListElement":[{"@type":"ListItem","position":1,"name":"Home","item":"https:\/\/doctorflorenceh24.it\/es\/"},{"@type":"ListItem","position":2,"name":"Certificados m\u00e9dicos deportivos"}]},{"@type":"WebSite","@id":"https:\/\/doctorflorenceh24.it\/es\/#website","url":"https:\/\/doctorflorenceh24.it\/es\/","name":"DoctorFlorenceh24","description":"","publisher":{"@id":"https:\/\/doctorflorenceh24.it\/es\/#organization"},"potentialAction":[{"@type":"SearchAction","target":{"@type":"EntryPoint","urlTemplate":"https:\/\/doctorflorenceh24.it\/es\/?s={search_term_string}"},"query-input":{"@type":"PropertyValueSpecification","valueRequired":true,"valueName":"search_term_string"}}],"inLanguage":"es"},{"@type":"Organization","@id":"https:\/\/doctorflorenceh24.it\/es\/#organization","name":"DoctorFlorenceh24","url":"https:\/\/doctorflorenceh24.it\/es\/","logo":{"@type":"ImageObject","inLanguage":"es","@id":"https:\/\/doctorflorenceh24.it\/es\/#\/schema\/logo\/image\/","url":"https:\/\/doctorflorenceh24.it\/wp-content\/uploads\/logo-web-drflorence-4.png","contentUrl":"https:\/\/doctorflorenceh24.it\/wp-content\/uploads\/logo-web-drflorence-4.png","width":546,"height":451,"caption":"DoctorFlorenceh24"},"image":{"@id":"https:\/\/doctorflorenceh24.it\/es\/#\/schema\/logo\/image\/"},"sameAs":["https:\/\/www.facebook.com\/doctortohome","https:\/\/www.instagram.com\/doctorflorenceh24\/"]}]}},"_links":{"self":[{"href":"https:\/\/doctorflorenceh24.it\/es\/wp-json\/wp\/v2\/pages\/835","targetHints":{"allow":["GET"]}}],"collection":[{"href":"https:\/\/doctorflorenceh24.it\/es\/wp-json\/wp\/v2\/pages"}],"about":[{"href":"https:\/\/doctorflorenceh24.it\/es\/wp-json\/wp\/v2\/types\/page"}],"author":[{"embeddable":true,"href":"https:\/\/doctorflorenceh24.it\/es\/wp-json\/wp\/v2\/users\/1"}],"replies":[{"embeddable":true,"href":"https:\/\/doctorflorenceh24.it\/es\/wp-json\/wp\/v2\/comments?post=835"}],"version-history":[{"count":0,"href":"https:\/\/doctorflorenceh24.it\/es\/wp-json\/wp\/v2\/pages\/835\/revisions"}],"wp:featuredmedia":[{"embeddable":true,"href":"https:\/\/doctorflorenceh24.it\/es\/wp-json\/wp\/v2\/media\/542"}],"wp:attachment":[{"href":"https:\/\/doctorflorenceh24.it\/es\/wp-json\/wp\/v2\/media?parent=835"}],"wp:term":[{"taxonomy":"category","embeddable":true,"href":"https:\/\/doctorflorenceh24.it\/es\/wp-json\/wp\/v2\/categories?post=835"},{"taxonomy":"post_tag","embeddable":true,"href":"https:\/\/doctorflorenceh24.it\/es\/wp-json\/wp\/v2\/tags?post=835"}],"curies":[{"name":"wp","href":"https:\/\/api.w.org\/{rel}","templated":true}]}}