{"id":831,"date":"2024-03-12T10:01:22","date_gmt":"2024-03-12T10:01:22","guid":{"rendered":"http:\/\/doctorflorenceh24.it\/servicios-medicos\/"},"modified":"2026-01-24T15:31:19","modified_gmt":"2026-01-24T15:31:19","slug":"servicios-medicos","status":"publish","type":"page","link":"https:\/\/doctorflorenceh24.it\/es\/servicios-medicos\/","title":{"rendered":"Servicios m\u00e9dicos"},"content":{"rendered":"\t\t<div data-elementor-type=\"wp-page\" data-elementor-id=\"831\" class=\"elementor elementor-831 elementor-393\" data-elementor-post-type=\"page\">\n\t\t\t\t<div class=\"elementor-element elementor-element-2c2243dd e-con-full e-flex e-con e-parent\" data-id=\"2c2243dd\" data-element_type=\"container\" data-settings=\"{&quot;jet_parallax_layout_list&quot;:[]}\">\n\t\t\t\t<div class=\"elementor-element elementor-element-a1f52d1 elementor-invisible elementor-has-bg-overlay elementor-widget elementor-widget-global elementor-global-232 elementor-widget-heading\" data-id=\"a1f52d1\" data-element_type=\"widget\" data-settings=\"{&quot;_animation&quot;:&quot;fadeInDown&quot;}\" data-widget_type=\"heading.default\">\n\t\t\t\t<div class=\"elementor-widget-container\">\n\t\t\t\t\t<h1 class=\"elementor-heading-title elementor-size-default\">Servicios m\u00e9dicos<\/h1>\t\t\t\t<\/div>\n\t\t\t\t<\/div>\n\t\t\t\t<\/div>\n\t\t<div class=\"elementor-element elementor-element-7e79426 e-flex e-con-boxed e-con e-parent\" data-id=\"7e79426\" data-element_type=\"container\" data-settings=\"{&quot;jet_parallax_layout_list&quot;:[]}\">\n\t\t\t\t\t<div class=\"e-con-inner\">\n\t\t\t\t<div class=\"elementor-element elementor-element-1174235 elementor-widget elementor-widget-text-editor\" data-id=\"1174235\" data-element_type=\"widget\" data-widget_type=\"text-editor.default\">\n\t\t\t\t<div class=\"elementor-widget-container\">\n\t\t\t\t\t\t\t\t\t<div class=\"avatar-gutter ng-tns-c423663022-132 ng-star-inserted\">\n<div class=\"resize-observable\">\n<h2>Todos los servicios de salud que te puedan ser necesarios<\/h2>\n<\/div>\n<\/div>\n<p>Podemos organizar, con la mayor brevedad posible, diversos servicios a domicilio para <strong>estudiantes y turistas internacionales en Florencia<\/strong>, como radiograf\u00edas, ecograf\u00edas, an\u00e1lisis de sangre, asistencia de enfermer\u00eda incluso nocturna, reserva de ambulancias y taxis m\u00e9dicos. Realizamos diversos tipos de pruebas de hisopado, como pruebas r\u00e1pidas de ant\u00edgenos (COVID) y de ETS (enfermedades de transmisi\u00f3n sexual), inyecciones, administraci\u00f3n de una amplia gama de vacunas, especialmente las necesarias para viajes internacionales (este servicio est\u00e1 sujeto a la disponibilidad de vacunas), ap\u00f3sitos, vendajes y suturas. Colaboramos con las principales compa\u00f1\u00edas de seguros, como GEOBLUE, CISI, CHUBB, etc.<\/p>\n<p>Con nosotros, puede reservar consultas para certificados m\u00e9dicos deportivos no competitivos, incluyendo un electrocardiograma en reposo (citas disponibles en Novoli, Florencia Sur, Campo di Marte y en el Centro Hist\u00f3rico), certificados de baja m\u00e9dica y certificados anamn\u00e9sicos.<\/p>\n<p>Atenci\u00f3n: Para garantizar el mejor servicio posible, colaboramos con terceros para algunos servicios espec\u00edficos.<\/p>\n\t\t\t\t\t\t\t\t<\/div>\n\t\t\t\t<\/div>\n\t\t\t\t\t<\/div>\n\t\t\t\t<\/div>\n\t\t\t\t<\/div>\n\t\t","protected":false},"excerpt":{"rendered":"<p>Todos los servicios de salud que te puedan ser necesarios Podemos organizar, con la mayor brevedad posible, diversos servicios a domicilio para estudiantes y turistas internacionales en Florencia, como radiograf\u00edas, ecograf\u00edas, an\u00e1lisis de sangre, asistencia de enfermer\u00eda incluso nocturna, reserva de ambulancias y taxis m\u00e9dicos. Realizamos diversos tipos de pruebas de hisopado, como pruebas r\u00e1pidas&#8230;<\/p>\n","protected":false},"author":1,"featured_media":575,"parent":0,"menu_order":7,"comment_status":"closed","ping_status":"closed","template":"","meta":{"_acf_changed":false,"footnotes":""},"categories":[],"tags":[43],"class_list":["post-831","page","type-page","status-publish","has-post-thumbnail","hentry","tag-fixed-nav-es"],"acf":[],"yoast_head":"<!-- This site is optimized with the Yoast SEO plugin v27.4 - https:\/\/yoast.com\/product\/yoast-seo-wordpress\/ -->\n<title>Servicios m\u00e9dicos para estudiantes internacionales en Florencia | DoctorFlorenceh24<\/title>\n<meta name=\"description\" content=\"Aqu\u00ed te encuentras con todas las opciones de servicios m\u00e9dicos para estudiantes internacionales en Florencia, disponibles en el menor tiempo posible, 24\/7.\" \/>\n<meta name=\"robots\" content=\"index, follow, max-snippet:-1, max-image-preview:large, max-video-preview:-1\" \/>\n<link rel=\"canonical\" href=\"https:\/\/doctorflorenceh24.it\/es\/servicios-medicos\/\" \/>\n<meta property=\"og:locale\" content=\"es_ES\" \/>\n<meta property=\"og:type\" content=\"article\" \/>\n<meta property=\"og:title\" content=\"Servicios m\u00e9dicos para estudiantes internacionales en Florencia | DoctorFlorenceh24\" \/>\n<meta property=\"og:description\" content=\"Aqu\u00ed te encuentras con todas las opciones de servicios m\u00e9dicos para estudiantes internacionales en Florencia, disponibles en el menor tiempo posible, 24\/7.\" \/>\n<meta property=\"og:url\" content=\"https:\/\/doctorflorenceh24.it\/es\/servicios-medicos\/\" \/>\n<meta property=\"og:site_name\" content=\"DoctorFlorenceh24\" \/>\n<meta property=\"article:publisher\" content=\"https:\/\/www.facebook.com\/doctortohome\" \/>\n<meta property=\"article:modified_time\" content=\"2026-01-24T15:31:19+00:00\" \/>\n<meta property=\"og:image\" content=\"https:\/\/doctorflorenceh24.it\/wp-content\/uploads\/shutterstock_133503068.jpg\" \/>\n\t<meta property=\"og:image:width\" content=\"1920\" \/>\n\t<meta property=\"og:image:height\" content=\"1280\" \/>\n\t<meta property=\"og:image:type\" content=\"image\/jpeg\" \/>\n<meta name=\"twitter:card\" content=\"summary_large_image\" \/>\n<meta name=\"twitter:label1\" content=\"Tiempo de lectura\" \/>\n\t<meta name=\"twitter:data1\" content=\"1 minuto\" \/>\n<script type=\"application\/ld+json\" class=\"yoast-schema-graph\">{\"@context\":\"https:\\\/\\\/schema.org\",\"@graph\":[{\"@type\":\"WebPage\",\"@id\":\"https:\\\/\\\/doctorflorenceh24.it\\\/es\\\/servicios-medicos\\\/\",\"url\":\"https:\\\/\\\/doctorflorenceh24.it\\\/es\\\/servicios-medicos\\\/\",\"name\":\"Servicios m\u00e9dicos para estudiantes internacionales en Florencia | DoctorFlorenceh24\",\"isPartOf\":{\"@id\":\"https:\\\/\\\/doctorflorenceh24.it\\\/es\\\/#website\"},\"primaryImageOfPage\":{\"@id\":\"https:\\\/\\\/doctorflorenceh24.it\\\/es\\\/servicios-medicos\\\/#primaryimage\"},\"image\":{\"@id\":\"https:\\\/\\\/doctorflorenceh24.it\\\/es\\\/servicios-medicos\\\/#primaryimage\"},\"thumbnailUrl\":\"https:\\\/\\\/doctorflorenceh24.it\\\/wp-content\\\/uploads\\\/shutterstock_133503068.jpg\",\"datePublished\":\"2024-03-12T10:01:22+00:00\",\"dateModified\":\"2026-01-24T15:31:19+00:00\",\"description\":\"Aqu\u00ed te encuentras con todas las opciones de servicios m\u00e9dicos para estudiantes internacionales en Florencia, disponibles en el menor tiempo posible, 24\\\/7.\",\"breadcrumb\":{\"@id\":\"https:\\\/\\\/doctorflorenceh24.it\\\/es\\\/servicios-medicos\\\/#breadcrumb\"},\"inLanguage\":\"es\",\"potentialAction\":[{\"@type\":\"ReadAction\",\"target\":[\"https:\\\/\\\/doctorflorenceh24.it\\\/es\\\/servicios-medicos\\\/\"]}]},{\"@type\":\"ImageObject\",\"inLanguage\":\"es\",\"@id\":\"https:\\\/\\\/doctorflorenceh24.it\\\/es\\\/servicios-medicos\\\/#primaryimage\",\"url\":\"https:\\\/\\\/doctorflorenceh24.it\\\/wp-content\\\/uploads\\\/shutterstock_133503068.jpg\",\"contentUrl\":\"https:\\\/\\\/doctorflorenceh24.it\\\/wp-content\\\/uploads\\\/shutterstock_133503068.jpg\",\"width\":1920,\"height\":1280},{\"@type\":\"BreadcrumbList\",\"@id\":\"https:\\\/\\\/doctorflorenceh24.it\\\/es\\\/servicios-medicos\\\/#breadcrumb\",\"itemListElement\":[{\"@type\":\"ListItem\",\"position\":1,\"name\":\"Home\",\"item\":\"https:\\\/\\\/doctorflorenceh24.it\\\/es\\\/\"},{\"@type\":\"ListItem\",\"position\":2,\"name\":\"Servicios m\u00e9dicos\"}]},{\"@type\":\"WebSite\",\"@id\":\"https:\\\/\\\/doctorflorenceh24.it\\\/es\\\/#website\",\"url\":\"https:\\\/\\\/doctorflorenceh24.it\\\/es\\\/\",\"name\":\"DoctorFlorenceh24\",\"description\":\"\",\"publisher\":{\"@id\":\"https:\\\/\\\/doctorflorenceh24.it\\\/es\\\/#organization\"},\"potentialAction\":[{\"@type\":\"SearchAction\",\"target\":{\"@type\":\"EntryPoint\",\"urlTemplate\":\"https:\\\/\\\/doctorflorenceh24.it\\\/es\\\/?s={search_term_string}\"},\"query-input\":{\"@type\":\"PropertyValueSpecification\",\"valueRequired\":true,\"valueName\":\"search_term_string\"}}],\"inLanguage\":\"es\"},{\"@type\":\"Organization\",\"@id\":\"https:\\\/\\\/doctorflorenceh24.it\\\/es\\\/#organization\",\"name\":\"DoctorFlorenceh24\",\"url\":\"https:\\\/\\\/doctorflorenceh24.it\\\/es\\\/\",\"logo\":{\"@type\":\"ImageObject\",\"inLanguage\":\"es\",\"@id\":\"https:\\\/\\\/doctorflorenceh24.it\\\/es\\\/#\\\/schema\\\/logo\\\/image\\\/\",\"url\":\"https:\\\/\\\/doctorflorenceh24.it\\\/wp-content\\\/uploads\\\/logo-web-drflorence-4.png\",\"contentUrl\":\"https:\\\/\\\/doctorflorenceh24.it\\\/wp-content\\\/uploads\\\/logo-web-drflorence-4.png\",\"width\":546,\"height\":451,\"caption\":\"DoctorFlorenceh24\"},\"image\":{\"@id\":\"https:\\\/\\\/doctorflorenceh24.it\\\/es\\\/#\\\/schema\\\/logo\\\/image\\\/\"},\"sameAs\":[\"https:\\\/\\\/www.facebook.com\\\/doctortohome\",\"https:\\\/\\\/www.instagram.com\\\/doctorflorenceh24\\\/\"]}]}<\/script>\n<!-- \/ Yoast SEO plugin. -->","yoast_head_json":{"title":"Servicios m\u00e9dicos para estudiantes internacionales en Florencia | DoctorFlorenceh24","description":"Aqu\u00ed te encuentras con todas las opciones de servicios m\u00e9dicos para estudiantes internacionales en Florencia, disponibles en el menor tiempo posible, 24\/7.","robots":{"index":"index","follow":"follow","max-snippet":"max-snippet:-1","max-image-preview":"max-image-preview:large","max-video-preview":"max-video-preview:-1"},"canonical":"https:\/\/doctorflorenceh24.it\/es\/servicios-medicos\/","og_locale":"es_ES","og_type":"article","og_title":"Servicios m\u00e9dicos para estudiantes internacionales en Florencia | DoctorFlorenceh24","og_description":"Aqu\u00ed te encuentras con todas las opciones de servicios m\u00e9dicos para estudiantes internacionales en Florencia, disponibles en el menor tiempo posible, 24\/7.","og_url":"https:\/\/doctorflorenceh24.it\/es\/servicios-medicos\/","og_site_name":"DoctorFlorenceh24","article_publisher":"https:\/\/www.facebook.com\/doctortohome","article_modified_time":"2026-01-24T15:31:19+00:00","og_image":[{"width":1920,"height":1280,"url":"https:\/\/doctorflorenceh24.it\/wp-content\/uploads\/shutterstock_133503068.jpg","type":"image\/jpeg"}],"twitter_card":"summary_large_image","twitter_misc":{"Tiempo de lectura":"1 minuto"},"schema":{"@context":"https:\/\/schema.org","@graph":[{"@type":"WebPage","@id":"https:\/\/doctorflorenceh24.it\/es\/servicios-medicos\/","url":"https:\/\/doctorflorenceh24.it\/es\/servicios-medicos\/","name":"Servicios m\u00e9dicos para estudiantes internacionales en Florencia | DoctorFlorenceh24","isPartOf":{"@id":"https:\/\/doctorflorenceh24.it\/es\/#website"},"primaryImageOfPage":{"@id":"https:\/\/doctorflorenceh24.it\/es\/servicios-medicos\/#primaryimage"},"image":{"@id":"https:\/\/doctorflorenceh24.it\/es\/servicios-medicos\/#primaryimage"},"thumbnailUrl":"https:\/\/doctorflorenceh24.it\/wp-content\/uploads\/shutterstock_133503068.jpg","datePublished":"2024-03-12T10:01:22+00:00","dateModified":"2026-01-24T15:31:19+00:00","description":"Aqu\u00ed te encuentras con todas las opciones de servicios m\u00e9dicos para estudiantes internacionales en Florencia, disponibles en el menor tiempo posible, 24\/7.","breadcrumb":{"@id":"https:\/\/doctorflorenceh24.it\/es\/servicios-medicos\/#breadcrumb"},"inLanguage":"es","potentialAction":[{"@type":"ReadAction","target":["https:\/\/doctorflorenceh24.it\/es\/servicios-medicos\/"]}]},{"@type":"ImageObject","inLanguage":"es","@id":"https:\/\/doctorflorenceh24.it\/es\/servicios-medicos\/#primaryimage","url":"https:\/\/doctorflorenceh24.it\/wp-content\/uploads\/shutterstock_133503068.jpg","contentUrl":"https:\/\/doctorflorenceh24.it\/wp-content\/uploads\/shutterstock_133503068.jpg","width":1920,"height":1280},{"@type":"BreadcrumbList","@id":"https:\/\/doctorflorenceh24.it\/es\/servicios-medicos\/#breadcrumb","itemListElement":[{"@type":"ListItem","position":1,"name":"Home","item":"https:\/\/doctorflorenceh24.it\/es\/"},{"@type":"ListItem","position":2,"name":"Servicios m\u00e9dicos"}]},{"@type":"WebSite","@id":"https:\/\/doctorflorenceh24.it\/es\/#website","url":"https:\/\/doctorflorenceh24.it\/es\/","name":"DoctorFlorenceh24","description":"","publisher":{"@id":"https:\/\/doctorflorenceh24.it\/es\/#organization"},"potentialAction":[{"@type":"SearchAction","target":{"@type":"EntryPoint","urlTemplate":"https:\/\/doctorflorenceh24.it\/es\/?s={search_term_string}"},"query-input":{"@type":"PropertyValueSpecification","valueRequired":true,"valueName":"search_term_string"}}],"inLanguage":"es"},{"@type":"Organization","@id":"https:\/\/doctorflorenceh24.it\/es\/#organization","name":"DoctorFlorenceh24","url":"https:\/\/doctorflorenceh24.it\/es\/","logo":{"@type":"ImageObject","inLanguage":"es","@id":"https:\/\/doctorflorenceh24.it\/es\/#\/schema\/logo\/image\/","url":"https:\/\/doctorflorenceh24.it\/wp-content\/uploads\/logo-web-drflorence-4.png","contentUrl":"https:\/\/doctorflorenceh24.it\/wp-content\/uploads\/logo-web-drflorence-4.png","width":546,"height":451,"caption":"DoctorFlorenceh24"},"image":{"@id":"https:\/\/doctorflorenceh24.it\/es\/#\/schema\/logo\/image\/"},"sameAs":["https:\/\/www.facebook.com\/doctortohome","https:\/\/www.instagram.com\/doctorflorenceh24\/"]}]}},"_links":{"self":[{"href":"https:\/\/doctorflorenceh24.it\/es\/wp-json\/wp\/v2\/pages\/831","targetHints":{"allow":["GET"]}}],"collection":[{"href":"https:\/\/doctorflorenceh24.it\/es\/wp-json\/wp\/v2\/pages"}],"about":[{"href":"https:\/\/doctorflorenceh24.it\/es\/wp-json\/wp\/v2\/types\/page"}],"author":[{"embeddable":true,"href":"https:\/\/doctorflorenceh24.it\/es\/wp-json\/wp\/v2\/users\/1"}],"replies":[{"embeddable":true,"href":"https:\/\/doctorflorenceh24.it\/es\/wp-json\/wp\/v2\/comments?post=831"}],"version-history":[{"count":2,"href":"https:\/\/doctorflorenceh24.it\/es\/wp-json\/wp\/v2\/pages\/831\/revisions"}],"predecessor-version":[{"id":1309,"href":"https:\/\/doctorflorenceh24.it\/es\/wp-json\/wp\/v2\/pages\/831\/revisions\/1309"}],"wp:featuredmedia":[{"embeddable":true,"href":"https:\/\/doctorflorenceh24.it\/es\/wp-json\/wp\/v2\/media\/575"}],"wp:attachment":[{"href":"https:\/\/doctorflorenceh24.it\/es\/wp-json\/wp\/v2\/media?parent=831"}],"wp:term":[{"taxonomy":"category","embeddable":true,"href":"https:\/\/doctorflorenceh24.it\/es\/wp-json\/wp\/v2\/categories?post=831"},{"taxonomy":"post_tag","embeddable":true,"href":"https:\/\/doctorflorenceh24.it\/es\/wp-json\/wp\/v2\/tags?post=831"}],"curies":[{"name":"wp","href":"https:\/\/api.w.org\/{rel}","templated":true}]}}