{"id":753,"date":"2023-12-05T20:12:59","date_gmt":"2023-12-05T20:12:59","guid":{"rendered":"http:\/\/doctorflorenceh24.it\/ueber-doctorflorenceh24\/"},"modified":"2024-06-06T13:37:05","modified_gmt":"2024-06-06T13:37:05","slug":"ueber-doctorflorenceh24","status":"publish","type":"page","link":"https:\/\/doctorflorenceh24.it\/de\/ueber-doctorflorenceh24\/","title":{"rendered":"\u00dcber Uns"},"content":{"rendered":"\t\t<div data-elementor-type=\"wp-page\" data-elementor-id=\"753\" class=\"elementor elementor-753 elementor-47\" data-elementor-post-type=\"page\">\n\t\t\t\t<div class=\"elementor-element elementor-element-2c2243dd e-con-full e-flex e-con e-parent\" data-id=\"2c2243dd\" data-element_type=\"container\" data-settings=\"{&quot;jet_parallax_layout_list&quot;:[]}\">\n\t\t\t\t<div class=\"elementor-element elementor-element-a1f52d1 elementor-invisible elementor-has-bg-overlay elementor-widget elementor-widget-global elementor-global-232 elementor-widget-heading\" data-id=\"a1f52d1\" data-element_type=\"widget\" data-settings=\"{&quot;_animation&quot;:&quot;fadeInDown&quot;}\" data-widget_type=\"heading.default\">\n\t\t\t\t<div class=\"elementor-widget-container\">\n\t\t\t\t\t<h1 class=\"elementor-heading-title elementor-size-default\">\u00dcber Uns<\/h1>\t\t\t\t<\/div>\n\t\t\t\t<\/div>\n\t\t\t\t<\/div>\n\t\t<div class=\"elementor-element elementor-element-7fd70878 e-flex e-con-boxed e-con e-parent\" data-id=\"7fd70878\" data-element_type=\"container\" data-settings=\"{&quot;jet_parallax_layout_list&quot;:[]}\">\n\t\t\t\t\t<div class=\"e-con-inner\">\n\t\t\t\t<div class=\"elementor-element elementor-element-7e2fa624 elementor-widget elementor-widget-text-editor\" data-id=\"7e2fa624\" data-element_type=\"widget\" data-widget_type=\"text-editor.default\">\n\t\t\t\t<div class=\"elementor-widget-container\">\n\t\t\t\t\t\t\t\t\t<h2 style=\"text-align: left;\">Ein Arzt zu Hause oder in der Klinik, immer verf\u00fcgbar und nur einen Klick entfernt!<\/h2><p style=\"text-align: left;\">DoctorFlorenceH24 ist der innovative medizinische Service, der das Leben erleichtert, wenn Sie ihn brauchen, 7 Tage die Woche, 24 Stunden am Tag. Unser Kontaktzentrum ist immer aktiv und arbeitet daran, schnelle L\u00f6sungen und angemessene medizinische Unterst\u00fctzung gem\u00e4\u00df Ihren Bed\u00fcrfnissen zu gew\u00e4hrleisten und alle Informationen bereitzustellen, die Sie ben\u00f6tigen.<\/p><h2 style=\"text-align: left;\">Das medizinische Zentrum steht Ihnen immer zur Verf\u00fcgung!<\/h2><p style=\"text-align: left;\">Unsere Klinik befindet sich im wundersch\u00f6nen historischen Zentrum von Florenz, an einem strategischen Ort, der leicht vom Bahnhof Santa Maria Novella aus erreichbar ist und gut mit \u00f6ffentlichen Verkehrsmitteln verbunden ist.<\/p><h2 style=\"text-align: left;\">Hausbesuche und Fernberatungen<\/h2><p style=\"text-align: left;\">Wir bieten auch einen Hausbesuchsservice in kurzer Zeit an, der die gesamte Stadt abdeckt, einschlie\u00dflich der Zonen mit beschr\u00e4nktem Verkehr (ZTL). Wir bem\u00fchen uns, den verschiedenen Bed\u00fcrfnissen unserer Patienten gerecht zu werden, indem wir auch die M\u00f6glichkeit von Fernberatungen anbieten.<\/p><h2 style=\"text-align: left;\">Alle medizinischen Dienstleistungen, die Sie ben\u00f6tigen k\u00f6nnten<\/h2><p style=\"text-align: left;\">Wir sind in der Lage, verschiedene Heimdienste wie R\u00f6ntgenaufnahmen, Ultraschalluntersuchungen, Bluttests, Pflegehilfe auch nachts, Buchung von Krankenwagen und medizinischen Taxis in k\u00fcrzester Zeit zu organisieren. Wir f\u00fchren verschiedene Arten von Abstrichtests wie Schnellantigentests (Covid) und STD (sexuell \u00fcbertragbare Krankheiten), Injektionen, Verabreichung einer breiten Palette von Impfstoffen, insbesondere solche, die f\u00fcr internationale Reisen erforderlich sind (dieser Service h\u00e4ngt von der Verf\u00fcgbarkeit der Impfstoffe ab), Verb\u00e4nde, Bandagen und N\u00e4hte durch. Wir arbeiten mit den gro\u00dfen Versicherungsgesellschaften zusammen, darunter GEOBLUE, CISI, CHUBB\u2026<\/p><p style=\"text-align: left;\">Bei uns k\u00f6nnen Sie Termine f\u00fcr nichtwettbewerbsf\u00e4hige sportmedizinische Zertifikate inklusive eines Ruhe-EKGs buchen (Termine sind in Novoli, S\u00fcdflorenz, Campo di Marte und im historischen Stadtzentrum verf\u00fcgbar), Krankmeldungszertifikate und Anamnesezertifikate.<\/p><h2 style=\"text-align: left;\">Mitarbeiter von DoctorFlorence24h<\/h2><p style=\"text-align: left;\">Unser gesamtes Personal ist darauf geschult, nicht nur italienischen Kunden, sondern auch ausl\u00e4ndischen Kunden Unterst\u00fctzung zu bieten; Unsere \u00c4rzte sprechen flie\u00dfend Englisch und Spanisch. Wir arbeiten mit einer Vielzahl von Fachleuten zusammen, die in der Lage sind, so schnell wie m\u00f6glich auf Ihre Anfragen nach Fachbesuchen zu reagieren, darunter Gyn\u00e4kologie, Endokrinologie, Orthop\u00e4die, Augenheilkunde, Hals-Nasen-Ohrenheilkunde, Kardiologie, Neurologie, Zahnmedizin, Psychologie, Ern\u00e4hrungsberatung, Physiotherapie und viele andere.<\/p>\t\t\t\t\t\t\t\t<\/div>\n\t\t\t\t<\/div>\n\t\t\t\t\t<\/div>\n\t\t\t\t<\/div>\n\t\t\t\t<\/div>\n\t\t","protected":false},"excerpt":{"rendered":"<p>Ein Arzt zu Hause oder in der Klinik, immer verf\u00fcgbar und nur einen Klick entfernt! DoctorFlorenceH24 ist der innovative medizinische Service, der das Leben erleichtert, wenn Sie ihn brauchen, 7 Tage die Woche, 24 Stunden am Tag. Unser Kontaktzentrum ist immer aktiv und arbeitet daran, schnelle L\u00f6sungen und angemessene medizinische Unterst\u00fctzung gem\u00e4\u00df Ihren Bed\u00fcrfnissen zu&#8230;<\/p>\n","protected":false},"author":1,"featured_media":578,"parent":0,"menu_order":56,"comment_status":"closed","ping_status":"closed","template":"","meta":{"_acf_changed":false,"footnotes":""},"categories":[],"tags":[39],"class_list":["post-753","page","type-page","status-publish","has-post-thumbnail","hentry","tag-fixed-nav-de"],"acf":[],"yoast_head":"<!-- This site is optimized with the Yoast SEO plugin v27.4 - https:\/\/yoast.com\/product\/yoast-seo-wordpress\/ -->\n<title>Medizinische Dienstleistungen in Florenz 7 Tage die Woche, 24 Stunden am Tag | DoctorFlorenceh24<\/title>\n<meta name=\"description\" content=\"DoctorFlorenceH24 ist der innovative medizinische Service, der das Leben erleichtert, wenn Sie ihn brauchen, 7 Tage die Woche, 24 Stunden am Tag.\" \/>\n<meta name=\"robots\" content=\"index, follow, max-snippet:-1, max-image-preview:large, max-video-preview:-1\" \/>\n<link rel=\"canonical\" href=\"https:\/\/doctorflorenceh24.it\/de\/ueber-doctorflorenceh24\/\" \/>\n<meta property=\"og:locale\" content=\"de_DE\" \/>\n<meta property=\"og:type\" content=\"article\" \/>\n<meta property=\"og:title\" content=\"Medizinische Dienstleistungen in Florenz 7 Tage die Woche, 24 Stunden am Tag | DoctorFlorenceh24\" \/>\n<meta property=\"og:description\" content=\"DoctorFlorenceH24 ist der innovative medizinische Service, der das Leben erleichtert, wenn Sie ihn brauchen, 7 Tage die Woche, 24 Stunden am Tag.\" \/>\n<meta property=\"og:url\" content=\"https:\/\/doctorflorenceh24.it\/de\/ueber-doctorflorenceh24\/\" \/>\n<meta property=\"og:site_name\" content=\"DoctorFlorenceh24\" \/>\n<meta property=\"article:publisher\" content=\"https:\/\/www.facebook.com\/doctortohome\" \/>\n<meta property=\"article:modified_time\" content=\"2024-06-06T13:37:05+00:00\" \/>\n<meta property=\"og:image\" content=\"https:\/\/doctorflorenceh24.it\/wp-content\/uploads\/shutterstock_1561815367.jpg\" \/>\n\t<meta property=\"og:image:width\" content=\"1920\" \/>\n\t<meta property=\"og:image:height\" content=\"1189\" \/>\n\t<meta property=\"og:image:type\" content=\"image\/jpeg\" \/>\n<meta name=\"twitter:card\" content=\"summary_large_image\" \/>\n<meta name=\"twitter:label1\" content=\"Gesch\u00e4tzte Lesezeit\" \/>\n\t<meta name=\"twitter:data1\" content=\"2\u00a0Minuten\" \/>\n<script type=\"application\/ld+json\" class=\"yoast-schema-graph\">{\"@context\":\"https:\\\/\\\/schema.org\",\"@graph\":[{\"@type\":\"WebPage\",\"@id\":\"https:\\\/\\\/doctorflorenceh24.it\\\/de\\\/ueber-doctorflorenceh24\\\/\",\"url\":\"https:\\\/\\\/doctorflorenceh24.it\\\/de\\\/ueber-doctorflorenceh24\\\/\",\"name\":\"Medizinische Dienstleistungen in Florenz 7 Tage die Woche, 24 Stunden am Tag | DoctorFlorenceh24\",\"isPartOf\":{\"@id\":\"https:\\\/\\\/doctorflorenceh24.it\\\/de\\\/#website\"},\"primaryImageOfPage\":{\"@id\":\"https:\\\/\\\/doctorflorenceh24.it\\\/de\\\/ueber-doctorflorenceh24\\\/#primaryimage\"},\"image\":{\"@id\":\"https:\\\/\\\/doctorflorenceh24.it\\\/de\\\/ueber-doctorflorenceh24\\\/#primaryimage\"},\"thumbnailUrl\":\"https:\\\/\\\/doctorflorenceh24.it\\\/wp-content\\\/uploads\\\/shutterstock_1561815367.jpg\",\"datePublished\":\"2023-12-05T20:12:59+00:00\",\"dateModified\":\"2024-06-06T13:37:05+00:00\",\"description\":\"DoctorFlorenceH24 ist der innovative medizinische Service, der das Leben erleichtert, wenn Sie ihn brauchen, 7 Tage die Woche, 24 Stunden am Tag.\",\"breadcrumb\":{\"@id\":\"https:\\\/\\\/doctorflorenceh24.it\\\/de\\\/ueber-doctorflorenceh24\\\/#breadcrumb\"},\"inLanguage\":\"de\",\"potentialAction\":[{\"@type\":\"ReadAction\",\"target\":[\"https:\\\/\\\/doctorflorenceh24.it\\\/de\\\/ueber-doctorflorenceh24\\\/\"]}]},{\"@type\":\"ImageObject\",\"inLanguage\":\"de\",\"@id\":\"https:\\\/\\\/doctorflorenceh24.it\\\/de\\\/ueber-doctorflorenceh24\\\/#primaryimage\",\"url\":\"https:\\\/\\\/doctorflorenceh24.it\\\/wp-content\\\/uploads\\\/shutterstock_1561815367.jpg\",\"contentUrl\":\"https:\\\/\\\/doctorflorenceh24.it\\\/wp-content\\\/uploads\\\/shutterstock_1561815367.jpg\",\"width\":1920,\"height\":1189},{\"@type\":\"BreadcrumbList\",\"@id\":\"https:\\\/\\\/doctorflorenceh24.it\\\/de\\\/ueber-doctorflorenceh24\\\/#breadcrumb\",\"itemListElement\":[{\"@type\":\"ListItem\",\"position\":1,\"name\":\"Home\",\"item\":\"https:\\\/\\\/doctorflorenceh24.it\\\/de\\\/\"},{\"@type\":\"ListItem\",\"position\":2,\"name\":\"\u00dcber Uns\"}]},{\"@type\":\"WebSite\",\"@id\":\"https:\\\/\\\/doctorflorenceh24.it\\\/de\\\/#website\",\"url\":\"https:\\\/\\\/doctorflorenceh24.it\\\/de\\\/\",\"name\":\"DoctorFlorenceh24\",\"description\":\"\",\"publisher\":{\"@id\":\"https:\\\/\\\/doctorflorenceh24.it\\\/de\\\/#organization\"},\"potentialAction\":[{\"@type\":\"SearchAction\",\"target\":{\"@type\":\"EntryPoint\",\"urlTemplate\":\"https:\\\/\\\/doctorflorenceh24.it\\\/de\\\/?s={search_term_string}\"},\"query-input\":{\"@type\":\"PropertyValueSpecification\",\"valueRequired\":true,\"valueName\":\"search_term_string\"}}],\"inLanguage\":\"de\"},{\"@type\":\"Organization\",\"@id\":\"https:\\\/\\\/doctorflorenceh24.it\\\/de\\\/#organization\",\"name\":\"DoctorFlorenceh24\",\"url\":\"https:\\\/\\\/doctorflorenceh24.it\\\/de\\\/\",\"logo\":{\"@type\":\"ImageObject\",\"inLanguage\":\"de\",\"@id\":\"https:\\\/\\\/doctorflorenceh24.it\\\/de\\\/#\\\/schema\\\/logo\\\/image\\\/\",\"url\":\"https:\\\/\\\/doctorflorenceh24.it\\\/wp-content\\\/uploads\\\/logo-web-drflorence-4.png\",\"contentUrl\":\"https:\\\/\\\/doctorflorenceh24.it\\\/wp-content\\\/uploads\\\/logo-web-drflorence-4.png\",\"width\":546,\"height\":451,\"caption\":\"DoctorFlorenceh24\"},\"image\":{\"@id\":\"https:\\\/\\\/doctorflorenceh24.it\\\/de\\\/#\\\/schema\\\/logo\\\/image\\\/\"},\"sameAs\":[\"https:\\\/\\\/www.facebook.com\\\/doctortohome\",\"https:\\\/\\\/www.instagram.com\\\/doctorflorenceh24\\\/\"]}]}<\/script>\n<!-- \/ Yoast SEO plugin. -->","yoast_head_json":{"title":"Medizinische Dienstleistungen in Florenz 7 Tage die Woche, 24 Stunden am Tag | DoctorFlorenceh24","description":"DoctorFlorenceH24 ist der innovative medizinische Service, der das Leben erleichtert, wenn Sie ihn brauchen, 7 Tage die Woche, 24 Stunden am Tag.","robots":{"index":"index","follow":"follow","max-snippet":"max-snippet:-1","max-image-preview":"max-image-preview:large","max-video-preview":"max-video-preview:-1"},"canonical":"https:\/\/doctorflorenceh24.it\/de\/ueber-doctorflorenceh24\/","og_locale":"de_DE","og_type":"article","og_title":"Medizinische Dienstleistungen in Florenz 7 Tage die Woche, 24 Stunden am Tag | DoctorFlorenceh24","og_description":"DoctorFlorenceH24 ist der innovative medizinische Service, der das Leben erleichtert, wenn Sie ihn brauchen, 7 Tage die Woche, 24 Stunden am Tag.","og_url":"https:\/\/doctorflorenceh24.it\/de\/ueber-doctorflorenceh24\/","og_site_name":"DoctorFlorenceh24","article_publisher":"https:\/\/www.facebook.com\/doctortohome","article_modified_time":"2024-06-06T13:37:05+00:00","og_image":[{"width":1920,"height":1189,"url":"https:\/\/doctorflorenceh24.it\/wp-content\/uploads\/shutterstock_1561815367.jpg","type":"image\/jpeg"}],"twitter_card":"summary_large_image","twitter_misc":{"Gesch\u00e4tzte Lesezeit":"2\u00a0Minuten"},"schema":{"@context":"https:\/\/schema.org","@graph":[{"@type":"WebPage","@id":"https:\/\/doctorflorenceh24.it\/de\/ueber-doctorflorenceh24\/","url":"https:\/\/doctorflorenceh24.it\/de\/ueber-doctorflorenceh24\/","name":"Medizinische Dienstleistungen in Florenz 7 Tage die Woche, 24 Stunden am Tag | DoctorFlorenceh24","isPartOf":{"@id":"https:\/\/doctorflorenceh24.it\/de\/#website"},"primaryImageOfPage":{"@id":"https:\/\/doctorflorenceh24.it\/de\/ueber-doctorflorenceh24\/#primaryimage"},"image":{"@id":"https:\/\/doctorflorenceh24.it\/de\/ueber-doctorflorenceh24\/#primaryimage"},"thumbnailUrl":"https:\/\/doctorflorenceh24.it\/wp-content\/uploads\/shutterstock_1561815367.jpg","datePublished":"2023-12-05T20:12:59+00:00","dateModified":"2024-06-06T13:37:05+00:00","description":"DoctorFlorenceH24 ist der innovative medizinische Service, der das Leben erleichtert, wenn Sie ihn brauchen, 7 Tage die Woche, 24 Stunden am Tag.","breadcrumb":{"@id":"https:\/\/doctorflorenceh24.it\/de\/ueber-doctorflorenceh24\/#breadcrumb"},"inLanguage":"de","potentialAction":[{"@type":"ReadAction","target":["https:\/\/doctorflorenceh24.it\/de\/ueber-doctorflorenceh24\/"]}]},{"@type":"ImageObject","inLanguage":"de","@id":"https:\/\/doctorflorenceh24.it\/de\/ueber-doctorflorenceh24\/#primaryimage","url":"https:\/\/doctorflorenceh24.it\/wp-content\/uploads\/shutterstock_1561815367.jpg","contentUrl":"https:\/\/doctorflorenceh24.it\/wp-content\/uploads\/shutterstock_1561815367.jpg","width":1920,"height":1189},{"@type":"BreadcrumbList","@id":"https:\/\/doctorflorenceh24.it\/de\/ueber-doctorflorenceh24\/#breadcrumb","itemListElement":[{"@type":"ListItem","position":1,"name":"Home","item":"https:\/\/doctorflorenceh24.it\/de\/"},{"@type":"ListItem","position":2,"name":"\u00dcber Uns"}]},{"@type":"WebSite","@id":"https:\/\/doctorflorenceh24.it\/de\/#website","url":"https:\/\/doctorflorenceh24.it\/de\/","name":"DoctorFlorenceh24","description":"","publisher":{"@id":"https:\/\/doctorflorenceh24.it\/de\/#organization"},"potentialAction":[{"@type":"SearchAction","target":{"@type":"EntryPoint","urlTemplate":"https:\/\/doctorflorenceh24.it\/de\/?s={search_term_string}"},"query-input":{"@type":"PropertyValueSpecification","valueRequired":true,"valueName":"search_term_string"}}],"inLanguage":"de"},{"@type":"Organization","@id":"https:\/\/doctorflorenceh24.it\/de\/#organization","name":"DoctorFlorenceh24","url":"https:\/\/doctorflorenceh24.it\/de\/","logo":{"@type":"ImageObject","inLanguage":"de","@id":"https:\/\/doctorflorenceh24.it\/de\/#\/schema\/logo\/image\/","url":"https:\/\/doctorflorenceh24.it\/wp-content\/uploads\/logo-web-drflorence-4.png","contentUrl":"https:\/\/doctorflorenceh24.it\/wp-content\/uploads\/logo-web-drflorence-4.png","width":546,"height":451,"caption":"DoctorFlorenceh24"},"image":{"@id":"https:\/\/doctorflorenceh24.it\/de\/#\/schema\/logo\/image\/"},"sameAs":["https:\/\/www.facebook.com\/doctortohome","https:\/\/www.instagram.com\/doctorflorenceh24\/"]}]}},"_links":{"self":[{"href":"https:\/\/doctorflorenceh24.it\/de\/wp-json\/wp\/v2\/pages\/753","targetHints":{"allow":["GET"]}}],"collection":[{"href":"https:\/\/doctorflorenceh24.it\/de\/wp-json\/wp\/v2\/pages"}],"about":[{"href":"https:\/\/doctorflorenceh24.it\/de\/wp-json\/wp\/v2\/types\/page"}],"author":[{"embeddable":true,"href":"https:\/\/doctorflorenceh24.it\/de\/wp-json\/wp\/v2\/users\/1"}],"replies":[{"embeddable":true,"href":"https:\/\/doctorflorenceh24.it\/de\/wp-json\/wp\/v2\/comments?post=753"}],"version-history":[{"count":0,"href":"https:\/\/doctorflorenceh24.it\/de\/wp-json\/wp\/v2\/pages\/753\/revisions"}],"wp:featuredmedia":[{"embeddable":true,"href":"https:\/\/doctorflorenceh24.it\/de\/wp-json\/wp\/v2\/media\/578"}],"wp:attachment":[{"href":"https:\/\/doctorflorenceh24.it\/de\/wp-json\/wp\/v2\/media?parent=753"}],"wp:term":[{"taxonomy":"category","embeddable":true,"href":"https:\/\/doctorflorenceh24.it\/de\/wp-json\/wp\/v2\/categories?post=753"},{"taxonomy":"post_tag","embeddable":true,"href":"https:\/\/doctorflorenceh24.it\/de\/wp-json\/wp\/v2\/tags?post=753"}],"curies":[{"name":"wp","href":"https:\/\/api.w.org\/{rel}","templated":true}]}}