{"id":751,"date":"2024-03-12T10:16:50","date_gmt":"2024-03-12T09:16:50","guid":{"rendered":"http:\/\/doctorflorenceh24.it\/privacy-policy\/"},"modified":"2026-02-26T11:57:17","modified_gmt":"2026-02-26T10:57:17","slug":"privacy-policy","status":"publish","type":"page","link":"https:\/\/doctorflorenceh24.it\/de\/privacy-policy\/","title":{"rendered":"Privacy Policy"},"content":{"rendered":"\t\t<div data-elementor-type=\"wp-page\" data-elementor-id=\"751\" class=\"elementor elementor-751 elementor-398\" data-elementor-post-type=\"page\">\n\t\t\t\t<div class=\"elementor-element elementor-element-2c2243dd e-con-full e-flex e-con e-parent\" data-id=\"2c2243dd\" data-element_type=\"container\" data-settings=\"{&quot;jet_parallax_layout_list&quot;:[]}\">\n\t\t\t\t<div class=\"elementor-element elementor-element-a1f52d1 elementor-invisible elementor-has-bg-overlay elementor-widget elementor-widget-global elementor-global-232 elementor-widget-heading\" data-id=\"a1f52d1\" data-element_type=\"widget\" data-settings=\"{&quot;_animation&quot;:&quot;fadeInDown&quot;}\" data-widget_type=\"heading.default\">\n\t\t\t\t<div class=\"elementor-widget-container\">\n\t\t\t\t\t<h1 class=\"elementor-heading-title elementor-size-default\">Privacy Policy<\/h1>\t\t\t\t<\/div>\n\t\t\t\t<\/div>\n\t\t\t\t<\/div>\n\t\t<div class=\"elementor-element elementor-element-7fd70878 e-flex e-con-boxed e-con e-parent\" data-id=\"7fd70878\" data-element_type=\"container\" data-settings=\"{&quot;jet_parallax_layout_list&quot;:[]}\">\n\t\t\t\t\t<div class=\"e-con-inner\">\n\t\t\t\t<div class=\"elementor-element elementor-element-7e2fa624 elementor-widget elementor-widget-text-editor\" data-id=\"7e2fa624\" data-element_type=\"widget\" data-widget_type=\"text-editor.default\">\n\t\t\t\t<div class=\"elementor-widget-container\">\n\t\t\t\t\t\t\t\t\t<p data-start=\"2665\" data-end=\"3049\"><strong data-start=\"2665\" data-end=\"2725\">Hinweis zur Verarbeitung personenbezogener Daten (DSGVO)<\/strong><br data-start=\"2725\" data-end=\"2728\" \/>Doctor Florence H24 S.r.l., als Verantwortlicher f\u00fcr die Datenverarbeitung, teilt mit, dass die neue Datenschutzinformation gem\u00e4\u00df den Artikeln 13\u201314 der Verordnung (EU) 2016\/679 verf\u00fcgbar ist.<br data-start=\"2920\" data-end=\"2923\" \/>Zur Gew\u00e4hrleistung der \u00dcbereinstimmung mit dem genehmigten Dokument wird der vollst\u00e4ndige Text im PDF-Format bereitgestellt.<\/p>\n<p data-start=\"3051\" data-end=\"3201\">\ud83d\udcc4 <strong data-start=\"3054\" data-end=\"3123\">Datenschutzerkl\u00e4rung und Einwilligung \u2013 Doctor Florence H24 (PDF)<\/strong><br data-start=\"3123\" data-end=\"3126\" \/>Hier klicken, um anzusehen: <a href=\"https:\/\/doctorflorenceh24.it\/wp-content\/uploads\/informativa-e-consenso-doctorflorenceh24-2026-compressed.pdf\">Informativa-e-Consenso-Doctorflorenceh24-2026-compressed<\/a><\/p>\n<p data-start=\"602\" data-end=\"866\"><strong data-start=\"602\" data-end=\"618\">Last update:<\/strong> Februar 2026<br data-start=\"631\" data-end=\"634\" \/><strong data-start=\"634\" data-end=\"670\">Data Controller contact details:<\/strong> Doctor Florence H24 S.r.l. \u2013 Piazza della Stazione, 1 \u2013 50123 Florence (FI) \u2013 <strong data-start=\"754\" data-end=\"783\"><a class=\"decorated-link cursor-pointer\" rel=\"noopener\" data-start=\"756\" data-end=\"781\">info@doctorflorenceh24.it<\/a><\/strong><br data-start=\"783\" data-end=\"786\" \/>For information regarding cookies, please refer to the <strong data-start=\"841\" data-end=\"865\">Cookie Policy banner<\/strong>.<br data-start=\"3242\" data-end=\"3245\" \/><strong data-start=\"3245\" data-end=\"3283\">Kontaktdaten des Verantwortlichen:<\/strong> Doctor Florence H24 S.r.l. \u2013 Piazza dell\u2019Unit\u00e0 Italiana, 7 \u2013 50123 Florenz (FI) \u2013 <strong data-start=\"3366\" data-end=\"3395\"><a class=\"decorated-link cursor-pointer\" rel=\"noopener\" data-start=\"3368\" data-end=\"3393\">info@doctorflorenceh24.it<\/a><\/strong><\/p>\n\t\t\t\t\t\t\t\t<\/div>\n\t\t\t\t<\/div>\n\t\t\t\t\t<\/div>\n\t\t\t\t<\/div>\n\t\t\t\t<\/div>\n\t\t","protected":false},"excerpt":{"rendered":"<p>Hinweis zur Verarbeitung personenbezogener Daten (DSGVO)Doctor Florence H24 S.r.l., als Verantwortlicher f\u00fcr die Datenverarbeitung, teilt mit, dass die neue Datenschutzinformation gem\u00e4\u00df den Artikeln 13\u201314 der Verordnung (EU) 2016\/679 verf\u00fcgbar ist.Zur Gew\u00e4hrleistung der \u00dcbereinstimmung mit dem genehmigten Dokument wird der vollst\u00e4ndige Text im PDF-Format bereitgestellt. \ud83d\udcc4 Datenschutzerkl\u00e4rung und Einwilligung \u2013 Doctor Florence H24 (PDF)Hier klicken, um&#8230;<\/p>\n","protected":false},"author":1,"featured_media":186,"parent":0,"menu_order":53,"comment_status":"closed","ping_status":"closed","template":"","meta":{"_acf_changed":false,"footnotes":""},"categories":[],"tags":[39],"class_list":["post-751","page","type-page","status-publish","has-post-thumbnail","hentry","tag-fixed-nav-de"],"acf":[],"yoast_head":"<!-- This site is optimized with the Yoast SEO plugin v27.4 - https:\/\/yoast.com\/product\/yoast-seo-wordpress\/ -->\n<title>Privacy Policy | DoctorFlorenceh24<\/title>\n<meta name=\"robots\" content=\"index, follow, max-snippet:-1, max-image-preview:large, max-video-preview:-1\" \/>\n<link rel=\"canonical\" href=\"https:\/\/doctorflorenceh24.it\/de\/privacy-policy\/\" \/>\n<meta property=\"og:locale\" content=\"de_DE\" \/>\n<meta property=\"og:type\" content=\"article\" \/>\n<meta property=\"og:title\" content=\"Privacy Policy | DoctorFlorenceh24\" \/>\n<meta property=\"og:description\" content=\"Hinweis zur Verarbeitung personenbezogener Daten (DSGVO)Doctor Florence H24 S.r.l., als Verantwortlicher f\u00fcr die Datenverarbeitung, teilt mit, dass die neue Datenschutzinformation gem\u00e4\u00df den Artikeln 13\u201314 der Verordnung (EU) 2016\/679 verf\u00fcgbar ist.Zur Gew\u00e4hrleistung der \u00dcbereinstimmung mit dem genehmigten Dokument wird der vollst\u00e4ndige Text im PDF-Format bereitgestellt. \ud83d\udcc4 Datenschutzerkl\u00e4rung und Einwilligung \u2013 Doctor Florence H24 (PDF)Hier klicken, um...\" \/>\n<meta property=\"og:url\" content=\"https:\/\/doctorflorenceh24.it\/de\/privacy-policy\/\" \/>\n<meta property=\"og:site_name\" content=\"DoctorFlorenceh24\" \/>\n<meta property=\"article:publisher\" content=\"https:\/\/www.facebook.com\/doctortohome\" \/>\n<meta property=\"article:modified_time\" content=\"2026-02-26T10:57:17+00:00\" \/>\n<meta property=\"og:image\" content=\"https:\/\/doctorflorenceh24.it\/wp-content\/uploads\/drflorence_logo_1.png\" \/>\n\t<meta property=\"og:image:width\" content=\"1350\" \/>\n\t<meta property=\"og:image:height\" content=\"568\" \/>\n\t<meta property=\"og:image:type\" content=\"image\/png\" \/>\n<meta name=\"twitter:card\" content=\"summary_large_image\" \/>\n<meta name=\"twitter:label1\" content=\"Gesch\u00e4tzte Lesezeit\" \/>\n\t<meta name=\"twitter:data1\" content=\"1\u00a0Minute\" \/>\n<script type=\"application\/ld+json\" class=\"yoast-schema-graph\">{\"@context\":\"https:\\\/\\\/schema.org\",\"@graph\":[{\"@type\":\"WebPage\",\"@id\":\"https:\\\/\\\/doctorflorenceh24.it\\\/de\\\/privacy-policy\\\/\",\"url\":\"https:\\\/\\\/doctorflorenceh24.it\\\/de\\\/privacy-policy\\\/\",\"name\":\"Privacy Policy | DoctorFlorenceh24\",\"isPartOf\":{\"@id\":\"https:\\\/\\\/doctorflorenceh24.it\\\/de\\\/#website\"},\"primaryImageOfPage\":{\"@id\":\"https:\\\/\\\/doctorflorenceh24.it\\\/de\\\/privacy-policy\\\/#primaryimage\"},\"image\":{\"@id\":\"https:\\\/\\\/doctorflorenceh24.it\\\/de\\\/privacy-policy\\\/#primaryimage\"},\"thumbnailUrl\":\"https:\\\/\\\/source.unsplash.com\\\/random\\\/2000x1000\\\/?wallpaper,page,751\",\"datePublished\":\"2024-03-12T09:16:50+00:00\",\"dateModified\":\"2026-02-26T10:57:17+00:00\",\"breadcrumb\":{\"@id\":\"https:\\\/\\\/doctorflorenceh24.it\\\/de\\\/privacy-policy\\\/#breadcrumb\"},\"inLanguage\":\"de\",\"potentialAction\":[{\"@type\":\"ReadAction\",\"target\":[\"https:\\\/\\\/doctorflorenceh24.it\\\/de\\\/privacy-policy\\\/\"]}]},{\"@type\":\"ImageObject\",\"inLanguage\":\"de\",\"@id\":\"https:\\\/\\\/doctorflorenceh24.it\\\/de\\\/privacy-policy\\\/#primaryimage\",\"url\":\"https:\\\/\\\/source.unsplash.com\\\/random\\\/2000x1000\\\/?wallpaper,page,751\",\"contentUrl\":\"https:\\\/\\\/source.unsplash.com\\\/random\\\/2000x1000\\\/?wallpaper,page,751\"},{\"@type\":\"BreadcrumbList\",\"@id\":\"https:\\\/\\\/doctorflorenceh24.it\\\/de\\\/privacy-policy\\\/#breadcrumb\",\"itemListElement\":[{\"@type\":\"ListItem\",\"position\":1,\"name\":\"Home\",\"item\":\"https:\\\/\\\/doctorflorenceh24.it\\\/de\\\/\"},{\"@type\":\"ListItem\",\"position\":2,\"name\":\"Privacy Policy\"}]},{\"@type\":\"WebSite\",\"@id\":\"https:\\\/\\\/doctorflorenceh24.it\\\/de\\\/#website\",\"url\":\"https:\\\/\\\/doctorflorenceh24.it\\\/de\\\/\",\"name\":\"DoctorFlorenceh24\",\"description\":\"\",\"publisher\":{\"@id\":\"https:\\\/\\\/doctorflorenceh24.it\\\/de\\\/#organization\"},\"potentialAction\":[{\"@type\":\"SearchAction\",\"target\":{\"@type\":\"EntryPoint\",\"urlTemplate\":\"https:\\\/\\\/doctorflorenceh24.it\\\/de\\\/?s={search_term_string}\"},\"query-input\":{\"@type\":\"PropertyValueSpecification\",\"valueRequired\":true,\"valueName\":\"search_term_string\"}}],\"inLanguage\":\"de\"},{\"@type\":\"Organization\",\"@id\":\"https:\\\/\\\/doctorflorenceh24.it\\\/de\\\/#organization\",\"name\":\"DoctorFlorenceh24\",\"url\":\"https:\\\/\\\/doctorflorenceh24.it\\\/de\\\/\",\"logo\":{\"@type\":\"ImageObject\",\"inLanguage\":\"de\",\"@id\":\"https:\\\/\\\/doctorflorenceh24.it\\\/de\\\/#\\\/schema\\\/logo\\\/image\\\/\",\"url\":\"https:\\\/\\\/doctorflorenceh24.it\\\/wp-content\\\/uploads\\\/logo-web-drflorence-4.png\",\"contentUrl\":\"https:\\\/\\\/doctorflorenceh24.it\\\/wp-content\\\/uploads\\\/logo-web-drflorence-4.png\",\"width\":546,\"height\":451,\"caption\":\"DoctorFlorenceh24\"},\"image\":{\"@id\":\"https:\\\/\\\/doctorflorenceh24.it\\\/de\\\/#\\\/schema\\\/logo\\\/image\\\/\"},\"sameAs\":[\"https:\\\/\\\/www.facebook.com\\\/doctortohome\",\"https:\\\/\\\/www.instagram.com\\\/doctorflorenceh24\\\/\"]}]}<\/script>\n<!-- \/ Yoast SEO plugin. -->","yoast_head_json":{"title":"Privacy Policy | DoctorFlorenceh24","robots":{"index":"index","follow":"follow","max-snippet":"max-snippet:-1","max-image-preview":"max-image-preview:large","max-video-preview":"max-video-preview:-1"},"canonical":"https:\/\/doctorflorenceh24.it\/de\/privacy-policy\/","og_locale":"de_DE","og_type":"article","og_title":"Privacy Policy | DoctorFlorenceh24","og_description":"Hinweis zur Verarbeitung personenbezogener Daten (DSGVO)Doctor Florence H24 S.r.l., als Verantwortlicher f\u00fcr die Datenverarbeitung, teilt mit, dass die neue Datenschutzinformation gem\u00e4\u00df den Artikeln 13\u201314 der Verordnung (EU) 2016\/679 verf\u00fcgbar ist.Zur Gew\u00e4hrleistung der \u00dcbereinstimmung mit dem genehmigten Dokument wird der vollst\u00e4ndige Text im PDF-Format bereitgestellt. \ud83d\udcc4 Datenschutzerkl\u00e4rung und Einwilligung \u2013 Doctor Florence H24 (PDF)Hier klicken, um...","og_url":"https:\/\/doctorflorenceh24.it\/de\/privacy-policy\/","og_site_name":"DoctorFlorenceh24","article_publisher":"https:\/\/www.facebook.com\/doctortohome","article_modified_time":"2026-02-26T10:57:17+00:00","og_image":[{"width":1350,"height":568,"url":"https:\/\/doctorflorenceh24.it\/wp-content\/uploads\/drflorence_logo_1.png","type":"image\/png"}],"twitter_card":"summary_large_image","twitter_misc":{"Gesch\u00e4tzte Lesezeit":"1\u00a0Minute"},"schema":{"@context":"https:\/\/schema.org","@graph":[{"@type":"WebPage","@id":"https:\/\/doctorflorenceh24.it\/de\/privacy-policy\/","url":"https:\/\/doctorflorenceh24.it\/de\/privacy-policy\/","name":"Privacy Policy | DoctorFlorenceh24","isPartOf":{"@id":"https:\/\/doctorflorenceh24.it\/de\/#website"},"primaryImageOfPage":{"@id":"https:\/\/doctorflorenceh24.it\/de\/privacy-policy\/#primaryimage"},"image":{"@id":"https:\/\/doctorflorenceh24.it\/de\/privacy-policy\/#primaryimage"},"thumbnailUrl":"https:\/\/source.unsplash.com\/random\/2000x1000\/?wallpaper,page,751","datePublished":"2024-03-12T09:16:50+00:00","dateModified":"2026-02-26T10:57:17+00:00","breadcrumb":{"@id":"https:\/\/doctorflorenceh24.it\/de\/privacy-policy\/#breadcrumb"},"inLanguage":"de","potentialAction":[{"@type":"ReadAction","target":["https:\/\/doctorflorenceh24.it\/de\/privacy-policy\/"]}]},{"@type":"ImageObject","inLanguage":"de","@id":"https:\/\/doctorflorenceh24.it\/de\/privacy-policy\/#primaryimage","url":"https:\/\/source.unsplash.com\/random\/2000x1000\/?wallpaper,page,751","contentUrl":"https:\/\/source.unsplash.com\/random\/2000x1000\/?wallpaper,page,751"},{"@type":"BreadcrumbList","@id":"https:\/\/doctorflorenceh24.it\/de\/privacy-policy\/#breadcrumb","itemListElement":[{"@type":"ListItem","position":1,"name":"Home","item":"https:\/\/doctorflorenceh24.it\/de\/"},{"@type":"ListItem","position":2,"name":"Privacy Policy"}]},{"@type":"WebSite","@id":"https:\/\/doctorflorenceh24.it\/de\/#website","url":"https:\/\/doctorflorenceh24.it\/de\/","name":"DoctorFlorenceh24","description":"","publisher":{"@id":"https:\/\/doctorflorenceh24.it\/de\/#organization"},"potentialAction":[{"@type":"SearchAction","target":{"@type":"EntryPoint","urlTemplate":"https:\/\/doctorflorenceh24.it\/de\/?s={search_term_string}"},"query-input":{"@type":"PropertyValueSpecification","valueRequired":true,"valueName":"search_term_string"}}],"inLanguage":"de"},{"@type":"Organization","@id":"https:\/\/doctorflorenceh24.it\/de\/#organization","name":"DoctorFlorenceh24","url":"https:\/\/doctorflorenceh24.it\/de\/","logo":{"@type":"ImageObject","inLanguage":"de","@id":"https:\/\/doctorflorenceh24.it\/de\/#\/schema\/logo\/image\/","url":"https:\/\/doctorflorenceh24.it\/wp-content\/uploads\/logo-web-drflorence-4.png","contentUrl":"https:\/\/doctorflorenceh24.it\/wp-content\/uploads\/logo-web-drflorence-4.png","width":546,"height":451,"caption":"DoctorFlorenceh24"},"image":{"@id":"https:\/\/doctorflorenceh24.it\/de\/#\/schema\/logo\/image\/"},"sameAs":["https:\/\/www.facebook.com\/doctortohome","https:\/\/www.instagram.com\/doctorflorenceh24\/"]}]}},"_links":{"self":[{"href":"https:\/\/doctorflorenceh24.it\/de\/wp-json\/wp\/v2\/pages\/751","targetHints":{"allow":["GET"]}}],"collection":[{"href":"https:\/\/doctorflorenceh24.it\/de\/wp-json\/wp\/v2\/pages"}],"about":[{"href":"https:\/\/doctorflorenceh24.it\/de\/wp-json\/wp\/v2\/types\/page"}],"author":[{"embeddable":true,"href":"https:\/\/doctorflorenceh24.it\/de\/wp-json\/wp\/v2\/users\/1"}],"replies":[{"embeddable":true,"href":"https:\/\/doctorflorenceh24.it\/de\/wp-json\/wp\/v2\/comments?post=751"}],"version-history":[{"count":4,"href":"https:\/\/doctorflorenceh24.it\/de\/wp-json\/wp\/v2\/pages\/751\/revisions"}],"predecessor-version":[{"id":1349,"href":"https:\/\/doctorflorenceh24.it\/de\/wp-json\/wp\/v2\/pages\/751\/revisions\/1349"}],"wp:featuredmedia":[{"embeddable":true,"href":"https:\/\/doctorflorenceh24.it\/de\/wp-json\/wp\/v2\/media\/186"}],"wp:attachment":[{"href":"https:\/\/doctorflorenceh24.it\/de\/wp-json\/wp\/v2\/media?parent=751"}],"wp:term":[{"taxonomy":"category","embeddable":true,"href":"https:\/\/doctorflorenceh24.it\/de\/wp-json\/wp\/v2\/categories?post=751"},{"taxonomy":"post_tag","embeddable":true,"href":"https:\/\/doctorflorenceh24.it\/de\/wp-json\/wp\/v2\/tags?post=751"}],"curies":[{"name":"wp","href":"https:\/\/api.w.org\/{rel}","templated":true}]}}