{"id":739,"date":"2024-04-29T10:02:38","date_gmt":"2024-04-29T10:02:38","guid":{"rendered":"http:\/\/doctorflorenceh24.it\/medizinische-dienstleistungen\/medizinisch-sportliche-zertifikate\/"},"modified":"2024-06-17T15:09:44","modified_gmt":"2024-06-17T15:09:44","slug":"medizinisch-sportliche-zertifikate","status":"publish","type":"page","link":"https:\/\/doctorflorenceh24.it\/de\/medizinisch-sportliche-zertifikate\/","title":{"rendered":"Medizinisch-sportliche Zertifikate"},"content":{"rendered":"\t\t<div data-elementor-type=\"wp-page\" data-elementor-id=\"739\" class=\"elementor elementor-739 elementor-453\" data-elementor-post-type=\"page\">\n\t\t\t\t<div class=\"elementor-element elementor-element-2c2243dd e-con-full e-flex e-con e-parent\" data-id=\"2c2243dd\" data-element_type=\"container\" data-settings=\"{&quot;jet_parallax_layout_list&quot;:[]}\">\n\t\t\t\t<div class=\"elementor-element elementor-element-a1f52d1 elementor-invisible elementor-has-bg-overlay elementor-widget elementor-widget-global elementor-global-232 elementor-widget-heading\" data-id=\"a1f52d1\" data-element_type=\"widget\" data-settings=\"{&quot;_animation&quot;:&quot;fadeInDown&quot;}\" data-widget_type=\"heading.default\">\n\t\t\t\t<div class=\"elementor-widget-container\">\n\t\t\t\t\t<h1 class=\"elementor-heading-title elementor-size-default\">Medizinisch-sportliche Zertifikate<\/h1>\t\t\t\t<\/div>\n\t\t\t\t<\/div>\n\t\t\t\t<\/div>\n\t\t<div class=\"elementor-element elementor-element-7fd70878 e-flex e-con-boxed e-con e-parent\" data-id=\"7fd70878\" data-element_type=\"container\" data-settings=\"{&quot;jet_parallax_layout_list&quot;:[]}\">\n\t\t\t\t\t<div class=\"e-con-inner\">\n\t\t\t\t<div class=\"elementor-element elementor-element-7e2fa624 elementor-widget elementor-widget-text-editor\" data-id=\"7e2fa624\" data-element_type=\"widget\" data-widget_type=\"text-editor.default\">\n\t\t\t\t<div class=\"elementor-widget-container\">\n\t\t\t\t\t\t\t\t\t<h2>Sport\u00e4rztliche Atteste<\/h2>\n<p>DoctorFlorenceH24 ist auch Ihre Anlaufstelle f\u00fcr sportmedizinische Anliegen.<\/p>\n<p>Das nicht-wettbewerbsorientierte sportmedizinische Attest, g\u00fcltig f\u00fcr ein Jahr, wird f\u00fcr Personen ben\u00f6tigt, die an nicht-wettbewerbsorientierten Sportaktivit\u00e4ten wie Fitnessstudio-Workouts, Schwimmen, Tanzschulen und allgemeinen Sportaktivit\u00e4ten teilnehmen.<\/p>\n<p>Um das Attest auszustellen, wird unser Arzt eine umfassende Untersuchung durchf\u00fchren, einschlie\u00dflich der Durchf\u00fchrung oder \u00dcberpr\u00fcfung (falls bereits vorhanden) eines Ruhe-Elektrokardiogramms (EKG).<\/p>\n<h2>Um den Zeitplan unserer Patienten zu ber\u00fccksichtigen, bieten wir Termine in verschiedenen Stadtteilen an:<\/h2>\n<ul>\n<li>Novoli: Via di Villa Demidoff 49<\/li>\n<li>S\u00fcdflorenz: Via Quintino Sella 62r<\/li>\n<li>Stadionbereich: Via Valcareggi 31<\/li>\n<li>T\u00e4gliche Termine von fr\u00fchmorgens bis sp\u00e4tnachmittags in unserem B\u00fcro im Stadtzentrum: PIAZZA DELL&#8217;UNIT\u00c0 ITALIANA 7.<\/li>\n<\/ul>\n<h2>Neben diesem Service bietet unser Personal auch:<\/h2>\n<ul>\n<li>Anamnestische Atteste, die f\u00fcr bestimmte Berufst\u00e4tigkeiten, die Verl\u00e4ngerung oder Ausstellung verschiedener Arten von F\u00fchrerscheinen oder Waffenbesitzkarten erforderlich sind.<\/li>\n<li>Arbeitsunf\u00e4higkeitsbescheinigungen f\u00fcr Personen, die ohne Zugang zu einem Hausarzt eine Dokumentation ihres Arbeitsunf\u00e4higkeitsstatus f\u00fcr Arbeits- oder Schulzwecke ben\u00f6tigen.<\/li>\n<\/ul>\n\t\t\t\t\t\t\t\t<\/div>\n\t\t\t\t<\/div>\n\t\t\t\t<div class=\"elementor-element elementor-element-6ee6efb elementor-widget elementor-widget-button\" data-id=\"6ee6efb\" data-element_type=\"widget\" data-widget_type=\"button.default\">\n\t\t\t\t<div class=\"elementor-widget-container\">\n\t\t\t\t\t\t\t\t\t<div class=\"elementor-button-wrapper\">\n\t\t\t\t\t<a class=\"elementor-button elementor-button-link elementor-size-sm\" href=\"tel:+390550107341\">\n\t\t\t\t\t\t<span class=\"elementor-button-content-wrapper\">\n\t\t\t\t\t\t\t\t\t<span class=\"elementor-button-text\">Rufen Sie uns an f\u00fcr mehr Informationen<\/span>\n\t\t\t\t\t<\/span>\n\t\t\t\t\t<\/a>\n\t\t\t\t<\/div>\n\t\t\t\t\t\t\t\t<\/div>\n\t\t\t\t<\/div>\n\t\t\t\t\t<\/div>\n\t\t\t\t<\/div>\n\t\t\t\t<\/div>\n\t\t","protected":false},"excerpt":{"rendered":"<p>DoctorFlorenceH24 auch f\u00fcr den Sport. Die Aus\u00fcbung von sportlichen Aktivit\u00e4ten auf nicht wettkampforientierter Ebene erfordert ein Zertifikat mit sportmedizinischer Betrachtung und die Durchf\u00fchrung oder Betrachtung des Ruhe-Elektrokardiogramms (EKG).<\/p>\n","protected":false},"author":1,"featured_media":540,"parent":0,"menu_order":22,"comment_status":"closed","ping_status":"closed","template":"","meta":{"_acf_changed":false,"footnotes":""},"categories":[],"tags":[40,39],"class_list":["post-739","page","type-page","status-publish","has-post-thumbnail","hentry","tag-medizinisch-sportliche-zertifikate","tag-fixed-nav-de"],"acf":[],"yoast_head":"<!-- This site is optimized with the Yoast SEO plugin v27.4 - https:\/\/yoast.com\/product\/yoast-seo-wordpress\/ -->\n<title>Medizinisch-sportliche Zertifikate in Florenz | DoctorFlorenceh24<\/title>\n<meta name=\"description\" content=\"F\u00fcr die Aus\u00fcbung von sportlichen Aktivit\u00e4ten auf nicht wettkampforientierter Ebene sind ein sportmedizinisches Gutachten und die Durchf\u00fchrung oder Betrachtung des Ruhe-Elektrokardiogramms (EKG) erforderlich.\" \/>\n<meta name=\"robots\" content=\"index, follow, max-snippet:-1, max-image-preview:large, max-video-preview:-1\" \/>\n<link rel=\"canonical\" href=\"https:\/\/doctorflorenceh24.it\/de\/medizinisch-sportliche-zertifikate\/\" \/>\n<meta property=\"og:locale\" content=\"de_DE\" \/>\n<meta property=\"og:type\" content=\"article\" \/>\n<meta property=\"og:title\" content=\"Medizinisch-sportliche Zertifikate in Florenz | DoctorFlorenceh24\" \/>\n<meta property=\"og:description\" content=\"F\u00fcr die Aus\u00fcbung von sportlichen Aktivit\u00e4ten auf nicht wettkampforientierter Ebene sind ein sportmedizinisches Gutachten und die Durchf\u00fchrung oder Betrachtung des Ruhe-Elektrokardiogramms (EKG) erforderlich.\" \/>\n<meta property=\"og:url\" content=\"https:\/\/doctorflorenceh24.it\/de\/medizinisch-sportliche-zertifikate\/\" \/>\n<meta property=\"og:site_name\" content=\"DoctorFlorenceh24\" \/>\n<meta property=\"article:publisher\" content=\"https:\/\/www.facebook.com\/doctortohome\" \/>\n<meta property=\"article:modified_time\" content=\"2024-06-17T15:09:44+00:00\" \/>\n<meta property=\"og:image\" content=\"https:\/\/doctorflorenceh24.it\/wp-content\/uploads\/shutterstock_618871682.jpg\" \/>\n\t<meta property=\"og:image:width\" content=\"1920\" \/>\n\t<meta property=\"og:image:height\" content=\"1280\" \/>\n\t<meta property=\"og:image:type\" content=\"image\/jpeg\" \/>\n<meta name=\"twitter:card\" content=\"summary_large_image\" \/>\n<meta name=\"twitter:label1\" content=\"Gesch\u00e4tzte Lesezeit\" \/>\n\t<meta name=\"twitter:data1\" content=\"1\u00a0Minute\" \/>\n<script type=\"application\/ld+json\" class=\"yoast-schema-graph\">{\"@context\":\"https:\\\/\\\/schema.org\",\"@graph\":[{\"@type\":\"WebPage\",\"@id\":\"https:\\\/\\\/doctorflorenceh24.it\\\/de\\\/medizinisch-sportliche-zertifikate\\\/\",\"url\":\"https:\\\/\\\/doctorflorenceh24.it\\\/de\\\/medizinisch-sportliche-zertifikate\\\/\",\"name\":\"Medizinisch-sportliche Zertifikate in Florenz | DoctorFlorenceh24\",\"isPartOf\":{\"@id\":\"https:\\\/\\\/doctorflorenceh24.it\\\/de\\\/#website\"},\"primaryImageOfPage\":{\"@id\":\"https:\\\/\\\/doctorflorenceh24.it\\\/de\\\/medizinisch-sportliche-zertifikate\\\/#primaryimage\"},\"image\":{\"@id\":\"https:\\\/\\\/doctorflorenceh24.it\\\/de\\\/medizinisch-sportliche-zertifikate\\\/#primaryimage\"},\"thumbnailUrl\":\"https:\\\/\\\/doctorflorenceh24.it\\\/wp-content\\\/uploads\\\/shutterstock_618871682.jpg\",\"datePublished\":\"2024-04-29T10:02:38+00:00\",\"dateModified\":\"2024-06-17T15:09:44+00:00\",\"description\":\"F\u00fcr die Aus\u00fcbung von sportlichen Aktivit\u00e4ten auf nicht wettkampforientierter Ebene sind ein sportmedizinisches Gutachten und die Durchf\u00fchrung oder Betrachtung des Ruhe-Elektrokardiogramms (EKG) erforderlich.\",\"breadcrumb\":{\"@id\":\"https:\\\/\\\/doctorflorenceh24.it\\\/de\\\/medizinisch-sportliche-zertifikate\\\/#breadcrumb\"},\"inLanguage\":\"de\",\"potentialAction\":[{\"@type\":\"ReadAction\",\"target\":[\"https:\\\/\\\/doctorflorenceh24.it\\\/de\\\/medizinisch-sportliche-zertifikate\\\/\"]}]},{\"@type\":\"ImageObject\",\"inLanguage\":\"de\",\"@id\":\"https:\\\/\\\/doctorflorenceh24.it\\\/de\\\/medizinisch-sportliche-zertifikate\\\/#primaryimage\",\"url\":\"https:\\\/\\\/doctorflorenceh24.it\\\/wp-content\\\/uploads\\\/shutterstock_618871682.jpg\",\"contentUrl\":\"https:\\\/\\\/doctorflorenceh24.it\\\/wp-content\\\/uploads\\\/shutterstock_618871682.jpg\",\"width\":1920,\"height\":1280,\"caption\":\"Medical-sports certificates\"},{\"@type\":\"BreadcrumbList\",\"@id\":\"https:\\\/\\\/doctorflorenceh24.it\\\/de\\\/medizinisch-sportliche-zertifikate\\\/#breadcrumb\",\"itemListElement\":[{\"@type\":\"ListItem\",\"position\":1,\"name\":\"Home\",\"item\":\"https:\\\/\\\/doctorflorenceh24.it\\\/de\\\/\"},{\"@type\":\"ListItem\",\"position\":2,\"name\":\"Medizinisch-sportliche Zertifikate\"}]},{\"@type\":\"WebSite\",\"@id\":\"https:\\\/\\\/doctorflorenceh24.it\\\/de\\\/#website\",\"url\":\"https:\\\/\\\/doctorflorenceh24.it\\\/de\\\/\",\"name\":\"DoctorFlorenceh24\",\"description\":\"\",\"publisher\":{\"@id\":\"https:\\\/\\\/doctorflorenceh24.it\\\/de\\\/#organization\"},\"potentialAction\":[{\"@type\":\"SearchAction\",\"target\":{\"@type\":\"EntryPoint\",\"urlTemplate\":\"https:\\\/\\\/doctorflorenceh24.it\\\/de\\\/?s={search_term_string}\"},\"query-input\":{\"@type\":\"PropertyValueSpecification\",\"valueRequired\":true,\"valueName\":\"search_term_string\"}}],\"inLanguage\":\"de\"},{\"@type\":\"Organization\",\"@id\":\"https:\\\/\\\/doctorflorenceh24.it\\\/de\\\/#organization\",\"name\":\"DoctorFlorenceh24\",\"url\":\"https:\\\/\\\/doctorflorenceh24.it\\\/de\\\/\",\"logo\":{\"@type\":\"ImageObject\",\"inLanguage\":\"de\",\"@id\":\"https:\\\/\\\/doctorflorenceh24.it\\\/de\\\/#\\\/schema\\\/logo\\\/image\\\/\",\"url\":\"https:\\\/\\\/doctorflorenceh24.it\\\/wp-content\\\/uploads\\\/logo-web-drflorence-4.png\",\"contentUrl\":\"https:\\\/\\\/doctorflorenceh24.it\\\/wp-content\\\/uploads\\\/logo-web-drflorence-4.png\",\"width\":546,\"height\":451,\"caption\":\"DoctorFlorenceh24\"},\"image\":{\"@id\":\"https:\\\/\\\/doctorflorenceh24.it\\\/de\\\/#\\\/schema\\\/logo\\\/image\\\/\"},\"sameAs\":[\"https:\\\/\\\/www.facebook.com\\\/doctortohome\",\"https:\\\/\\\/www.instagram.com\\\/doctorflorenceh24\\\/\"]}]}<\/script>\n<!-- \/ Yoast SEO plugin. -->","yoast_head_json":{"title":"Medizinisch-sportliche Zertifikate in Florenz | DoctorFlorenceh24","description":"F\u00fcr die Aus\u00fcbung von sportlichen Aktivit\u00e4ten auf nicht wettkampforientierter Ebene sind ein sportmedizinisches Gutachten und die Durchf\u00fchrung oder Betrachtung des Ruhe-Elektrokardiogramms (EKG) erforderlich.","robots":{"index":"index","follow":"follow","max-snippet":"max-snippet:-1","max-image-preview":"max-image-preview:large","max-video-preview":"max-video-preview:-1"},"canonical":"https:\/\/doctorflorenceh24.it\/de\/medizinisch-sportliche-zertifikate\/","og_locale":"de_DE","og_type":"article","og_title":"Medizinisch-sportliche Zertifikate in Florenz | DoctorFlorenceh24","og_description":"F\u00fcr die Aus\u00fcbung von sportlichen Aktivit\u00e4ten auf nicht wettkampforientierter Ebene sind ein sportmedizinisches Gutachten und die Durchf\u00fchrung oder Betrachtung des Ruhe-Elektrokardiogramms (EKG) erforderlich.","og_url":"https:\/\/doctorflorenceh24.it\/de\/medizinisch-sportliche-zertifikate\/","og_site_name":"DoctorFlorenceh24","article_publisher":"https:\/\/www.facebook.com\/doctortohome","article_modified_time":"2024-06-17T15:09:44+00:00","og_image":[{"width":1920,"height":1280,"url":"https:\/\/doctorflorenceh24.it\/wp-content\/uploads\/shutterstock_618871682.jpg","type":"image\/jpeg"}],"twitter_card":"summary_large_image","twitter_misc":{"Gesch\u00e4tzte Lesezeit":"1\u00a0Minute"},"schema":{"@context":"https:\/\/schema.org","@graph":[{"@type":"WebPage","@id":"https:\/\/doctorflorenceh24.it\/de\/medizinisch-sportliche-zertifikate\/","url":"https:\/\/doctorflorenceh24.it\/de\/medizinisch-sportliche-zertifikate\/","name":"Medizinisch-sportliche Zertifikate in Florenz | DoctorFlorenceh24","isPartOf":{"@id":"https:\/\/doctorflorenceh24.it\/de\/#website"},"primaryImageOfPage":{"@id":"https:\/\/doctorflorenceh24.it\/de\/medizinisch-sportliche-zertifikate\/#primaryimage"},"image":{"@id":"https:\/\/doctorflorenceh24.it\/de\/medizinisch-sportliche-zertifikate\/#primaryimage"},"thumbnailUrl":"https:\/\/doctorflorenceh24.it\/wp-content\/uploads\/shutterstock_618871682.jpg","datePublished":"2024-04-29T10:02:38+00:00","dateModified":"2024-06-17T15:09:44+00:00","description":"F\u00fcr die Aus\u00fcbung von sportlichen Aktivit\u00e4ten auf nicht wettkampforientierter Ebene sind ein sportmedizinisches Gutachten und die Durchf\u00fchrung oder Betrachtung des Ruhe-Elektrokardiogramms (EKG) erforderlich.","breadcrumb":{"@id":"https:\/\/doctorflorenceh24.it\/de\/medizinisch-sportliche-zertifikate\/#breadcrumb"},"inLanguage":"de","potentialAction":[{"@type":"ReadAction","target":["https:\/\/doctorflorenceh24.it\/de\/medizinisch-sportliche-zertifikate\/"]}]},{"@type":"ImageObject","inLanguage":"de","@id":"https:\/\/doctorflorenceh24.it\/de\/medizinisch-sportliche-zertifikate\/#primaryimage","url":"https:\/\/doctorflorenceh24.it\/wp-content\/uploads\/shutterstock_618871682.jpg","contentUrl":"https:\/\/doctorflorenceh24.it\/wp-content\/uploads\/shutterstock_618871682.jpg","width":1920,"height":1280,"caption":"Medical-sports certificates"},{"@type":"BreadcrumbList","@id":"https:\/\/doctorflorenceh24.it\/de\/medizinisch-sportliche-zertifikate\/#breadcrumb","itemListElement":[{"@type":"ListItem","position":1,"name":"Home","item":"https:\/\/doctorflorenceh24.it\/de\/"},{"@type":"ListItem","position":2,"name":"Medizinisch-sportliche Zertifikate"}]},{"@type":"WebSite","@id":"https:\/\/doctorflorenceh24.it\/de\/#website","url":"https:\/\/doctorflorenceh24.it\/de\/","name":"DoctorFlorenceh24","description":"","publisher":{"@id":"https:\/\/doctorflorenceh24.it\/de\/#organization"},"potentialAction":[{"@type":"SearchAction","target":{"@type":"EntryPoint","urlTemplate":"https:\/\/doctorflorenceh24.it\/de\/?s={search_term_string}"},"query-input":{"@type":"PropertyValueSpecification","valueRequired":true,"valueName":"search_term_string"}}],"inLanguage":"de"},{"@type":"Organization","@id":"https:\/\/doctorflorenceh24.it\/de\/#organization","name":"DoctorFlorenceh24","url":"https:\/\/doctorflorenceh24.it\/de\/","logo":{"@type":"ImageObject","inLanguage":"de","@id":"https:\/\/doctorflorenceh24.it\/de\/#\/schema\/logo\/image\/","url":"https:\/\/doctorflorenceh24.it\/wp-content\/uploads\/logo-web-drflorence-4.png","contentUrl":"https:\/\/doctorflorenceh24.it\/wp-content\/uploads\/logo-web-drflorence-4.png","width":546,"height":451,"caption":"DoctorFlorenceh24"},"image":{"@id":"https:\/\/doctorflorenceh24.it\/de\/#\/schema\/logo\/image\/"},"sameAs":["https:\/\/www.facebook.com\/doctortohome","https:\/\/www.instagram.com\/doctorflorenceh24\/"]}]}},"_links":{"self":[{"href":"https:\/\/doctorflorenceh24.it\/de\/wp-json\/wp\/v2\/pages\/739","targetHints":{"allow":["GET"]}}],"collection":[{"href":"https:\/\/doctorflorenceh24.it\/de\/wp-json\/wp\/v2\/pages"}],"about":[{"href":"https:\/\/doctorflorenceh24.it\/de\/wp-json\/wp\/v2\/types\/page"}],"author":[{"embeddable":true,"href":"https:\/\/doctorflorenceh24.it\/de\/wp-json\/wp\/v2\/users\/1"}],"replies":[{"embeddable":true,"href":"https:\/\/doctorflorenceh24.it\/de\/wp-json\/wp\/v2\/comments?post=739"}],"version-history":[{"count":0,"href":"https:\/\/doctorflorenceh24.it\/de\/wp-json\/wp\/v2\/pages\/739\/revisions"}],"wp:featuredmedia":[{"embeddable":true,"href":"https:\/\/doctorflorenceh24.it\/de\/wp-json\/wp\/v2\/media\/540"}],"wp:attachment":[{"href":"https:\/\/doctorflorenceh24.it\/de\/wp-json\/wp\/v2\/media?parent=739"}],"wp:term":[{"taxonomy":"category","embeddable":true,"href":"https:\/\/doctorflorenceh24.it\/de\/wp-json\/wp\/v2\/categories?post=739"},{"taxonomy":"post_tag","embeddable":true,"href":"https:\/\/doctorflorenceh24.it\/de\/wp-json\/wp\/v2\/tags?post=739"}],"curies":[{"name":"wp","href":"https:\/\/api.w.org\/{rel}","templated":true}]}}